{"id":817,"date":"2018-01-24T12:57:31","date_gmt":"2018-01-24T11:57:31","guid":{"rendered":"http:\/\/agora.xtec.cat\/sescollbato\/?page_id=817"},"modified":"2024-05-13T20:20:01","modified_gmt":"2024-05-13T18:20:01","slug":"composicio-junta","status":"publish","type":"page","link":"https:\/\/agora.xtec.cat\/sescollbato\/ampa\/composicio-junta\/","title":{"rendered":"Composici\u00f3 Junta"},"content":{"rendered":"<p><b>Composici\u00f3 Junta (curs 2023-2024):<\/b><\/p>\n<p><span lang=\"CA\">Aquest curs tenim una junta\u00a0<b>renovada i amplia.\u00a0<\/b>Hem iniciat amb empenta i for\u00e7a. Tenim ganes de treballar i vetllar, per tots aquells aspectes que facilitin una comunitat educativa entorn als nostres fills i filles, amb una comunicaci\u00f3 propera, enriquidora tant a fam\u00edlies com al centre, i ajudar en el que es pugui, a tenir un centre equipat i amb recursos. Aix\u00ed com cuidar la comunicaci\u00f3 amb la resta d&#8217;escoles, ampas, administracions i entitats properes.\u00a0<\/span><\/p>\n<p><span lang=\"CA\">Tot i que els c\u00e0rrecs oficials i registrats en aquest any, s\u00f3n 9, us volem animar a participar de les juntes, que, en aquesta mateixa p\u00e0gina, us anem informant dels temes a tractar. I si teniu m\u00e9s temes i\/o inquietuds, us animem tamb\u00e9 a fer-nos-les arribar.<\/span><\/p>\n<h4><span style=\"color: #333333;\"><b>Junta de l&#8217;AFA 2023-2024<\/b><\/span><\/h4>\n<div><\/div>\n<div><strong>Presidenta<\/strong>: Sonia Aliseda<\/div>\n<div><\/div>\n<div><strong>Secret\u00e0ria<\/strong>: Begonya Simal<\/div>\n<div><\/div>\n<div><strong>Tresorera:<\/strong> \u00c0ngel Pallar\u00e9s<\/div>\n<div><\/div>\n<div><strong>Representant consell escolar des de l&#8217;AFA:<\/strong> Sonia Aliseda<\/div>\n<div><\/div>\n<div><strong>Representant consell escolar municipal<\/strong>: Sonia Aliseda<\/div>\n<div><\/div>\n<div><strong>Enlla\u00e7 amb la aFFaC: <\/strong>Vicen\u00e7 Sorribes<\/div>\n<div><\/div>\n<div><strong>Encarregat de comunicaci\u00f3: <\/strong>Vicen\u00e7 Sorribes<\/div>\n<div><\/div>\n<div><strong>Encarregat Iddink:<\/strong> Georgina M\u00e9ndez<\/div>\n<div><\/div>\n<div><strong>Vocals:<\/strong> Electo Penalva, Gego Simal, Gustavo<\/div>\n<p>&nbsp;<\/p>\n<p><span lang=\"CA\">La nostre adre\u00e7a de correu \u00e9s:\u00a0<\/span><span lang=\"CA\"><a href=\"mailto:afa@inscollbato.cat\" target=\"_blank\" rel=\"noopener noreferrer\"><b><span style=\"color: #0000ff;\">afa@inscollbato.cat<\/span><\/b><\/a><\/span><\/p>\n<p><span lang=\"CA\">Qualsevol consulta, queixa, suggeriment, idea, etc., ens la podeu fer arribar a trav\u00e9s d\u2019aquest correu.<\/span><\/p>\n<p dir=\"ltr\">L\u2019AFA es finan\u00e7a b\u00e0sicament amb les quotes dels socis. \u00c9s una associaci\u00f3 sense \u00e0nim de lucre.<\/p>\n<p dir=\"ltr\">La quota de l\u2019AFA per aquest curs \u00e9s de 15\u20ac\/alumne. El pagament es pot fer mitjan\u00e7ant la comanda a IDDINK o fent un ingr\u00e9s a la cta. banc\u00e0ria de l\u2019AFA (Banc de Sabadell), indicant el nom de l&#8217;alumne, nivell\/grup:<\/p>\n<p dir=\"ltr\">n\u00ba cta.: 0081.0038.39.0001267728<\/p>\n<p dir=\"ltr\">IBAN \/ BIC: ES42 0081 0038 3900 0126 7728<\/p>\n","protected":false},"excerpt":{"rendered":"<p>Composici\u00f3 Junta (curs 2023-2024):<br \/>\nAquest curs tenim una junta\u00a0renovada i amplia.\u00a0Hem iniciat amb empenta i for\u00e7a. Tenim ganes de treballar i vetllar, per tots aquells aspectes que facilitin una comunitat educativa entorn als nostres fills i filles, amb una comunicaci\u00f3 propera, enriquidora tant a fam\u00edlies com&hellip;  <a href=\"https:\/\/agora.xtec.cat\/sescollbato\/ampa\/composicio-junta\/\" title=\"Read Composici\u00f3 Junta\">Llegeix m\u00e9s\u00bb<\/a><\/p>\n","protected":false},"author":1,"featured_media":0,"parent":3021,"menu_order":0,"comment_status":"closed","ping_status":"closed","template":"page-templates\/side-menu.php","meta":{"_bbp_topic_count":0,"_bbp_reply_count":0,"_bbp_total_topic_count":0,"_bbp_total_reply_count":0,"_bbp_voice_count":0,"_bbp_anonymous_reply_count":0,"_bbp_topic_count_hidden":0,"_bbp_reply_count_hidden":0,"_bbp_forum_subforum_count":0,"footnotes":""},"class_list":["post-817","page","type-page","status-publish","hentry"],"post_mailing_queue_ids":[],"_links":{"self":[{"href":"https:\/\/agora.xtec.cat\/sescollbato\/wp-json\/wp\/v2\/pages\/817","targetHints":{"allow":["GET"]}}],"collection":[{"href":"https:\/\/agora.xtec.cat\/sescollbato\/wp-json\/wp\/v2\/pages"}],"about":[{"href":"https:\/\/agora.xtec.cat\/sescollbato\/wp-json\/wp\/v2\/types\/page"}],"author":[{"embeddable":true,"href":"https:\/\/agora.xtec.cat\/sescollbato\/wp-json\/wp\/v2\/users\/1"}],"replies":[{"embeddable":true,"href":"https:\/\/agora.xtec.cat\/sescollbato\/wp-json\/wp\/v2\/comments?post=817"}],"version-history":[{"count":6,"href":"https:\/\/agora.xtec.cat\/sescollbato\/wp-json\/wp\/v2\/pages\/817\/revisions"}],"predecessor-version":[{"id":4875,"href":"https:\/\/agora.xtec.cat\/sescollbato\/wp-json\/wp\/v2\/pages\/817\/revisions\/4875"}],"up":[{"embeddable":true,"href":"https:\/\/agora.xtec.cat\/sescollbato\/wp-json\/wp\/v2\/pages\/3021"}],"wp:attachment":[{"href":"https:\/\/agora.xtec.cat\/sescollbato\/wp-json\/wp\/v2\/media?parent=817"}],"curies":[{"name":"wp","href":"https:\/\/api.w.org\/{rel}","templated":true}]}}