{"id":514,"date":"2017-03-23T11:01:44","date_gmt":"2017-03-23T10:01:44","guid":{"rendered":"http:\/\/agora.xtec.cat\/sescollbato\/?page_id=514"},"modified":"2019-01-28T12:34:03","modified_gmt":"2019-01-28T11:34:03","slug":"el-centre","status":"publish","type":"page","link":"https:\/\/agora.xtec.cat\/sescollbato\/linstitut\/el-centre\/","title":{"rendered":"Hist\u00f2ria"},"content":{"rendered":"<p>La creaci\u00f3 del centre es va dur a terme per enc\u00e0rrec dels\u00a0Serveis Educatius del Baix Llobregat\u00a0i<br \/>\nsota l\u2019aixopluc de l\u2019Ajuntament de Collbat\u00f3\u00a0i l\u2019Ajuntament del Bruc, poblacions que en el futur<br \/>\naportaran l\u2019alumnat.<\/p>\n\r\n\t<div class=\"slideshow_container slideshow_container_style-light\" style=\"height: 300px; \" data-slideshow-id=\"1048\" data-style-name=\"style-light\" data-style-version=\"2.3.1\" >\r\n\r\n\t\t\t\t\t<div class=\"slideshow_loading_icon\"><\/div>\r\n\t\t\r\n\t\t<div class=\"slideshow_content\" style=\"display: none;\">\r\n\r\n\t\t\t<div class=\"slideshow_view\">\r\n\t\t\t\t<div class=\"slideshow_slide slideshow_slide_image\">\r\n\t\t\t\t\t\t\t\t\t\t\t<img src=\"https:\/\/agora.xtec.cat\/sescollbato\/wp-content\/uploads\/usu225\/2018\/11\/foto-montserrat.jpg\" alt=\"foto montserrat\" width=\"992\" height=\"558\" \/>\r\n\t\t\t\t\t\t\t\t\t\t<div class=\"slideshow_description_box slideshow_transparent\">\r\n\t\t\t\t\t\t<div class=\"slideshow_title\">foto montserrat<\/div>\t\t\t\t\t\t\t\t\t\t\t<\/div>\r\n\t\t\t\t<\/div>\r\n\r\n\t\t\t\t\t\t<div style=\"clear: both;\"><\/div><\/div><div class=\"slideshow_view\">\r\n\t\t\t\t<div class=\"slideshow_slide slideshow_slide_image\">\r\n\t\t\t\t\t\t\t\t\t\t\t<img src=\"https:\/\/agora.xtec.cat\/sescollbato\/wp-content\/uploads\/usu225\/2018\/11\/collbato_arxiu.jpg\" alt=\"collbato_arxiu\" width=\"979\" height=\"275\" \/>\r\n\t\t\t\t\t\t\t\t\t\t<div class=\"slideshow_description_box slideshow_transparent\">\r\n\t\t\t\t\t\t<div class=\"slideshow_title\">collbato_arxiu<\/div>\t\t\t\t\t\t\t\t\t\t\t<\/div>\r\n\t\t\t\t<\/div>\r\n\r\n\t\t\t\t\t\t<div style=\"clear: both;\"><\/div><\/div><div class=\"slideshow_view\">\r\n\t\t\t\t<div class=\"slideshow_slide slideshow_slide_image\">\r\n\t\t\t\t\t\t\t\t\t\t\t<img src=\"https:\/\/agora.xtec.cat\/sescollbato\/wp-content\/uploads\/usu225\/2018\/11\/Campanar-Collbat\u00f3-I.Delgado.jpg\" alt=\"Campanar-Collbat\u00f3-I.Delgado\" width=\"1000\" height=\"750\" \/>\r\n\t\t\t\t\t\t\t\t\t\t<div class=\"slideshow_description_box slideshow_transparent\">\r\n\t\t\t\t\t\t<div class=\"slideshow_title\">Campanar-Collbat\u00f3-I.Delgado<\/div>\t\t\t\t\t\t\t\t\t\t\t<\/div>\r\n\t\t\t\t<\/div>\r\n\r\n\t\t\t\t\t\t<div style=\"clear: both;\"><\/div><\/div><div class=\"slideshow_view\">\r\n\t\t\t\t<div class=\"slideshow_slide slideshow_slide_image\">\r\n\t\t\t\t\t\t\t\t\t\t\t<img src=\"https:\/\/agora.xtec.cat\/sescollbato\/wp-content\/uploads\/usu225\/2018\/11\/7.jpg\" alt=\"7\" width=\"2048\" height=\"1356\" \/>\r\n\t\t\t\t\t\t\t\t\t\t<div class=\"slideshow_description_box slideshow_transparent\">\r\n\t\t\t\t\t\t<div class=\"slideshow_title\">7<\/div>\t\t\t\t\t\t\t\t\t\t\t<\/div>\r\n\t\t\t\t<\/div>\r\n\r\n\t\t\t\t\t\t<div style=\"clear: both;\"><\/div><\/div>\r\n\t\t<\/div>\r\n\r\n\t\t<div class=\"slideshow_controlPanel slideshow_transparent\" style=\"display: none;\"><ul><li class=\"slideshow_togglePlay\" data-play-text=\"Visualitza\" data-pause-text=\"Pausa\"><\/li><\/ul><\/div>\r\n\r\n\t\t<div class=\"slideshow_button slideshow_previous slideshow_transparent\" role=\"button\" data-previous-text=\"Anterior\" style=\"display: none;\"><\/div>\r\n\t\t<div class=\"slideshow_button slideshow_next slideshow_transparent\" role=\"button\" data-next-text=\"Seg\u00fcent\" style=\"display: none;\"><\/div>\r\n\r\n\t\t<div class=\"slideshow_pagination\" style=\"display: none;\" data-go-to-text=\"V\u00e9s a la diapositiva\"><div class=\"slideshow_pagination_center\"><\/div><\/div>\r\n\r\n\t\t<!-- WordPress Slideshow Version 2.3.1 -->\r\n\r\n\t\t\t<\/div>\r\n\r\n\n<p>Pren possessi\u00f3 del c\u00e0rrec de Directora na Teresa Rius Bou, qui nomena Coordinadora<br \/>\nPedag\u00f2gica a na Gemma Estrada i Cap d\u2019Estudis i Secretari a en Jaume Verg\u00e9s, els quals<br \/>\nprenen possessi\u00f3 del c\u00e0rrec per un termini de tres cursos acad\u00e8mics. Durant el primer curs el<br \/>\ncentre (2006-2007) no va tenir edifici propi i va fer servir unes antigues depend\u00e8ncies<br \/>\nmunicipals, les quals actualment s\u2019utilitzen pel Casal d\u2019av\u00eds i l\u2019Escola Municipal de M\u00fasica Jordi<br \/>\nPlanas.<\/p>\n<p>El setembre del 2007 el centre estrena edifici nou situat al carrer Tarragona, n\u00fam. 26 amb 2<br \/>\npistes poliesportives per\u00f2 sense gimn\u00e0s. S\u2019ajorna la construcci\u00f3 del gimn\u00e0s, un pavell\u00f3<br \/>\npoliesportiu anomenat Pav2 sense sala annexe, per fer-se coordinadament entre l\u2019Ajuntament<br \/>\nde Collbat\u00f3, el Departament d\u2019Educaci\u00f3 i el Consell Catal\u00e0 de l\u2019Esport.<\/p>\n<p>Des de la creaci\u00f3 de l\u2019 Escola Mansuet , l\u2019Institut comparteix el gimn\u00e0s situat al carrer Montju\u00efc.<\/p>\n","protected":false},"excerpt":{"rendered":"<p>La creaci\u00f3 del centre es va dur a terme per enc\u00e0rrec dels\u00a0Serveis Educatius del Baix Llobregat\u00a0i<br \/>\nsota l\u2019aixopluc de l\u2019Ajuntament de Collbat\u00f3\u00a0i l\u2019Ajuntament del Bruc, poblacions que en el futur<br \/>\naportaran l\u2019alumnat.<\/p>\n<p>\t\t\t\t\t\tfoto montserrat\t\t\t\t\t\t\t\t\t\t\t<\/p>\n<p>\t\t\t\t\t\tcollbato_arxiu\t\t\t\t\t\t\t\t\t\t\t<\/p>\n<p>\t\t\t\t\t\tCampanar-Collbat\u00f3-I.Delgado\t\t\t\t\t\t\t\t\t\t\t<\/p>\n<p>\t\t\t\t\t\t7\t\t\t\t\t\t\t\t\t\t\t<\/p>\n<ul>\n<li class=\"slideshow_togglePlay\" data-play-text=\"Visualitza\" data-pause-text=\"Pausa\"><\/li>\n<\/ul>\n<p>Pren possessi\u00f3 del c\u00e0rrec de Directora na Teresa Rius Bou, qui nomena&hellip;  <a href=\"https:\/\/agora.xtec.cat\/sescollbato\/linstitut\/el-centre\/\" title=\"Read Hist\u00f2ria\">Llegeix m\u00e9s\u00bb<\/a><\/p>\n","protected":false},"author":1,"featured_media":0,"parent":19,"menu_order":0,"comment_status":"closed","ping_status":"closed","template":"page-templates\/side-menu.php","meta":{"_bbp_topic_count":0,"_bbp_reply_count":0,"_bbp_total_topic_count":0,"_bbp_total_reply_count":0,"_bbp_voice_count":0,"_bbp_anonymous_reply_count":0,"_bbp_topic_count_hidden":0,"_bbp_reply_count_hidden":0,"_bbp_forum_subforum_count":0,"footnotes":""},"class_list":["post-514","page","type-page","status-publish","hentry"],"post_mailing_queue_ids":[],"_links":{"self":[{"href":"https:\/\/agora.xtec.cat\/sescollbato\/wp-json\/wp\/v2\/pages\/514","targetHints":{"allow":["GET"]}}],"collection":[{"href":"https:\/\/agora.xtec.cat\/sescollbato\/wp-json\/wp\/v2\/pages"}],"about":[{"href":"https:\/\/agora.xtec.cat\/sescollbato\/wp-json\/wp\/v2\/types\/page"}],"author":[{"embeddable":true,"href":"https:\/\/agora.xtec.cat\/sescollbato\/wp-json\/wp\/v2\/users\/1"}],"replies":[{"embeddable":true,"href":"https:\/\/agora.xtec.cat\/sescollbato\/wp-json\/wp\/v2\/comments?post=514"}],"version-history":[{"count":4,"href":"https:\/\/agora.xtec.cat\/sescollbato\/wp-json\/wp\/v2\/pages\/514\/revisions"}],"predecessor-version":[{"id":1612,"href":"https:\/\/agora.xtec.cat\/sescollbato\/wp-json\/wp\/v2\/pages\/514\/revisions\/1612"}],"up":[{"embeddable":true,"href":"https:\/\/agora.xtec.cat\/sescollbato\/wp-json\/wp\/v2\/pages\/19"}],"wp:attachment":[{"href":"https:\/\/agora.xtec.cat\/sescollbato\/wp-json\/wp\/v2\/media?parent=514"}],"curies":[{"name":"wp","href":"https:\/\/api.w.org\/{rel}","templated":true}]}}