{"id":4470,"date":"2023-05-05T12:52:32","date_gmt":"2023-05-05T10:52:32","guid":{"rendered":"https:\/\/agora.xtec.cat\/sescollbato\/?page_id=4470"},"modified":"2023-11-08T13:01:32","modified_gmt":"2023-11-08T12:01:32","slug":"document-resum-edc","status":"publish","type":"page","link":"https:\/\/agora.xtec.cat\/sescollbato\/estrategia-digital-de-centre\/document-resum-edc\/","title":{"rendered":"Document resum EDC"},"content":{"rendered":"<p style=\"text-align: justify;\">L\u2019EDC \u00e9s un document on defineix i concreta les l\u00ednies d\u2019actuaci\u00f3 que fan possible que docents, alumnat i centre assoleixin la compet\u00e8ncia digital. Per aconseguir aquesta compet\u00e8ncia digital, l\u2019EDC compr\u00e8n tots els \u00e0mbits del centre: organitzatius, metodol\u00f2gics, curriculars i comunicatius, els quals s\u2019han de veure necess\u00e0riament implicats i, si escau, transformats, des d\u2019una perspectiva d\u2019innovaci\u00f3 i de millora cont\u00ednua.<\/p>\n<p><a href=\"https:\/\/agora.xtec.cat\/sescollbato\/wp-content\/uploads\/usu225\/2023\/11\/08063801-Institut-de-Collbato-Resum-de-lEDC.pdf\">08063801 Institut de Collbat\u00f3 Resum de l&#8217;EDC<\/a><\/p>\n","protected":false},"excerpt":{"rendered":"<p>L\u2019EDC \u00e9s un document on defineix i concreta les l\u00ednies d\u2019actuaci\u00f3 que fan possible que docents, alumnat i centre assoleixin la compet\u00e8ncia digital. Per aconseguir aquesta compet\u00e8ncia digital, l\u2019EDC compr\u00e8n tots els \u00e0mbits del centre: organitzatius, metodol\u00f2gics, curriculars i comunicatius, els quals s\u2019han de veure&hellip;  <a href=\"https:\/\/agora.xtec.cat\/sescollbato\/estrategia-digital-de-centre\/document-resum-edc\/\" title=\"Read Document resum EDC\">Llegeix m\u00e9s\u00bb<\/a><\/p>\n","protected":false},"author":1,"featured_media":0,"parent":4464,"menu_order":0,"comment_status":"closed","ping_status":"closed","template":"page-templates\/side-menu.php","meta":{"_bbp_topic_count":0,"_bbp_reply_count":0,"_bbp_total_topic_count":0,"_bbp_total_reply_count":0,"_bbp_voice_count":0,"_bbp_anonymous_reply_count":0,"_bbp_topic_count_hidden":0,"_bbp_reply_count_hidden":0,"_bbp_forum_subforum_count":0,"footnotes":""},"class_list":["post-4470","page","type-page","status-publish","hentry"],"post_mailing_queue_ids":[],"_links":{"self":[{"href":"https:\/\/agora.xtec.cat\/sescollbato\/wp-json\/wp\/v2\/pages\/4470","targetHints":{"allow":["GET"]}}],"collection":[{"href":"https:\/\/agora.xtec.cat\/sescollbato\/wp-json\/wp\/v2\/pages"}],"about":[{"href":"https:\/\/agora.xtec.cat\/sescollbato\/wp-json\/wp\/v2\/types\/page"}],"author":[{"embeddable":true,"href":"https:\/\/agora.xtec.cat\/sescollbato\/wp-json\/wp\/v2\/users\/1"}],"replies":[{"embeddable":true,"href":"https:\/\/agora.xtec.cat\/sescollbato\/wp-json\/wp\/v2\/comments?post=4470"}],"version-history":[{"count":2,"href":"https:\/\/agora.xtec.cat\/sescollbato\/wp-json\/wp\/v2\/pages\/4470\/revisions"}],"predecessor-version":[{"id":4679,"href":"https:\/\/agora.xtec.cat\/sescollbato\/wp-json\/wp\/v2\/pages\/4470\/revisions\/4679"}],"up":[{"embeddable":true,"href":"https:\/\/agora.xtec.cat\/sescollbato\/wp-json\/wp\/v2\/pages\/4464"}],"wp:attachment":[{"href":"https:\/\/agora.xtec.cat\/sescollbato\/wp-json\/wp\/v2\/media?parent=4470"}],"curies":[{"name":"wp","href":"https:\/\/api.w.org\/{rel}","templated":true}]}}