{"id":3021,"date":"2020-07-09T22:24:12","date_gmt":"2020-07-09T20:24:12","guid":{"rendered":"http:\/\/agora.xtec.cat\/sescollbato\/?page_id=3021"},"modified":"2024-09-06T10:14:36","modified_gmt":"2024-09-06T08:14:36","slug":"ampa","status":"publish","type":"page","link":"https:\/\/agora.xtec.cat\/sescollbato\/ampa\/","title":{"rendered":"AFA"},"content":{"rendered":"<p style=\"text-align: justify;\">Per qu\u00e8 TOTS els alumnes s&#8217;haurien de fer socis de l&#8217;AFA encara que no utilitzin la compra de llibres a trav\u00e9s de IDDINK?<\/p>\n<p style=\"text-align: justify;\">1) L&#8217;AFA compra els premis de la Jornada de Sant Jordi que realitzen tots els cursos. El teu fill\/a pot ser guanyador\/a i li volem donar el premi!!<\/p>\n<p style=\"text-align: justify;\">2) Pels alumnes de 4rt curs, ajudem en l&#8217;organitzaci\u00f3 de la festa de final d&#8217;etapa regalant la &#8220;Orla de final de curs&#8221;. El teu fill\/a\u00a0 voldr\u00e0 la seva foto amb tots els seus companys\/es!!! A m\u00e9s repartim els premis de SUPERACI\u00d3 de tots els cursos. El teu fill\/a pot ser el guanyador\/a!!!3) Si el Chromebook del teu fill\/a es va comprar a trav\u00e9s de l&#8217;AMPA (pels alumnes que faran 2on i<\/p>\n<p style=\"text-align: justify;\">3 ) i s&#8217;espatlla, pels socis de l&#8217;AFA donem un de substituci\u00f3 mentre es repara i el teu fill\/a no perdr\u00e0 cap classe. Si no ets soci de l&#8217;AFA un mes abans de necessitar aquest servei, no tindr\u00e0 cap de substituci\u00f3. Al pagar la quota de l&#8217;AFA ara, ja estar\u00e0 cobert\u00a0 per tot el curs.<\/p>\n<p style=\"text-align: justify;\">4) Estem fent inversions en tecnologia a les aules de\u00a0 tots els cursos comprant pantalles digitals interactives per les diferents aules i aix\u00ed millorar les eines d&#8217;aprenentatge pels nostres fills i filles. Els vostres fills\/es les estan utilitzant cada dia.<\/p>\n<p style=\"text-align: justify;\">5) Financem el &#8220;Taller de l&#8217;Oli&#8221; que ofereix l&#8217;Institut per tal que tots els alumnes coneguin aquest proc\u00e9s natural, estretament lligat al nostre poble. El teu fill\/a tamb\u00e9 voldr\u00e0 portar una mostra de l&#8217;oli que han fet al taller.<\/p>\n<p style=\"text-align: justify;\">6) L&#8217;AFA gestiona el contracte amb la empresa que gestiona el bar a l&#8217;Institut &#8220;La Cantina&#8221; per tots els alumnes i professors a les hores d&#8217;esmorzar i dinar.<\/p>\n<p style=\"text-align: justify;\">Tot aix\u00f2 i molt m\u00e9s per NOM\u00c9S\u00a0 18 euros per curs i\u00a0 alumne!!!<\/p>\n<p style=\"text-align: justify;\">Necessitem la teva aportaci\u00f3 perqu\u00e8 el teu fill\/a gaudeixi al m\u00e0xim de la seva etapa a l&#8217;Institut.<\/p>\n<p style=\"text-align: justify;\">Volem continuar amb aquests projectes i tenim pensats molts de nous&#8230;.per\u00f2 us necessitem a tots per millorar l&#8217;Institut en tot all\u00f2 que les fam\u00edlies i la direcci\u00f3 ens demaneu.<\/p>\n<p style=\"text-align: justify;\">Com s&#8217;ha de fer el pagament de la Quota AFA?<\/p>\n<p style=\"text-align: justify;\">Pels que utilitzeu el servei IDDINK:<\/p>\n<p style=\"text-align: justify;\">Des de l&#8217;AFA gestionem amb l&#8217;empresa IDDINK la compra de llibres reutilitzats (Ecobooks) i llibres digitals pels alumnes de tots els cursos. Ofereix grans descomptes i grans estalvis ja que molts dels llibres els retornareu al acabar el curs.<\/p>\n<p style=\"text-align: justify;\">\u00danicament en el cas que utilitzeu aquest servei d&#8217; IDDINK, no caldr\u00e0 que feu la transfer\u00e8ncia directament a l&#8217;AFA perqu\u00e8 ja estar\u00e0 inclosa al fer la comanda. De totes maneres si la feu i despr\u00e9s utilitzeu el servei d&#8217;IDDINK se us retornar\u00e0 l&#8217;import perqu\u00e8 no estigui duplicat.<\/p>\n<p style=\"text-align: justify;\">En breu la empresa IDDINK es posar\u00e0 en contacte amb vosaltres amb la llista de llibres que necessiten els vostres fills\/es pel curs que ve.<\/p>\n<p style=\"text-align: justify;\">Pels alumnes que no utilitzin el servei d&#8217; IDDINK:<\/p>\n<p style=\"text-align: justify;\">Per ser socis de l&#8217;AFA,\u00a0 heu de fer una TRANSFER\u00c8NCIA al n\u00famero de compte:<\/p>\n<p style=\"text-align: justify;\">ES42\u00a0 0081\u00a0 0038\u00a0 3900\u00a0 0126\u00a0 7728<\/p>\n<p style=\"text-align: justify;\">Beneficiari: AFA Institut INS Collbat\u00f3<\/p>\n<p style=\"text-align: justify;\">Import: 18 euros (per alumne)<\/p>\n<p style=\"text-align: justify;\">Observacions: Posar el nom i curs de l&#8217;alumne<\/p>\n<p style=\"text-align: justify;\">QUE FER EN CAS DE QUOTA DUPLICADA?<\/p>\n<p style=\"text-align: justify;\">En cas que h\u00e0giu fet una transfer\u00e8ncia al compte de l&#8217;AFA i despr\u00e9s vulgueu fer la compra de llibres per IDDINK veureu que per defecte us cobraran per IDDINK la quota de l&#8217;AFA. En aquest cas haureu pagat DOBLEMENT la QUOTA de l&#8217;AFA.<\/p>\n<p style=\"text-align: justify;\">No us preocupeu!!! Nom\u00e9s ens teniu que enviar un correu electr\u00f2nic a l&#8217;AFA amb els 2 comprovants (IDDINK i transfer\u00e8ncia) i detalleu el n\u00famero de compte a on voleu que abonem els 15 euros duplicats.<\/p>\n<p style=\"text-align: justify;\">COM PODEU CONTACTAR AMB L&#8217;AFA?<\/p>\n<p style=\"text-align: justify;\">Podeu enviar totes les vostres consultes i suggereixes al correu electr\u00f2nic:<\/p>\n<p style=\"text-align: justify;\">afa@inscollbato.cat<\/p>\n<p style=\"text-align: justify;\">El m\u00e9s aviat possible, respondrem el vostre correu.<\/p>\n<p style=\"text-align: justify;\">Per totes aquestes raons, tan directament beneficioses pels nostres nois i noies, us demanem que us feu socis de l&#8217;AFA i participeu a millorar cada any el nostre Institut.<\/p>\n<p style=\"text-align: justify;\">Moltes gr\u00e0cies a tots i totes!!!<\/p>\n","protected":false},"excerpt":{"rendered":"<p>Per qu\u00e8 TOTS els alumnes s&#8217;haurien de fer socis de l&#8217;AFA encara que no utilitzin la compra de llibres a trav\u00e9s de IDDINK?<br \/>\n1) L&#8217;AFA compra els premis de la Jornada de Sant Jordi que realitzen tots els cursos. El teu fill\/a pot ser guanyador\/a i&hellip;  <a href=\"https:\/\/agora.xtec.cat\/sescollbato\/ampa\/\" title=\"Read AFA\">Llegeix m\u00e9s\u00bb<\/a><\/p>\n","protected":false},"author":9,"featured_media":0,"parent":0,"menu_order":0,"comment_status":"closed","ping_status":"closed","template":"page-templates\/side-menu.php","meta":{"_bbp_topic_count":0,"_bbp_reply_count":0,"_bbp_total_topic_count":0,"_bbp_total_reply_count":0,"_bbp_voice_count":0,"_bbp_anonymous_reply_count":0,"_bbp_topic_count_hidden":0,"_bbp_reply_count_hidden":0,"_bbp_forum_subforum_count":0,"footnotes":""},"class_list":["post-3021","page","type-page","status-publish","hentry"],"post_mailing_queue_ids":[],"_links":{"self":[{"href":"https:\/\/agora.xtec.cat\/sescollbato\/wp-json\/wp\/v2\/pages\/3021","targetHints":{"allow":["GET"]}}],"collection":[{"href":"https:\/\/agora.xtec.cat\/sescollbato\/wp-json\/wp\/v2\/pages"}],"about":[{"href":"https:\/\/agora.xtec.cat\/sescollbato\/wp-json\/wp\/v2\/types\/page"}],"author":[{"embeddable":true,"href":"https:\/\/agora.xtec.cat\/sescollbato\/wp-json\/wp\/v2\/users\/9"}],"replies":[{"embeddable":true,"href":"https:\/\/agora.xtec.cat\/sescollbato\/wp-json\/wp\/v2\/comments?post=3021"}],"version-history":[{"count":6,"href":"https:\/\/agora.xtec.cat\/sescollbato\/wp-json\/wp\/v2\/pages\/3021\/revisions"}],"predecessor-version":[{"id":4991,"href":"https:\/\/agora.xtec.cat\/sescollbato\/wp-json\/wp\/v2\/pages\/3021\/revisions\/4991"}],"wp:attachment":[{"href":"https:\/\/agora.xtec.cat\/sescollbato\/wp-json\/wp\/v2\/media?parent=3021"}],"curies":[{"name":"wp","href":"https:\/\/api.w.org\/{rel}","templated":true}]}}