{"id":2933,"date":"2020-06-29T15:40:00","date_gmt":"2020-06-29T13:40:00","guid":{"rendered":"http:\/\/agora.xtec.cat\/sescollbato\/?page_id=2933"},"modified":"2025-06-19T12:13:22","modified_gmt":"2025-06-19T10:13:22","slug":"matricula-alumnat-1reso","status":"publish","type":"page","link":"https:\/\/agora.xtec.cat\/sescollbato\/secretaria\/matricula-alumnat-1reso\/","title":{"rendered":"Matr\u00edcula alumnat nou"},"content":{"rendered":"<p dir=\"ltr\"><strong>Per\u00edode de matriculaci\u00f3: dies 25 de juny al 3 de juliol de 2025<\/strong><\/p>\n<p dir=\"ltr\"><strong>Horari: de 9.00-11.00h i de 11.30- 14.30h<\/strong><\/p>\n<p>Per a poder\u00a0<b>tramitar la matriculaci\u00f3 de l\u2019alumnat que ve de fora (de 1r a 4t d\u2019ESO)\u00a0<\/b>\u00e9s necessari presentar la seg\u00fcent documentaci\u00f3\u00a0<b>omplerta i signada<\/b>:<\/p>\n<ol>\n<li>Fotoc\u00f2pia de la targeta sanit\u00e0ria (TS).<\/li>\n<li><a href=\"https:\/\/agora.xtec.cat\/sescollbato\/wp-content\/uploads\/usu225\/2025\/06\/Dades-pares-Tel.-DNI-i-correu.pdf\">Dades pares ( Tel. , DNI i correu)<\/a><\/li>\n<li><a href=\"https:\/\/agora.xtec.cat\/sescollbato\/wp-content\/uploads\/usu225\/2025\/06\/AUTORITZACIONS_-DUS-DE-SERVEIS-I-RECURSOS-DIGITALS-A-INTERNET-PER-TREBALLAR-A-LAULA-I-PUBLICACIO-DE-DADES-DE-CARACTER-PERSONAL-I-DE-MATERIAL-QUE-SELABOREN.-ETAPA-ESO.pdf\">Autoritzacions etapa d&#8217;ESO.<\/a><\/li>\n<li><b>Transport<\/b>\u00a0per als alumnes del Bruc o Montserrat Park. Les fam\u00edlies que facin \u00fas d\u2019aquest servei\u00a0<b>han d\u2019informar i omplir\u00a0<\/b>la documentaci\u00f3 que es facilitar\u00e0 al centre.<\/li>\n<li><a href=\"https:\/\/agora.xtec.cat\/sescollbato\/wp-content\/uploads\/usu225\/2025\/06\/Carta-de-compromis-educatiu-amb-segell-1.pdf\">Carta de comprom\u00eds educatiu.<\/a><\/li>\n<li><a href=\"https:\/\/agora.xtec.cat\/sescollbato\/wp-content\/uploads\/usu225\/2025\/06\/Intolerancies-i-allergies-alumnat-1.pdf\">Intoler\u00e0ncies i al\u00b7l\u00e8rgies alumnat<\/a><\/li>\n<li><b>Justificant del pagament<\/b> de la quota de material fungible.<\/li>\n<\/ol>\n<p>QUOTA MATERIAL:<\/p>\n<p><a href=\"https:\/\/agora.xtec.cat\/sescollbato\/wp-content\/uploads\/usu225\/2025\/06\/Matricula-de-2025-26-Full-quota-material-1r.pdf\">Matr\u00edcula de 2025 -26 Full quota material 1r<\/a><\/p>\n<p><a href=\"https:\/\/agora.xtec.cat\/sescollbato\/wp-content\/uploads\/usu225\/2025\/06\/Matricula-de-2025-26-Full-quota-material-2n.pdf\">Matr\u00edcula de 2025 -26 Full quota material 2n<\/a><\/p>\n<p><a href=\"https:\/\/agora.xtec.cat\/sescollbato\/wp-content\/uploads\/usu225\/2025\/06\/Matricula-de-2025-26-Full-quota-material-3r.pdf\">Matr\u00edcula de 2025 -26 Full quota material 3r<\/a><\/p>\n<p><a href=\"https:\/\/agora.xtec.cat\/sescollbato\/wp-content\/uploads\/usu225\/2025\/06\/Matricula-de-2025-26-Full-quota-material-4t.pdf\">Matr\u00edcula de 2025 -26 Full quota material 4t<\/a><\/p>\n<p>Per a les fam\u00edlies interessades, us adjuntem la <a href=\"https:\/\/agora.xtec.cat\/sescollbato\/wp-content\/uploads\/usu225\/2025\/06\/Inscripcio-Socis-AFA-25-26-1.pdf\">Inscripci\u00f3 Socis AFA 25-26<\/a>, l&#8217;Associaci\u00f3 de fam\u00edlies de l&#8217;Institut Collbat\u00f3. <a href=\"https:\/\/agora.xtec.cat\/sescollbato\/wp-content\/uploads\/usu225\/2025\/06\/CARTELL-AFA-2.pdf\">CARTELL AFA<\/a><\/p>\n<p>MOLT IMPORTANT, es\u00a0cas de procedir d&#8217;un escola o institut privat o concertat, haureu de portar una fotoc\u00f2pia de l&#8217;historial acad\u00e8mic<\/p>\n","protected":false},"excerpt":{"rendered":"<p>Per\u00edode de matriculaci\u00f3: dies 25 de juny al 3 de juliol de 2025<br \/>\nHorari: de 9.00-11.00h i de 11.30- 14.30h<br \/>\nPer a poder\u00a0tramitar la matriculaci\u00f3 de l\u2019alumnat que ve de fora (de 1r a 4t d\u2019ESO)\u00a0\u00e9s necessari presentar la seg\u00fcent documentaci\u00f3\u00a0omplerta i signada:<\/p>\n<ol>\n<li>Fotoc\u00f2pia de la targeta sanit\u00e0ria&hellip;  <a href=\"https:\/\/agora.xtec.cat\/sescollbato\/secretaria\/matricula-alumnat-1reso\/\" title=\"Read Matr\u00edcula alumnat nou\">Llegeix m\u00e9s\u00bb<\/a><br \/>\n","protected":false},"author":1,"featured_media":0,"parent":81,"menu_order":0,"comment_status":"closed","ping_status":"closed","template":"","meta":{"_bbp_topic_count":0,"_bbp_reply_count":0,"_bbp_total_topic_count":0,"_bbp_total_reply_count":0,"_bbp_voice_count":0,"_bbp_anonymous_reply_count":0,"_bbp_topic_count_hidden":0,"_bbp_reply_count_hidden":0,"_bbp_forum_subforum_count":0,"footnotes":""},"class_list":["post-2933","page","type-page","status-publish","hentry"],"post_mailing_queue_ids":[],"_links":{"self":[{"href":"https:\/\/agora.xtec.cat\/sescollbato\/wp-json\/wp\/v2\/pages\/2933","targetHints":{"allow":["GET"]}}],"collection":[{"href":"https:\/\/agora.xtec.cat\/sescollbato\/wp-json\/wp\/v2\/pages"}],"about":[{"href":"https:\/\/agora.xtec.cat\/sescollbato\/wp-json\/wp\/v2\/types\/page"}],"author":[{"embeddable":true,"href":"https:\/\/agora.xtec.cat\/sescollbato\/wp-json\/wp\/v2\/users\/1"}],"replies":[{"embeddable":true,"href":"https:\/\/agora.xtec.cat\/sescollbato\/wp-json\/wp\/v2\/comments?post=2933"}],"version-history":[{"count":6,"href":"https:\/\/agora.xtec.cat\/sescollbato\/wp-json\/wp\/v2\/pages\/2933\/revisions"}],"predecessor-version":[{"id":5226,"href":"https:\/\/agora.xtec.cat\/sescollbato\/wp-json\/wp\/v2\/pages\/2933\/revisions\/5226"}],"up":[{"embeddable":true,"href":"https:\/\/agora.xtec.cat\/sescollbato\/wp-json\/wp\/v2\/pages\/81"}],"wp:attachment":[{"href":"https:\/\/agora.xtec.cat\/sescollbato\/wp-json\/wp\/v2\/media?parent=2933"}],"curies":[{"name":"wp","href":"https:\/\/api.w.org\/{rel}","templated":true}]}}