{"id":27,"date":"2014-09-17T16:24:03","date_gmt":"2014-09-17T16:24:03","guid":{"rendered":"http:\/\/agora.xtec.cat\/sescollbato\/?page_id=27"},"modified":"2019-01-15T12:11:03","modified_gmt":"2019-01-15T11:11:03","slug":"historia","status":"publish","type":"page","link":"https:\/\/agora.xtec.cat\/sescollbato\/linstitut\/historia\/","title":{"rendered":"Hist\u00f2ria de la vila"},"content":{"rendered":"<p><span lang=\"CA\">La vila de Collbat\u00f3 ha estat durant segles el portal d&#8217;entrada per excel\u00b7l\u00e8ncia de Montserrat, la muntanya m\u00e9s emblem\u00e0tica del Principat. Milers de peregrins d&#8217;arreu i visitants en busca de pau han passat al llarg de la hist\u00f2ria per Collbat\u00f3, potser fent-hi nit, de cam\u00ed al santuari, guardant en la mem\u00f2ria el record d&#8217;un poble que navegava entre el m\u00f3n agrari de sec\u00e0 (vinya i olivera) i la tragineria.<\/span><\/p>\n<p><span lang=\"CA\">Municipi que gaud\u00ed dels primers assentaments ara fa 4.000 anys, visqu\u00e9 un dels seus episodis m\u00e9s contats durant la Guerra del Franc\u00e8s, quan el posteriorment heroi local Mansuet Box\u00f3, collbaton\u00ed desterrat convertit a bandoler, foragit\u00e0 ell sol les tropes napole\u00f2niques amb una mostra d&#8217;enginy i perspic\u00e0cia.<\/span><\/p>\n\r\n\t<div class=\"slideshow_container slideshow_container_style-light\" style=\"height: 300px; \" data-slideshow-id=\"714\" data-style-name=\"style-light\" data-style-version=\"2.3.1\" >\r\n\r\n\t\t\t\t\t<div class=\"slideshow_loading_icon\"><\/div>\r\n\t\t\r\n\t\t<div class=\"slideshow_content\" style=\"display: none;\">\r\n\r\n\t\t\t<div class=\"slideshow_view\">\r\n\t\t\t\t<div class=\"slideshow_slide slideshow_slide_image\">\r\n\t\t\t\t\t\t\t\t\t\t\t<img src=\"https:\/\/agora.xtec.cat\/sescollbato\/wp-content\/uploads\/usu225\/2018\/01\/poum.jpg\" alt=\"poum\" width=\"600\" height=\"400\" \/>\r\n\t\t\t\t\t\t\t\t\t\t<div class=\"slideshow_description_box slideshow_transparent\">\r\n\t\t\t\t\t\t<div class=\"slideshow_title\">poum<\/div>\t\t\t\t\t\t\t\t\t\t\t<\/div>\r\n\t\t\t\t<\/div>\r\n\r\n\t\t\t\t\t\t<div style=\"clear: both;\"><\/div><\/div><div class=\"slideshow_view\">\r\n\t\t\t\t<div class=\"slideshow_slide slideshow_slide_image\">\r\n\t\t\t\t\t\t\t\t\t\t\t<img src=\"https:\/\/agora.xtec.cat\/sescollbato\/wp-content\/uploads\/usu225\/2018\/01\/Nucli-medieval-Collbat\u00f3-3.png\" alt=\"Nucli medieval Collbat\u00f3 3\" width=\"398\" height=\"599\" \/>\r\n\t\t\t\t\t\t\t\t\t\t<div class=\"slideshow_description_box slideshow_transparent\">\r\n\t\t\t\t\t\t<div class=\"slideshow_title\">Nucli medieval Collbat\u00f3 3<\/div>\t\t\t\t\t\t\t\t\t\t\t<\/div>\r\n\t\t\t\t<\/div>\r\n\r\n\t\t\t\t\t\t<div style=\"clear: both;\"><\/div><\/div><div class=\"slideshow_view\">\r\n\t\t\t\t<div class=\"slideshow_slide slideshow_slide_image\">\r\n\t\t\t\t\t\t\t\t\t\t\t<img src=\"https:\/\/agora.xtec.cat\/sescollbato\/wp-content\/uploads\/usu225\/2018\/01\/Collbat\u00f3-720x400.jpg\" alt=\"Collbat\u00f3-720x400\" width=\"720\" height=\"400\" \/>\r\n\t\t\t\t\t\t\t\t\t\t<div class=\"slideshow_description_box slideshow_transparent\">\r\n\t\t\t\t\t\t<div class=\"slideshow_title\">Collbat\u00f3-720x400<\/div>\t\t\t\t\t\t\t\t\t\t\t<\/div>\r\n\t\t\t\t<\/div>\r\n\r\n\t\t\t\t\t\t<div style=\"clear: both;\"><\/div><\/div><div class=\"slideshow_view\">\r\n\t\t\t\t<div class=\"slideshow_slide slideshow_slide_image\">\r\n\t\t\t\t\t\t\t\t\t\t\t<img src=\"https:\/\/agora.xtec.cat\/sescollbato\/wp-content\/uploads\/usu225\/2018\/01\/cjydfc.png\" alt=\"cjydfc\" width=\"898\" height=\"595\" \/>\r\n\t\t\t\t\t\t\t\t\t\t<div class=\"slideshow_description_box slideshow_transparent\">\r\n\t\t\t\t\t\t<div class=\"slideshow_title\">cjydfc<\/div>\t\t\t\t\t\t\t\t\t\t\t<\/div>\r\n\t\t\t\t<\/div>\r\n\r\n\t\t\t\t\t\t<div style=\"clear: both;\"><\/div><\/div><div class=\"slideshow_view\">\r\n\t\t\t\t<div class=\"slideshow_slide slideshow_slide_image\">\r\n\t\t\t\t\t\t\t\t\t\t\t<img src=\"https:\/\/agora.xtec.cat\/sescollbato\/wp-content\/uploads\/usu225\/2018\/01\/Campanar-Collbat\u00f3-I.Delgado.jpg\" alt=\"Campanar Collbat\u00f3 I.Delgado\" width=\"1000\" height=\"750\" \/>\r\n\t\t\t\t\t\t\t\t\t\t<div class=\"slideshow_description_box slideshow_transparent\">\r\n\t\t\t\t\t\t<div class=\"slideshow_title\">Campanar Collbat\u00f3 I.Delgado<\/div>\t\t\t\t\t\t\t\t\t\t\t<\/div>\r\n\t\t\t\t<\/div>\r\n\r\n\t\t\t\t\t\t<div style=\"clear: both;\"><\/div><\/div><div class=\"slideshow_view\">\r\n\t\t\t\t<div class=\"slideshow_slide slideshow_slide_image\">\r\n\t\t\t\t\t\t\t\t\t\t\t<img src=\"https:\/\/agora.xtec.cat\/sescollbato\/wp-content\/uploads\/usu225\/2018\/01\/baixa.jpg\" alt=\"baixa\" width=\"276\" height=\"183\" \/>\r\n\t\t\t\t\t\t\t\t\t\t<div class=\"slideshow_description_box slideshow_transparent\">\r\n\t\t\t\t\t\t<div class=\"slideshow_title\">baixa<\/div>\t\t\t\t\t\t\t\t\t\t\t<\/div>\r\n\t\t\t\t<\/div>\r\n\r\n\t\t\t\t\t\t<div style=\"clear: both;\"><\/div><\/div><div class=\"slideshow_view\">\r\n\t\t\t\t<div class=\"slideshow_slide slideshow_slide_image\">\r\n\t\t\t\t\t\t\t\t\t\t\t<img src=\"https:\/\/agora.xtec.cat\/sescollbato\/wp-content\/uploads\/usu225\/2018\/01\/aa.jpg\" alt=\"aa\" width=\"1200\" height=\"900\" \/>\r\n\t\t\t\t\t\t\t\t\t\t<div class=\"slideshow_description_box slideshow_transparent\">\r\n\t\t\t\t\t\t<div class=\"slideshow_title\">aa<\/div>\t\t\t\t\t\t\t\t\t\t\t<\/div>\r\n\t\t\t\t<\/div>\r\n\r\n\t\t\t\t\t\t<div style=\"clear: both;\"><\/div><\/div><div class=\"slideshow_view\">\r\n\t\t\t\t<div class=\"slideshow_slide slideshow_slide_image\">\r\n\t\t\t\t\t\t\t\t\t\t\t<img src=\"https:\/\/agora.xtec.cat\/sescollbato\/wp-content\/uploads\/usu225\/2018\/01\/2000px-Escut_de_Collbat\u00f3.svg_.png\" alt=\"2000px-Escut_de_Collbat\u00f3.svg\" width=\"2000\" height=\"3223\" \/>\r\n\t\t\t\t\t\t\t\t\t\t<div class=\"slideshow_description_box slideshow_transparent\">\r\n\t\t\t\t\t\t<div class=\"slideshow_title\">2000px-Escut_de_Collbat\u00f3.svg<\/div>\t\t\t\t\t\t\t\t\t\t\t<\/div>\r\n\t\t\t\t<\/div>\r\n\r\n\t\t\t\t\t\t<div style=\"clear: both;\"><\/div><\/div><div class=\"slideshow_view\">\r\n\t\t\t\t<div class=\"slideshow_slide slideshow_slide_image\">\r\n\t\t\t\t\t\t\t\t\t\t\t<img src=\"https:\/\/agora.xtec.cat\/sescollbato\/wp-content\/uploads\/usu225\/2018\/01\/ORP7171.jpg\" alt=\"_ORP7171\" width=\"1766\" height=\"1179\" \/>\r\n\t\t\t\t\t\t\t\t\t\t<div class=\"slideshow_description_box slideshow_transparent\">\r\n\t\t\t\t\t\t<div class=\"slideshow_title\">_ORP7171<\/div>\t\t\t\t\t\t\t\t\t\t\t<\/div>\r\n\t\t\t\t<\/div>\r\n\r\n\t\t\t\t\t\t<div style=\"clear: both;\"><\/div><\/div>\r\n\t\t<\/div>\r\n\r\n\t\t<div class=\"slideshow_controlPanel slideshow_transparent\" style=\"display: none;\"><ul><li class=\"slideshow_togglePlay\" data-play-text=\"Visualitza\" data-pause-text=\"Pausa\"><\/li><\/ul><\/div>\r\n\r\n\t\t<div class=\"slideshow_button slideshow_previous slideshow_transparent\" role=\"button\" data-previous-text=\"Anterior\" style=\"display: none;\"><\/div>\r\n\t\t<div class=\"slideshow_button slideshow_next slideshow_transparent\" role=\"button\" data-next-text=\"Seg\u00fcent\" style=\"display: none;\"><\/div>\r\n\r\n\t\t<div class=\"slideshow_pagination\" style=\"display: none;\" data-go-to-text=\"V\u00e9s a la diapositiva\"><div class=\"slideshow_pagination_center\"><\/div><\/div>\r\n\r\n\t\t<!-- WordPress Slideshow Version 2.3.1 -->\r\n\r\n\t\t\t<\/div>\r\n\r\n\n<p><span lang=\"CA\">Les Coves del Salnitre, refugi d&#8217;aquest personatge llegendari, s\u00f3n un dels atractius principals d&#8217;aquesta vila que gaudeix d&#8217;una localitzaci\u00f3 privilegiada als peus de Montserrat i d&#8217;on s&#8217;abasten tots els tresors naturals que amaga la muntanya: les profundes canals, les roques de formes fant\u00e0stiques, el vol dels ocells, els boscos d&#8217;alzina i roure&#8230;<\/span><\/p>\n<p><span lang=\"CA\">Per\u00f2 Collbat\u00f3 no compta nom\u00e9s amb l&#8217;atractiu natural de la muntanya sin\u00f3 que alberga un contingut cultural, hist\u00f2ric i art\u00edstic de gran valor. Descobriu el castell i el nucli medieval, l&#8217;arquitectura popular, l&#8217;art modernista, el Museu de Coses del Poble, l&#8217;antic mol\u00ed d&#8217;oli, l\u2019internacionalment conegut Taller d&#8217;Orgues Blancafort i l&#8217;esgl\u00e9sia de Sant Corneli realitzant un agradable passeig pel poble.<\/span><\/p>\n<p><span lang=\"CA\">El municipi, amb una extensi\u00f3 de 17,99 km2, s\u2019est\u00e9n al vessant meridional de la muntanya de Montserrat.<\/span><\/p>\n<p><span lang=\"CA\">El nom de Collbat\u00f3 podria tenir el seu origen en el mot\u00a0<i>coll Betonis<\/i>, el nom geogr\u00e0fic de coll i un antrop\u00f2nim germ\u00e0nic, que sembla ser, va passar a la topon\u00edmia local durant el repoblament de la conquesta carol\u00edngia.<\/span><\/p>\n<p><span lang=\"CA\">Tota la zona cont\u00e9 testimonis d&#8217;un poblament antic que data des de fa 4.000 anys, la base econ\u00f2mica de la qual es basava en la cacera i la recol\u00b7lecci\u00f3, com els vestigis arqueol\u00f2gics demostren: ossos de senglar, llavors&#8230; Aquests grups van utilitzar les coves de Collbat\u00f3 (Cova Gran, Cova Freda i la Cova del Salnitre) com a llocs de refugi i d&#8217;aixopluc, per\u00f2 no com a espais d&#8217;h\u00e0bitat permanent.<\/span><\/p>\n<p><span lang=\"CA\">La primera prova documental que es t\u00e9 de Collbat\u00f3 apareix al 1113 (tot i que la torre de guaita, al voltant de la qual es va anar formant la poblaci\u00f3, \u00e9s possible datar-la del 942) quan el Comte Gilabert, senyor de la Gu\u00e0rdia, el cedeix en dot a la seva filla Ermesenda al casar-se amb Bartomeu, els descendents dels quals foren senyor de Collbat\u00f3 fins l&#8217;any 1292 que fou adquirit per Guillem Dufort. L&#8217;any 1375 el seu n\u00e9t cedeix a l&#8217;Abat de Montserrat al morir sense descend\u00e8ncia.<\/span><\/p>\n<p><span lang=\"CA\">Collbat\u00f3 torna a apar\u00e8ixer en la hist\u00f2ria a principis del segle XIX, quan les tropes napole\u00f2niques travessen la poblaci\u00f3 per tal d&#8217;accedir al monestir, \u00e9s en aquesta \u00e8poca en la que s&#8217;ambienta la llegenda d&#8217;en Mansuet Box\u00f3, nom que pren l\u2019escola nova el 2011.<\/span><\/p>\n<p><span lang=\"CA\">L&#8217;economia ha estat basada b\u00e0sicament en l&#8217;agricultura i la vida al poble ha estat molt lligada al fet traginer, que s&#8217;encarregaven de portar mercaderies i passatgers fins al monestir. Vora de l&#8217;autovia (A2) encara es conserva la masia de la Fumada, antic hostal que durant el segle XIX va donar servei als viatgers que anaven de Barcelona fins a Igualada. Al poble trobem La Posada Las Cuevas, avui dia els baixos de la qual est\u00e0 convertida en una carnisseria que conserva l&#8217;est\u00e8tica d&#8217;aleshores i les habitacions.<\/span><\/p>\n<p>Ja en el segle XX proliferen les segones resid\u00e8ncies, en la primera \u00e8poca la Fam\u00edlia Nolla, enriquits a Cuba, adquireixen l&#8217;actual casa de la Vila. Elies Rogent al contraure matrimoni amb la pubilla d&#8217;Esparreguera, la fam\u00edlia li cedeix el mas de Collbat\u00f3: Can Rogent.<\/p>\n<p><span lang=\"CA\">L&#8217;activitat, per\u00f2, que dona m\u00e9s renom a Collbat\u00f3 \u00e9s la de la construcci\u00f3 d&#8217;orgues, construcci\u00f3 artesanal amb fusta i metall, de sonoritat i qualitat apreciades arreu del m\u00f3n. S&#8217;inicia a 1926 amb l&#8217;itali\u00e0 Silvio Puggina i ara es regida per la fam\u00edlia Blancafort.<\/span><\/p>\n<p><span lang=\"CA\">Collbat\u00f3 en l\u2019actualitat \u00e9s un municipi de prop de 4000 ciutadans i ciutadanes que s\u2019apleguen en un munt d\u2019urbanitzacions. \u00a0El poble ha vist arribar moltes joves fam\u00edlies, arribades de la corona metropolitana i dels pobles ve\u00efns, com Esparreguera, per les excel\u00b7lents comunicacions amb Barcelona (Autovia) i la possibilitat de fer-se una casa en un entorn de postal. Durant aquesta darrera d\u00e8cada el padr\u00f3 infantil no ha parat de cr\u00e9ixer i \u00e9s un poble amb un 25% de la seva poblaci\u00f3 dels 0 als 18 anys. S\u2019ha fet necessari la creaci\u00f3 d\u2019un institut (SI Collbat\u00f3 el curs 2006-2007) i una escola nova de prim\u00e0ria (Escola Mansuet el curs 2007-2008).<\/span><\/p>\n","protected":false},"excerpt":{"rendered":"<p>La vila de Collbat\u00f3 ha estat durant segles el portal d&#8217;entrada per excel\u00b7l\u00e8ncia de Montserrat, la muntanya m\u00e9s emblem\u00e0tica del Principat. Milers de peregrins d&#8217;arreu i visitants en busca de pau han passat al llarg de la hist\u00f2ria per Collbat\u00f3, potser fent-hi nit, de cam\u00ed&hellip;  <a href=\"https:\/\/agora.xtec.cat\/sescollbato\/linstitut\/historia\/\" title=\"Read Hist\u00f2ria de la vila\">Llegeix m\u00e9s\u00bb<\/a><\/p>\n","protected":false},"author":1,"featured_media":0,"parent":19,"menu_order":20,"comment_status":"closed","ping_status":"closed","template":"page-templates\/side-menu.php","meta":{"_bbp_topic_count":0,"_bbp_reply_count":0,"_bbp_total_topic_count":0,"_bbp_total_reply_count":0,"_bbp_voice_count":0,"_bbp_anonymous_reply_count":0,"_bbp_topic_count_hidden":0,"_bbp_reply_count_hidden":0,"_bbp_forum_subforum_count":0,"footnotes":""},"class_list":["post-27","page","type-page","status-publish","hentry"],"post_mailing_queue_ids":[],"_links":{"self":[{"href":"https:\/\/agora.xtec.cat\/sescollbato\/wp-json\/wp\/v2\/pages\/27","targetHints":{"allow":["GET"]}}],"collection":[{"href":"https:\/\/agora.xtec.cat\/sescollbato\/wp-json\/wp\/v2\/pages"}],"about":[{"href":"https:\/\/agora.xtec.cat\/sescollbato\/wp-json\/wp\/v2\/types\/page"}],"author":[{"embeddable":true,"href":"https:\/\/agora.xtec.cat\/sescollbato\/wp-json\/wp\/v2\/users\/1"}],"replies":[{"embeddable":true,"href":"https:\/\/agora.xtec.cat\/sescollbato\/wp-json\/wp\/v2\/comments?post=27"}],"version-history":[{"count":4,"href":"https:\/\/agora.xtec.cat\/sescollbato\/wp-json\/wp\/v2\/pages\/27\/revisions"}],"predecessor-version":[{"id":1482,"href":"https:\/\/agora.xtec.cat\/sescollbato\/wp-json\/wp\/v2\/pages\/27\/revisions\/1482"}],"up":[{"embeddable":true,"href":"https:\/\/agora.xtec.cat\/sescollbato\/wp-json\/wp\/v2\/pages\/19"}],"wp:attachment":[{"href":"https:\/\/agora.xtec.cat\/sescollbato\/wp-json\/wp\/v2\/media?parent=27"}],"curies":[{"name":"wp","href":"https:\/\/api.w.org\/{rel}","templated":true}]}}