{"id":2570,"date":"2020-01-13T11:55:01","date_gmt":"2020-01-13T10:55:01","guid":{"rendered":"http:\/\/agora.xtec.cat\/sescollbato\/?page_id=2570"},"modified":"2025-04-25T10:55:43","modified_gmt":"2025-04-25T08:55:43","slug":"pre-inscripcio-i-matricula","status":"publish","type":"page","link":"https:\/\/agora.xtec.cat\/sescollbato\/secretaria\/pre-inscripcio-i-matricula\/","title":{"rendered":"Preinscripci\u00f3"},"content":{"rendered":"<p>En aquest apartat podeu trobar tota la informaci\u00f3 i documents per realitzar la preinscripci\u00f3 al nostre centre.<\/p>\n<p><a href=\"https:\/\/preinscripcio.gencat.cat\/ca\/estudis\/eso\/informat\/calendari\/\">Preinscripci\u00f3\u00a0 ( Departament Educaci\u00f3)\u00a0<\/a><\/p>\n<p><a href=\"https:\/\/agora.xtec.cat\/sescollbato\/wp-content\/uploads\/usu225\/2023\/03\/CRITERIS-PRIORITARIS-I-COMPLEMENATRIS.pdf\">CRITERIS PRIORITARIS I COMPLEMENATRIS<\/a><\/p>\n<p><a href=\"https:\/\/agora.xtec.cat\/sescollbato\/wp-content\/uploads\/usu225\/2023\/02\/Annex-1-LLIBRET-INFORMATIU-JPO.pdf\">Annex-1-LLIBRET-INFORMATIU-JPO<\/a><\/p>\n<p><a href=\"https:\/\/agora.xtec.cat\/sescollbato\/wp-content\/uploads\/usu225\/2025\/03\/JPO-5-marc-2025.pdf\">JPO 5 mar\u00e7 2025<\/a><\/p>\n<p><a href=\"https:\/\/agora.xtec.cat\/sescollbato\/wp-content\/uploads\/usu225\/2025\/04\/INFORME_BAREM_PROVISIONAL_BAREM.pdf\">BAREM_PROVISIONAL<\/a><\/p>\n<p>LLISTA SOL\u00b7LICITUDS AMB PUNTUACIONS RESOLTES<\/p>\n<p>Dilig\u00e8ncia HPG<\/p>\n<p>LLISTA <strong>DEFINITIVA\u00a0<\/strong>DE SOL\u00b7LICITUDS DE DEMANDA DEL CENTRE<\/p>\n<p>LLISTA D&#8217;ESPERA<\/p>\n<p>ALUMNES PREINSCRITS<\/p>\n<p>ALUMNES ASSIGNATS<\/p>\n<p>&nbsp;<\/p>\n","protected":false},"excerpt":{"rendered":"<p>En aquest apartat podeu trobar tota la informaci\u00f3 i documents per realitzar la preinscripci\u00f3 al nostre centre.<br \/>\n<a href=\"https:\/\/preinscripcio.gencat.cat\/ca\/estudis\/eso\/informat\/calendari\/\">Preinscripci\u00f3\u00a0 ( Departament Educaci\u00f3)\u00a0<\/a><br \/>\n<a href=\"https:\/\/agora.xtec.cat\/sescollbato\/wp-content\/uploads\/usu225\/2023\/03\/CRITERIS-PRIORITARIS-I-COMPLEMENATRIS.pdf\">CRITERIS PRIORITARIS I COMPLEMENATRIS<\/a><br \/>\n<a href=\"https:\/\/agora.xtec.cat\/sescollbato\/wp-content\/uploads\/usu225\/2023\/02\/Annex-1-LLIBRET-INFORMATIU-JPO.pdf\">Annex-1-LLIBRET-INFORMATIU-JPO<\/a><br \/>\n<a href=\"https:\/\/agora.xtec.cat\/sescollbato\/wp-content\/uploads\/usu225\/2025\/03\/JPO-5-marc-2025.pdf\">JPO 5 mar\u00e7 2025<\/a><br \/>\n<a href=\"https:\/\/agora.xtec.cat\/sescollbato\/wp-content\/uploads\/usu225\/2025\/04\/INFORME_BAREM_PROVISIONAL_BAREM.pdf\">BAREM_PROVISIONAL<\/a><br \/>\nLLISTA SOL\u00b7LICITUDS AMB PUNTUACIONS RESOLTES<br \/>\nDilig\u00e8ncia HPG<br \/>\nLLISTA DEFINITIVA\u00a0DE SOL\u00b7LICITUDS DE DEMANDA DEL CENTRE<br \/>\nLLISTA D&#8217;ESPERA<br \/>\nALUMNES PREINSCRITS<br \/>\nALUMNES ASSIGNATS<br \/>\n&nbsp;<\/p>\n","protected":false},"author":1,"featured_media":0,"parent":81,"menu_order":50,"comment_status":"closed","ping_status":"closed","template":"page-templates\/side-menu.php","meta":{"_bbp_topic_count":0,"_bbp_reply_count":0,"_bbp_total_topic_count":0,"_bbp_total_reply_count":0,"_bbp_voice_count":0,"_bbp_anonymous_reply_count":0,"_bbp_topic_count_hidden":0,"_bbp_reply_count_hidden":0,"_bbp_forum_subforum_count":0,"footnotes":""},"class_list":["post-2570","page","type-page","status-publish","hentry"],"post_mailing_queue_ids":[],"_links":{"self":[{"href":"https:\/\/agora.xtec.cat\/sescollbato\/wp-json\/wp\/v2\/pages\/2570","targetHints":{"allow":["GET"]}}],"collection":[{"href":"https:\/\/agora.xtec.cat\/sescollbato\/wp-json\/wp\/v2\/pages"}],"about":[{"href":"https:\/\/agora.xtec.cat\/sescollbato\/wp-json\/wp\/v2\/types\/page"}],"author":[{"embeddable":true,"href":"https:\/\/agora.xtec.cat\/sescollbato\/wp-json\/wp\/v2\/users\/1"}],"replies":[{"embeddable":true,"href":"https:\/\/agora.xtec.cat\/sescollbato\/wp-json\/wp\/v2\/comments?post=2570"}],"version-history":[{"count":7,"href":"https:\/\/agora.xtec.cat\/sescollbato\/wp-json\/wp\/v2\/pages\/2570\/revisions"}],"predecessor-version":[{"id":5180,"href":"https:\/\/agora.xtec.cat\/sescollbato\/wp-json\/wp\/v2\/pages\/2570\/revisions\/5180"}],"up":[{"embeddable":true,"href":"https:\/\/agora.xtec.cat\/sescollbato\/wp-json\/wp\/v2\/pages\/81"}],"wp:attachment":[{"href":"https:\/\/agora.xtec.cat\/sescollbato\/wp-json\/wp\/v2\/media?parent=2570"}],"curies":[{"name":"wp","href":"https:\/\/api.w.org\/{rel}","templated":true}]}}