{"id":2356,"date":"2019-09-30T08:50:27","date_gmt":"2019-09-30T06:50:27","guid":{"rendered":"http:\/\/agora.xtec.cat\/sescollbato\/?page_id=2356"},"modified":"2025-10-02T10:58:27","modified_gmt":"2025-10-02T08:58:27","slug":"criteris-avaluacio-curs-2019-2020","status":"publish","type":"page","link":"https:\/\/agora.xtec.cat\/sescollbato\/alumnat\/criteris-avaluacio-curs-2019-2020\/","title":{"rendered":"Criteris avaluaci\u00f3"},"content":{"rendered":"<p>&nbsp;<\/p>\n<table style=\"height: 609px; width: 96.0993%;\" width=\"725\">\n<tbody>\n<tr style=\"height: 213px;\">\n<td style=\"width: 25.2066%; height: 213px;\">CATAL\u00c0<\/p>\n<p><a href=\"https:\/\/agora.xtec.cat\/sescollbato\/wp-content\/uploads\/usu225\/2024\/11\/Criteris-Llengua-catalana-1r-2024-25.docx.pdf\">Llengua catalana 1r 2024-25<\/a><\/p>\n<p><a href=\"https:\/\/agora.xtec.cat\/sescollbato\/wp-content\/uploads\/usu225\/2024\/11\/Criteris-Llengua-catalana-2n-2024-25.docx.pdf\">Llengua catalana 2n 2024-25<\/a><\/p>\n<p><a href=\"https:\/\/agora.xtec.cat\/sescollbato\/wp-content\/uploads\/usu225\/2024\/11\/Criteris-Llengua-catalana-3r-2024-25.docx.pdf\">Llengua catalana 3r 2024-25<\/a><\/p>\n<p><a href=\"https:\/\/agora.xtec.cat\/sescollbato\/wp-content\/uploads\/usu225\/2024\/11\/Criteris-Llengua-catalana-4t-2024-25.docx.pdf\">Llengua catalana 4t 2024-25<\/a><\/p>\n<p>&nbsp;<\/td>\n<td style=\"width: 23.6915%; height: 213px;\">CASTELL\u00c0<\/p>\n<p><a href=\"https:\/\/agora.xtec.cat\/sescollbato\/wp-content\/uploads\/usu225\/2024\/11\/Criteris-avaluacio-castella-1ESO-24-25.docx.pdf\">Criteris avaluaci\u00f3 castell\u00e0 1ESO 24-25<\/a><\/p>\n<p><a href=\"https:\/\/agora.xtec.cat\/sescollbato\/wp-content\/uploads\/usu225\/2024\/11\/Criteris-avaluacio-castella-2n-ESO-24-25.docx.pdf\">Criteris avaluaci\u00f3 castell\u00e0 2n ESO 24-25<\/a><\/p>\n<p><a href=\"https:\/\/agora.xtec.cat\/sescollbato\/wp-content\/uploads\/usu225\/2024\/11\/Criteris-avaluacio-castella-3r-ESO-24-25.docx.pdf\">Criteris avaluaci\u00f3 castell\u00e0 3r ESO 24-25<\/a><\/p>\n<p><a href=\"https:\/\/agora.xtec.cat\/sescollbato\/wp-content\/uploads\/usu225\/2024\/11\/Criteris-avaluacio-castella-4t-ESO-24-25.docx.pdf\">Criteris avaluaci\u00f3 castell\u00e0 4t ESO 24-25<\/a><\/td>\n<td style=\"width: 24.9311%; height: 213px;\">ANGL\u00c8S<\/p>\n<p><a href=\"https:\/\/agora.xtec.cat\/sescollbato\/wp-content\/uploads\/usu225\/2024\/11\/Angles-1r-ESO-24-25.pdf\">Criteris avaluaci\u00f3 Angl\u00e8s 1r ESO 24-25<\/a><\/p>\n<p><a href=\"https:\/\/agora.xtec.cat\/sescollbato\/wp-content\/uploads\/usu225\/2024\/11\/Criteris-Avaluacio-Angles-2n-ESO-24-25.pdf\">Criteris Avaluaci\u00f3 Angl\u00e8s 2n ESO 24-25<\/a><\/p>\n<p><a href=\"https:\/\/agora.xtec.cat\/sescollbato\/wp-content\/uploads\/usu225\/2024\/11\/Criteris-Avaluacio-Angles-3er-ESO-24-25.pdf\">Criteris Avaluaci\u00f3 Angl\u00e8s 3er ESO 24-25<\/a><\/p>\n<p><a href=\"https:\/\/agora.xtec.cat\/sescollbato\/wp-content\/uploads\/usu225\/2024\/11\/Criteris-Avaluacio-Angles-4rt-24-25.pdf\">Criteris Avaluaci\u00f3 Angl\u00e8s 4rt 24-25<\/a><\/td>\n<td style=\"width: 24.3802%; height: 213px;\">FRANC\u00c8S<\/p>\n<p>&nbsp;<\/p>\n<p>&nbsp;<\/td>\n<\/tr>\n<tr style=\"height: 213px;\">\n<td style=\"width: 25.2066%; height: 10px;\">FILOSOFIA<\/td>\n<td style=\"width: 23.6915%; height: 10px;\">SOCIALS<\/p>\n<p><a href=\"https:\/\/agora.xtec.cat\/sescollbato\/wp-content\/uploads\/usu225\/2024\/11\/Criteris-davaluacio-de-1r.-Socials-2024-25.docx.pdf\">Criteris d&#8217;avaluaci\u00f3 de 1r. Socials 2024-25<\/a><\/p>\n<p><a href=\"https:\/\/agora.xtec.cat\/sescollbato\/wp-content\/uploads\/usu225\/2024\/11\/Criteris-davaluacio-Socials-2n-CURS-24-25.docx.pdf\">Criteris d&#8217;avaluaci\u00f3 Socials 2n CURS 24-25<\/a><\/p>\n<p><a href=\"https:\/\/agora.xtec.cat\/sescollbato\/wp-content\/uploads\/usu225\/2024\/11\/Criteris-davaluacio-Ciencies-Socials-3r-dESO.pdf\">Criteris d&#8217;avaluaci\u00f3 Ci\u00e8ncies Socials 3r d&#8217;ESO<\/a><\/p>\n<p><a href=\"https:\/\/agora.xtec.cat\/sescollbato\/wp-content\/uploads\/usu225\/2024\/11\/Criteris-Av.-4t-24-25.pdf\">Criteris Av. 4t 24-25<\/a><\/p>\n<p>&nbsp;<\/td>\n<td style=\"width: 24.9311%; height: 10px;\">VIP<\/p>\n<p><a href=\"https:\/\/agora.xtec.cat\/sescollbato\/wp-content\/uploads\/usu225\/2024\/11\/Criteris-Aval_Educacio-Plastica-Visual-i-Audiovisual_1r-ESO-24-25.pdf\">Criteris Aval_Educaci\u00f3 Pl\u00e0stica Visual i Audiovisual_1r ESO 24-25<\/a><\/p>\n<p><a href=\"https:\/\/agora.xtec.cat\/sescollbato\/wp-content\/uploads\/usu225\/2024\/11\/Criteris-Aval_Educacio-Plastica-Visual-i-Audiovisual_3r-ESO-24-25.pdf\">Criteris Aval_Educaci\u00f3 Pl\u00e0stica Visual i Audiovisual_3r ESO 24-25<\/a><\/p>\n<p><a href=\"https:\/\/agora.xtec.cat\/sescollbato\/wp-content\/uploads\/usu225\/2024\/11\/Criteris-Aval_Expressio-Artistica_4t-ESO-24-25.pdf\">Criteris Aval_Expressi\u00f3 Art\u00edstica_4t ESO 24-25<\/a><\/td>\n<td style=\"width: 24.3802%; height: 10px;\">M\u00daSICA<\/p>\n<p><a href=\"https:\/\/agora.xtec.cat\/sescollbato\/wp-content\/uploads\/usu225\/2024\/11\/Criteris-Avaluacio-Musica-1r-ESO-24-25.pdf\">Criteris Avaluaci\u00f3 M\u00fasica 1r ESO 24-25<\/a><\/p>\n<p><a href=\"https:\/\/agora.xtec.cat\/sescollbato\/wp-content\/uploads\/usu225\/2024\/11\/Criteris-Avaluacio-Musica-2on-ESO-24-25.pdf\">Criteris Avaluaci\u00f3 M\u00fasica 2on ESO 24-25<\/a><\/p>\n<p><a href=\"https:\/\/agora.xtec.cat\/sescollbato\/wp-content\/uploads\/usu225\/2024\/11\/Criteris-Avaluacio-Musica-4rt-ESO-24-25.pdf\">Criteris Avaluaci\u00f3 M\u00fasica 4rt ESO 24-25<\/a><\/p>\n<p>&nbsp;<\/td>\n<\/tr>\n<tr style=\"height: 292px;\">\n<td style=\"width: 25.2066%; height: 292px;\">MATEM\u00c0TIQUES<\/p>\n<p>&nbsp;<\/p>\n<p>&nbsp;<\/p>\n<p>&nbsp;<\/p>\n<p><a href=\"https:\/\/agora.xtec.cat\/sescollbato\/wp-content\/uploads\/usu225\/2024\/11\/Criteris-davaluacio-i-qualificacio-MATEMATIQUES-curs-24-25.pdf\">Criteris d\u2019avaluaci\u00f3 i qualificaci\u00f3 MATEM\u00c0TIQUES curs 24-25<\/a><\/p>\n<p>&nbsp;<\/p>\n<p>&nbsp;<\/td>\n<td style=\"width: 23.6915%; height: 292px;\">CI\u00c8NCIES<\/p>\n<p><a href=\"https:\/\/agora.xtec.cat\/sescollbato\/wp-content\/uploads\/usu225\/2024\/11\/Criteris-davaluacio-CN-1r-ESO-2024-25.docx-Documents-de-Google.pdf\">Criteris d&#8217;avaluaci\u00f3 CN 1r ESO 2024-25.docx &#8211; Documents de Google<\/a><\/p>\n<p><a href=\"https:\/\/agora.xtec.cat\/sescollbato\/wp-content\/uploads\/usu225\/2024\/11\/Criteris-davaluacio-CN-2n-ESO-2024-25.docx-Documents-de-Google.pdf\">Criteris d&#8217;avaluaci\u00f3 CN 2n ESO 2024-25.docx &#8211; Documents de Google<\/a><\/p>\n<p><a href=\"https:\/\/agora.xtec.cat\/sescollbato\/wp-content\/uploads\/usu225\/2024\/11\/Criteris-davaluacio-Bio-Geo-3r-ESO-2024-25.docx-Documents-de-Google.pdf\">Criteris d&#8217;avaluaci\u00f3 Bio-Geo 3r ESO 2024-25.docx &#8211; Documents de Google<\/a><\/p>\n<p><a href=\"https:\/\/agora.xtec.cat\/sescollbato\/wp-content\/uploads\/usu225\/2024\/11\/Criteris-davaluacio-F_Q-3r-ESO-2024-25.docx-Documents-de-Google.pdf\">Criteris d&#8217;avaluaci\u00f3 FQ 3r ESO 2024-25.docx &#8211; Documents de Google<\/a><\/p>\n<p><a href=\"https:\/\/agora.xtec.cat\/sescollbato\/wp-content\/uploads\/usu225\/2024\/11\/Criteris-davaluacio-Bio-geo-4t-ESO-2024-25.docx-Documents-de-Google.pdf\">Criteris d&#8217;avaluaci\u00f3 Bio-geo 4t ESO 2024-25.docx &#8211; Documents de Google<\/a><\/p>\n<p><a href=\"https:\/\/agora.xtec.cat\/sescollbato\/wp-content\/uploads\/usu225\/2024\/11\/Criteris-davaluacio-F_Q-4t-ESO-2024-25.docx-Documents-de-Google.pdf\">Criteris d&#8217;avaluaci\u00f3 FQ 4t ESO 2024-25.docx &#8211; Documents de Google<\/a><\/p>\n<p>&nbsp;<\/td>\n<td style=\"width: 24.9311%; height: 292px;\">TECNOLOGIA \/ INFORM\u00c0TICA<\/p>\n<p>&nbsp;<\/p>\n<p><a href=\"https:\/\/agora.xtec.cat\/sescollbato\/wp-content\/uploads\/usu225\/2024\/11\/CRITERIS-DAVALUACIO-4t-ESO-CURS-24_25.pdf\">CRITERIS D&#8217;AVALUACI\u00d3 4t ESO DIGITALITZACI\u00d3 CURS 24_25<\/a><\/p>\n<p>&nbsp;<\/p>\n<p><a href=\"https:\/\/agora.xtec.cat\/sescollbato\/wp-content\/uploads\/usu225\/2024\/11\/CRITERIS-DAVALUACIO-2n-ESO-CURS-24_25.pdf\">CRITERIS D&#8217;AVALUACI\u00d3 TECNOLOGIA 2n ESO CURS 24_25<\/a><\/p>\n<p><a href=\"https:\/\/agora.xtec.cat\/sescollbato\/wp-content\/uploads\/usu225\/2024\/11\/CRITERIS-DAVALUACIO-3r-ESO-CURS-24_25.pdf\">CRITERIS D&#8217;AVALUACI\u00d3 TECNOLOGIA 3r ESO CURS 24_25<\/a><\/p>\n<p><a href=\"https:\/\/agora.xtec.cat\/sescollbato\/wp-content\/uploads\/usu225\/2024\/11\/TECNOLOGIA-QUART-CURS-ESO.pdf\">CRITERIS D&#8217;AVALUACI\u00d3 TECNOLOGIA QUART CURS ESO<\/a><\/td>\n<td style=\"width: 24.3802%; height: 292px;\">EDUCACI\u00d3 F\u00cdSICA<\/p>\n<p>&nbsp;<\/p>\n<p><a href=\"https:\/\/agora.xtec.cat\/sescollbato\/wp-content\/uploads\/usu225\/2024\/11\/Criteris-Avaluacio-Educacio-fisica-1r-ESO-24-25.pdf\">Criteris Avaluaci\u00f3 Educaci\u00f3 f\u00edsica 1r ESO 24-25<\/a><\/p>\n<p><a href=\"https:\/\/agora.xtec.cat\/sescollbato\/wp-content\/uploads\/usu225\/2024\/11\/Criteris-Avaluacio-Educacio-fisica-2n-ESO-24-25.pdf\">Criteris Avaluaci\u00f3 Educaci\u00f3 f\u00edsica 2n ESO 24-25<\/a><\/p>\n<p><a href=\"https:\/\/agora.xtec.cat\/sescollbato\/wp-content\/uploads\/usu225\/2024\/11\/Criteris-Avaluacio-Educacio-fisica-3r-ESO-24-25.pdf\">Criteris Avaluaci\u00f3 Educaci\u00f3 f\u00edsica 3r ESO 24-25<\/a><\/p>\n<p><a href=\"https:\/\/agora.xtec.cat\/sescollbato\/wp-content\/uploads\/usu225\/2024\/11\/Criteris-Avaluacio-Educacio-fisica-4t-ESO-24-25.pdf\">Criteris Avaluaci\u00f3 Educaci\u00f3 f\u00edsica 4t ESO 24-25<\/a><\/td>\n<\/tr>\n<tr style=\"height: 95px;\">\n<td style=\"width: 25.2066%; height: 94px;\">\u00c8TICA<\/p>\n<p><a href=\"https:\/\/agora.xtec.cat\/sescollbato\/wp-content\/uploads\/usu225\/2024\/11\/4t-ESO-24-25-Criteris-Avaluacio-etica.pdf\">Criteris Avaluaci\u00f3 \u00e8tica<\/a><\/td>\n<td style=\"width: 23.6915%; height: 94px;\">ECONOMIA\/EMPRENEDORIA<\/p>\n<p><a href=\"https:\/\/agora.xtec.cat\/sescollbato\/wp-content\/uploads\/usu225\/2024\/11\/Criteris-Avaluacio-emprenedoria-3r-ESO-24-25.docx.pdf\">Criteris Avaluaci\u00f3 emprenedoria 3r ESO 24-25.docx<\/a><\/p>\n<p><a href=\"https:\/\/agora.xtec.cat\/sescollbato\/wp-content\/uploads\/usu225\/2024\/11\/Criteris-Avaluacio-emprenedoria-4rt-ESO-24-25.docx.pdf\">Criteris Avaluaci\u00f3 emprenedoria 4rt ESO 24-25.docx<\/a><\/p>\n<p><a href=\"https:\/\/agora.xtec.cat\/sescollbato\/wp-content\/uploads\/usu225\/2024\/11\/Criteris-Avaluacio-Economia-4t-ESO-24-25.pdf\">Criteris Avaluaci\u00f3 Economia 4t ESO 24-25<\/a><\/td>\n<td style=\"width: 24.9311%; height: 94px;\">LLAT\u00cd<\/p>\n<p><a href=\"https:\/\/agora.xtec.cat\/sescollbato\/wp-content\/uploads\/usu225\/2024\/11\/Copia-de-Criteris-avaluacio-llati-24-25.pdf\">Criteris avaluaci\u00f3 llat\u00ed 24-25<\/a><a href=\"https:\/\/agora.xtec.cat\/sescollbato\/wp-content\/uploads\/usu225\/2024\/11\/4t-ESO-24-25-Criteris-Avaluacio-etica.pdf\">_4t ESO 24-25\u00a0<\/a><\/td>\n<td style=\"width: 24.3802%; height: 94px;\"><\/td>\n<\/tr>\n<\/tbody>\n<\/table>\n<p>&nbsp;<\/p>\n<p>&nbsp;<\/p>\n<p>&nbsp;<\/p>\n<p>&nbsp;<\/p>\n","protected":false},"excerpt":{"rendered":"<p>&nbsp;<\/p>\n<p>CATAL\u00c0<br \/>\n<a href=\"https:\/\/agora.xtec.cat\/sescollbato\/wp-content\/uploads\/usu225\/2024\/11\/Criteris-Llengua-catalana-1r-2024-25.docx.pdf\">Llengua catalana 1r 2024-25<\/a><br \/>\n<a href=\"https:\/\/agora.xtec.cat\/sescollbato\/wp-content\/uploads\/usu225\/2024\/11\/Criteris-Llengua-catalana-2n-2024-25.docx.pdf\">Llengua catalana 2n 2024-25<\/a><br \/>\n<a href=\"https:\/\/agora.xtec.cat\/sescollbato\/wp-content\/uploads\/usu225\/2024\/11\/Criteris-Llengua-catalana-3r-2024-25.docx.pdf\">Llengua catalana 3r 2024-25<\/a><br \/>\n<a href=\"https:\/\/agora.xtec.cat\/sescollbato\/wp-content\/uploads\/usu225\/2024\/11\/Criteris-Llengua-catalana-4t-2024-25.docx.pdf\">Llengua catalana 4t 2024-25<\/a><br \/>\n&nbsp;<br \/>\nCASTELL\u00c0<br \/>\n<a href=\"https:\/\/agora.xtec.cat\/sescollbato\/wp-content\/uploads\/usu225\/2024\/11\/Criteris-avaluacio-castella-1ESO-24-25.docx.pdf\">Criteris avaluaci\u00f3 castell\u00e0 1ESO 24-25<\/a><br \/>\n<a href=\"https:\/\/agora.xtec.cat\/sescollbato\/wp-content\/uploads\/usu225\/2024\/11\/Criteris-avaluacio-castella-2n-ESO-24-25.docx.pdf\">Criteris avaluaci\u00f3 castell\u00e0 2n ESO 24-25<\/a><br \/>\n<a href=\"https:\/\/agora.xtec.cat\/sescollbato\/wp-content\/uploads\/usu225\/2024\/11\/Criteris-avaluacio-castella-3r-ESO-24-25.docx.pdf\">Criteris avaluaci\u00f3 castell\u00e0 3r ESO 24-25<\/a><br \/>\n<a href=\"https:\/\/agora.xtec.cat\/sescollbato\/wp-content\/uploads\/usu225\/2024\/11\/Criteris-avaluacio-castella-4t-ESO-24-25.docx.pdf\">Criteris avaluaci\u00f3 castell\u00e0 4t ESO 24-25<\/a><br \/>\nANGL\u00c8S<br \/>\n<a href=\"https:\/\/agora.xtec.cat\/sescollbato\/wp-content\/uploads\/usu225\/2024\/11\/Angles-1r-ESO-24-25.pdf\">Criteris avaluaci\u00f3 Angl\u00e8s 1r ESO&hellip;  <a href=\"https:\/\/agora.xtec.cat\/sescollbato\/alumnat\/criteris-avaluacio-curs-2019-2020\/\" title=\"Read Criteris avaluaci\u00f3\">Llegeix m\u00e9s\u00bb<\/a><\/p>\n","protected":false},"author":1,"featured_media":0,"parent":5254,"menu_order":40,"comment_status":"closed","ping_status":"closed","template":"page-templates\/side-menu.php","meta":{"_bbp_topic_count":0,"_bbp_reply_count":0,"_bbp_total_topic_count":0,"_bbp_total_reply_count":0,"_bbp_voice_count":0,"_bbp_anonymous_reply_count":0,"_bbp_topic_count_hidden":0,"_bbp_reply_count_hidden":0,"_bbp_forum_subforum_count":0,"footnotes":""},"class_list":["post-2356","page","type-page","status-publish","hentry"],"post_mailing_queue_ids":[],"_links":{"self":[{"href":"https:\/\/agora.xtec.cat\/sescollbato\/wp-json\/wp\/v2\/pages\/2356","targetHints":{"allow":["GET"]}}],"collection":[{"href":"https:\/\/agora.xtec.cat\/sescollbato\/wp-json\/wp\/v2\/pages"}],"about":[{"href":"https:\/\/agora.xtec.cat\/sescollbato\/wp-json\/wp\/v2\/types\/page"}],"author":[{"embeddable":true,"href":"https:\/\/agora.xtec.cat\/sescollbato\/wp-json\/wp\/v2\/users\/1"}],"replies":[{"embeddable":true,"href":"https:\/\/agora.xtec.cat\/sescollbato\/wp-json\/wp\/v2\/comments?post=2356"}],"version-history":[{"count":5,"href":"https:\/\/agora.xtec.cat\/sescollbato\/wp-json\/wp\/v2\/pages\/2356\/revisions"}],"predecessor-version":[{"id":5086,"href":"https:\/\/agora.xtec.cat\/sescollbato\/wp-json\/wp\/v2\/pages\/2356\/revisions\/5086"}],"up":[{"embeddable":true,"href":"https:\/\/agora.xtec.cat\/sescollbato\/wp-json\/wp\/v2\/pages\/5254"}],"wp:attachment":[{"href":"https:\/\/agora.xtec.cat\/sescollbato\/wp-json\/wp\/v2\/media?parent=2356"}],"curies":[{"name":"wp","href":"https:\/\/api.w.org\/{rel}","templated":true}]}}