{"id":9867,"date":"2019-06-26T12:27:56","date_gmt":"2019-06-26T10:27:56","guid":{"rendered":"http:\/\/agora.xtec.cat\/sescanrecord\/?page_id=9867"},"modified":"2019-09-14T09:39:34","modified_gmt":"2019-09-14T07:39:34","slug":"projecte-de-convivencia","status":"publish","type":"page","link":"https:\/\/agora.xtec.cat\/sescanrecord\/documentacio-de-centre\/projecte-de-convivencia\/","title":{"rendered":"Projecte de Conviv\u00e8ncia"},"content":{"rendered":"<p>Us adjuntem el Projecte de Conviv\u00e8ncia de l&#8217;Institut Can Record, elaborat durant el curs acad\u00e8mic 2018-2019.<\/p>\n<p><a href=\"https:\/\/agora.xtec.cat\/sescanrecord\/wp-content\/uploads\/usu535\/2019\/06\/C\u00f2pia-de-PROJECTE-DE-CONVIV\u00c8NCIA-Can-Record.pdf\">Projecte de Conviv\u00e8ncia\u00a0<\/a><\/p>\n","protected":false},"excerpt":{"rendered":"<p>Us adjuntem el Projecte de Conviv\u00e8ncia de l&#8217;Institut Can Record, elaborat durant el curs acad\u00e8mic 2018-2019.<br \/>\n<a href=\"https:\/\/agora.xtec.cat\/sescanrecord\/wp-content\/uploads\/usu535\/2019\/06\/C\u00f2pia-de-PROJECTE-DE-CONVIV\u00c8NCIA-Can-Record.pdf\">Projecte de Conviv\u00e8ncia\u00a0<\/a><\/p>\n","protected":false},"author":1,"featured_media":0,"parent":449,"menu_order":0,"comment_status":"closed","ping_status":"closed","template":"page-templates\/side-menu.php","meta":{"_bbp_topic_count":0,"_bbp_reply_count":0,"_bbp_total_topic_count":0,"_bbp_total_reply_count":0,"_bbp_voice_count":0,"_bbp_anonymous_reply_count":0,"_bbp_topic_count_hidden":0,"_bbp_reply_count_hidden":0,"_bbp_forum_subforum_count":0,"footnotes":""},"class_list":["post-9867","page","type-page","status-publish","hentry"],"post_mailing_queue_ids":[],"_links":{"self":[{"href":"https:\/\/agora.xtec.cat\/sescanrecord\/wp-json\/wp\/v2\/pages\/9867","targetHints":{"allow":["GET"]}}],"collection":[{"href":"https:\/\/agora.xtec.cat\/sescanrecord\/wp-json\/wp\/v2\/pages"}],"about":[{"href":"https:\/\/agora.xtec.cat\/sescanrecord\/wp-json\/wp\/v2\/types\/page"}],"author":[{"embeddable":true,"href":"https:\/\/agora.xtec.cat\/sescanrecord\/wp-json\/wp\/v2\/users\/1"}],"replies":[{"embeddable":true,"href":"https:\/\/agora.xtec.cat\/sescanrecord\/wp-json\/wp\/v2\/comments?post=9867"}],"version-history":[{"count":3,"href":"https:\/\/agora.xtec.cat\/sescanrecord\/wp-json\/wp\/v2\/pages\/9867\/revisions"}],"predecessor-version":[{"id":9982,"href":"https:\/\/agora.xtec.cat\/sescanrecord\/wp-json\/wp\/v2\/pages\/9867\/revisions\/9982"}],"up":[{"embeddable":true,"href":"https:\/\/agora.xtec.cat\/sescanrecord\/wp-json\/wp\/v2\/pages\/449"}],"wp:attachment":[{"href":"https:\/\/agora.xtec.cat\/sescanrecord\/wp-json\/wp\/v2\/media?parent=9867"}],"curies":[{"name":"wp","href":"https:\/\/api.w.org\/{rel}","templated":true}]}}