{"id":9693,"date":"2019-01-21T09:36:42","date_gmt":"2019-01-21T08:36:42","guid":{"rendered":"http:\/\/agora.xtec.cat\/sescanrecord\/?page_id=9693"},"modified":"2023-10-30T17:06:49","modified_gmt":"2023-10-30T16:06:49","slug":"pla-tac","status":"publish","type":"page","link":"https:\/\/agora.xtec.cat\/sescanrecord\/documentacio-de-centre\/pla-tac\/","title":{"rendered":"Estrat\u00e8gia digital de centre"},"content":{"rendered":"<p dir=\"ltr\">En el nostre centre, pel que fa als aspectes sobre tecnologia digital, cal tenir en compte que en els \u00faltims anys s&#8217;ha fet una clara aposta per la digitalitzaci\u00f3 del centre. Aix\u00ed, tot l&#8217;alumnat i professorat disposa d&#8217;un usuari de centre que els permet tenir serveis com s\u00f3n el correu electr\u00f2nic o l&#8217;emmagatzematge al n\u00favol. Amb aquests usuaris es realitza tota la comunicaci\u00f3 del centre.<\/p>\n<p>&nbsp;<\/p>\n<p dir=\"ltr\">A m\u00e9s, des del curs 2019-20, el centre aposta pel model 1&#215;1. Cada alumne disposa d\u2019un ordinador de propietat o cedit des del Departament d&#8217;Educaci\u00f3 de la Generalitat de Catalunya que porta cada dia al centre per poder treballar les diferents mat\u00e8ries al llarg de la seva etapa de l&#8217;ESO. De la mateixa manera, el centre cedeix un ordinador port\u00e0til a cada professor que s&#8217;incorpora al centre.<\/p>\n<p dir=\"ltr\"><a href=\"https:\/\/sites.google.com\/canrecord.cat\/edc-can-record\/presentaci%C3%B3?authuser=1\">Enlla\u00e7<\/a><\/p>\n<p dir=\"ltr\">\n","protected":false},"excerpt":{"rendered":"<p>En el nostre centre, pel que fa als aspectes sobre tecnologia digital, cal tenir en compte que en els \u00faltims anys s&#8217;ha fet una clara aposta per la digitalitzaci\u00f3 del centre. Aix\u00ed, tot l&#8217;alumnat i professorat disposa d&#8217;un usuari de centre que els permet tenir&hellip;  <a href=\"https:\/\/agora.xtec.cat\/sescanrecord\/documentacio-de-centre\/pla-tac\/\" title=\"Read Estrat\u00e8gia digital de centre\">Llegeix m\u00e9s\u00bb<\/a><\/p>\n","protected":false},"author":1,"featured_media":0,"parent":449,"menu_order":0,"comment_status":"closed","ping_status":"closed","template":"page-templates\/side-menu.php","meta":{"_bbp_topic_count":0,"_bbp_reply_count":0,"_bbp_total_topic_count":0,"_bbp_total_reply_count":0,"_bbp_voice_count":0,"_bbp_anonymous_reply_count":0,"_bbp_topic_count_hidden":0,"_bbp_reply_count_hidden":0,"_bbp_forum_subforum_count":0,"footnotes":""},"class_list":["post-9693","page","type-page","status-publish","hentry"],"post_mailing_queue_ids":[],"_links":{"self":[{"href":"https:\/\/agora.xtec.cat\/sescanrecord\/wp-json\/wp\/v2\/pages\/9693","targetHints":{"allow":["GET"]}}],"collection":[{"href":"https:\/\/agora.xtec.cat\/sescanrecord\/wp-json\/wp\/v2\/pages"}],"about":[{"href":"https:\/\/agora.xtec.cat\/sescanrecord\/wp-json\/wp\/v2\/types\/page"}],"author":[{"embeddable":true,"href":"https:\/\/agora.xtec.cat\/sescanrecord\/wp-json\/wp\/v2\/users\/1"}],"replies":[{"embeddable":true,"href":"https:\/\/agora.xtec.cat\/sescanrecord\/wp-json\/wp\/v2\/comments?post=9693"}],"version-history":[{"count":3,"href":"https:\/\/agora.xtec.cat\/sescanrecord\/wp-json\/wp\/v2\/pages\/9693\/revisions"}],"predecessor-version":[{"id":12096,"href":"https:\/\/agora.xtec.cat\/sescanrecord\/wp-json\/wp\/v2\/pages\/9693\/revisions\/12096"}],"up":[{"embeddable":true,"href":"https:\/\/agora.xtec.cat\/sescanrecord\/wp-json\/wp\/v2\/pages\/449"}],"wp:attachment":[{"href":"https:\/\/agora.xtec.cat\/sescanrecord\/wp-json\/wp\/v2\/media?parent=9693"}],"curies":[{"name":"wp","href":"https:\/\/api.w.org\/{rel}","templated":true}]}}