{"id":9290,"date":"2018-05-10T13:22:09","date_gmt":"2018-05-10T11:22:09","guid":{"rendered":"http:\/\/agora.xtec.cat\/sescanrecord\/?page_id=9290"},"modified":"2024-09-18T20:11:14","modified_gmt":"2024-09-18T18:11:14","slug":"3r-deso","status":"publish","type":"page","link":"https:\/\/agora.xtec.cat\/sescanrecord\/documentacio-de-centre\/criteris-davaluacio\/3r-deso\/","title":{"rendered":"Criteris d&#8217;avaluaci\u00f3 d&#8217;Expressi\u00f3"},"content":{"rendered":"<p><a href=\"https:\/\/agora.xtec.cat\/sescanrecord\/wp-content\/uploads\/usu535\/2021\/09\/21-22-CRITERIS-DAVALUACIO\u0301-ESO-MU\u0301SICA.pdf\" target=\"_blank\" rel=\"noopener\">M\u00fasica criteris d&#8217;avaluaci\u00f3<\/a><\/p>\n<p><a href=\"https:\/\/agora.xtec.cat\/sescanrecord\/wp-content\/uploads\/usu535\/2024\/09\/Criteris_AV_1r_2n_4t-ViP.pdf\" target=\"_blank\" rel=\"noopener\">Visual i Pl\u00e0stica criteris d&#8217;avaluaci\u00f3<\/a><\/p>\n<p><a href=\"https:\/\/agora.xtec.cat\/sescanrecord\/wp-content\/uploads\/usu535\/2024\/09\/Socials-Criteris-d\u00b4avaluacio-2024-2025-1.pdf\">Socials, Economia i Filosofia criteris d&#8217;avaluaci\u00f3<\/a><\/p>\n<p><a href=\"https:\/\/agora.xtec.cat\/sescanrecord\/wp-content\/uploads\/usu535\/2024\/09\/Criteris-davaluacio-EDUCACIO-FISICA-curs-2024-25.docx.pdf\" target=\"_blank\" rel=\"noopener\">Educaci\u00f3 F\u00edsica criteris d&#8217;avaluaci\u00f3<\/a><\/p>\n<p><a href=\"https:\/\/agora.xtec.cat\/sescanrecord\/wp-content\/uploads\/usu535\/2024\/09\/Criteris_A.ESCENIQUES_4tESO_EXP.pdf\">Arts esc\u00e8niques criteris d&#8217;avaluaci\u00f3<\/a><\/p>\n","protected":false},"excerpt":{"rendered":"<p><a href=\"https:\/\/agora.xtec.cat\/sescanrecord\/wp-content\/uploads\/usu535\/2021\/09\/21-22-CRITERIS-DAVALUACIO\u0301-ESO-MU\u0301SICA.pdf\" target=\"_blank\" rel=\"noopener\">M\u00fasica criteris d&#8217;avaluaci\u00f3<\/a><br \/>\n<a href=\"https:\/\/agora.xtec.cat\/sescanrecord\/wp-content\/uploads\/usu535\/2024\/09\/Criteris_AV_1r_2n_4t-ViP.pdf\" target=\"_blank\" rel=\"noopener\">Visual i Pl\u00e0stica criteris d&#8217;avaluaci\u00f3<\/a><br \/>\n<a href=\"https:\/\/agora.xtec.cat\/sescanrecord\/wp-content\/uploads\/usu535\/2024\/09\/Socials-Criteris-d\u00b4avaluacio-2024-2025-1.pdf\">Socials, Economia i Filosofia criteris d&#8217;avaluaci\u00f3<\/a><br \/>\n<a href=\"https:\/\/agora.xtec.cat\/sescanrecord\/wp-content\/uploads\/usu535\/2024\/09\/Criteris-davaluacio-EDUCACIO-FISICA-curs-2024-25.docx.pdf\" target=\"_blank\" rel=\"noopener\">Educaci\u00f3 F\u00edsica criteris d&#8217;avaluaci\u00f3<\/a><br \/>\n<a href=\"https:\/\/agora.xtec.cat\/sescanrecord\/wp-content\/uploads\/usu535\/2024\/09\/Criteris_A.ESCENIQUES_4tESO_EXP.pdf\">Arts esc\u00e8niques criteris d&#8217;avaluaci\u00f3<\/a><\/p>\n","protected":false},"author":1,"featured_media":0,"parent":9280,"menu_order":0,"comment_status":"closed","ping_status":"closed","template":"","meta":{"_bbp_topic_count":0,"_bbp_reply_count":0,"_bbp_total_topic_count":0,"_bbp_total_reply_count":0,"_bbp_voice_count":0,"_bbp_anonymous_reply_count":0,"_bbp_topic_count_hidden":0,"_bbp_reply_count_hidden":0,"_bbp_forum_subforum_count":0,"footnotes":""},"class_list":["post-9290","page","type-page","status-publish","hentry"],"post_mailing_queue_ids":[],"_links":{"self":[{"href":"https:\/\/agora.xtec.cat\/sescanrecord\/wp-json\/wp\/v2\/pages\/9290","targetHints":{"allow":["GET"]}}],"collection":[{"href":"https:\/\/agora.xtec.cat\/sescanrecord\/wp-json\/wp\/v2\/pages"}],"about":[{"href":"https:\/\/agora.xtec.cat\/sescanrecord\/wp-json\/wp\/v2\/types\/page"}],"author":[{"embeddable":true,"href":"https:\/\/agora.xtec.cat\/sescanrecord\/wp-json\/wp\/v2\/users\/1"}],"replies":[{"embeddable":true,"href":"https:\/\/agora.xtec.cat\/sescanrecord\/wp-json\/wp\/v2\/comments?post=9290"}],"version-history":[{"count":6,"href":"https:\/\/agora.xtec.cat\/sescanrecord\/wp-json\/wp\/v2\/pages\/9290\/revisions"}],"predecessor-version":[{"id":12732,"href":"https:\/\/agora.xtec.cat\/sescanrecord\/wp-json\/wp\/v2\/pages\/9290\/revisions\/12732"}],"up":[{"embeddable":true,"href":"https:\/\/agora.xtec.cat\/sescanrecord\/wp-json\/wp\/v2\/pages\/9280"}],"wp:attachment":[{"href":"https:\/\/agora.xtec.cat\/sescanrecord\/wp-json\/wp\/v2\/media?parent=9290"}],"curies":[{"name":"wp","href":"https:\/\/api.w.org\/{rel}","templated":true}]}}