{"id":55,"date":"2014-09-17T16:59:49","date_gmt":"2014-09-17T16:59:49","guid":{"rendered":"http:\/\/agora.xtec.cat\/sescanrecord\/?page_id=55"},"modified":"2024-07-28T13:18:43","modified_gmt":"2024-07-28T11:18:43","slug":"horaris","status":"publish","type":"page","link":"https:\/\/agora.xtec.cat\/sescanrecord\/linstitut\/horaris\/","title":{"rendered":"Horaris"},"content":{"rendered":"<p>Les classes comencen a les 8:00 h del mat\u00ed i acaben a les 14:30 h. Durant el mat\u00ed es realitzen dos patis, un de 25 minuts i un de 10 minuts.<\/p>\n<p>Pel que fa a secretaria, l&#8217;horari d&#8217;atenci\u00f3 al p\u00fablic \u00e9s de dilluns a divendres de 8:30 a 14:00. Si voleu contactar ho podeu fer a trav\u00e9s del seg\u00fcent correu electr\u00f2nic:<strong> institutcanrecord@gmail.com<\/strong><\/p>\n<p>&nbsp;<\/p>\n","protected":false},"excerpt":{"rendered":"<p>Les classes comencen a les 8:00 h del mat\u00ed i acaben a les 14:30 h. Durant el mat\u00ed es realitzen dos patis, un de 25 minuts i un de 10 minuts.<br \/>\nPel que fa a secretaria, l&#8217;horari d&#8217;atenci\u00f3 al p\u00fablic \u00e9s de dilluns a divendres de&hellip;  <a href=\"https:\/\/agora.xtec.cat\/sescanrecord\/linstitut\/horaris\/\" title=\"Read Horaris\">Llegeix m\u00e9s\u00bb<\/a><\/p>\n","protected":false},"author":1,"featured_media":0,"parent":19,"menu_order":80,"comment_status":"closed","ping_status":"closed","template":"page-templates\/side-menu.php","meta":{"_bbp_topic_count":0,"_bbp_reply_count":0,"_bbp_total_topic_count":0,"_bbp_total_reply_count":0,"_bbp_voice_count":0,"_bbp_anonymous_reply_count":0,"_bbp_topic_count_hidden":0,"_bbp_reply_count_hidden":0,"_bbp_forum_subforum_count":0,"footnotes":""},"class_list":["post-55","page","type-page","status-publish","hentry"],"post_mailing_queue_ids":[],"_links":{"self":[{"href":"https:\/\/agora.xtec.cat\/sescanrecord\/wp-json\/wp\/v2\/pages\/55","targetHints":{"allow":["GET"]}}],"collection":[{"href":"https:\/\/agora.xtec.cat\/sescanrecord\/wp-json\/wp\/v2\/pages"}],"about":[{"href":"https:\/\/agora.xtec.cat\/sescanrecord\/wp-json\/wp\/v2\/types\/page"}],"author":[{"embeddable":true,"href":"https:\/\/agora.xtec.cat\/sescanrecord\/wp-json\/wp\/v2\/users\/1"}],"replies":[{"embeddable":true,"href":"https:\/\/agora.xtec.cat\/sescanrecord\/wp-json\/wp\/v2\/comments?post=55"}],"version-history":[{"count":4,"href":"https:\/\/agora.xtec.cat\/sescanrecord\/wp-json\/wp\/v2\/pages\/55\/revisions"}],"predecessor-version":[{"id":12691,"href":"https:\/\/agora.xtec.cat\/sescanrecord\/wp-json\/wp\/v2\/pages\/55\/revisions\/12691"}],"up":[{"embeddable":true,"href":"https:\/\/agora.xtec.cat\/sescanrecord\/wp-json\/wp\/v2\/pages\/19"}],"wp:attachment":[{"href":"https:\/\/agora.xtec.cat\/sescanrecord\/wp-json\/wp\/v2\/media?parent=55"}],"curies":[{"name":"wp","href":"https:\/\/api.w.org\/{rel}","templated":true}]}}