{"id":46,"date":"2014-09-17T16:53:45","date_gmt":"2014-09-17T16:53:45","guid":{"rendered":"http:\/\/agora.xtec.cat\/sescanrecord\/?page_id=46"},"modified":"2025-10-07T08:46:42","modified_gmt":"2025-10-07T06:46:42","slug":"organigrama","status":"publish","type":"page","link":"https:\/\/agora.xtec.cat\/sescanrecord\/linstitut\/organigrama\/","title":{"rendered":"Organigrama i correus tutors\/es"},"content":{"rendered":"<p>&nbsp;<\/p>\n<h3 style=\"text-align: center;\"><span style=\"text-decoration: underline;\"><strong><span style=\"color: #008080; text-decoration: underline;\">ORGANIGRAMA<\/span><\/strong><\/span><\/h3>\n<p>&nbsp;<\/p>\n<p><img loading=\"lazy\" decoding=\"async\" class=\"alignnone size-large wp-image-9195\" src=\"http:\/\/agora.xtec.cat\/sescanrecord\/wp-content\/uploads\/usu535\/2014\/09\/organigrama-1024x481.jpg\" alt=\"\" width=\"1024\" height=\"481\" srcset=\"https:\/\/agora.xtec.cat\/sescanrecord\/wp-content\/uploads\/usu535\/2014\/09\/organigrama-1024x481.jpg 1024w, https:\/\/agora.xtec.cat\/sescanrecord\/wp-content\/uploads\/usu535\/2014\/09\/organigrama-300x141.jpg 300w, https:\/\/agora.xtec.cat\/sescanrecord\/wp-content\/uploads\/usu535\/2014\/09\/organigrama-768x361.jpg 768w, https:\/\/agora.xtec.cat\/sescanrecord\/wp-content\/uploads\/usu535\/2014\/09\/organigrama.jpg 1323w\" sizes=\"auto, (max-width: 1024px) 100vw, 1024px\" \/><\/p>\n<p><span style=\"color: #008080;\"><strong>EQUIP DIRECTIU<\/strong><\/span><\/p>\n<p>DIRECTORA: Rosa Lemos<\/p>\n<p>CAP D&#8217;ESTUDIS: Susana Parra<\/p>\n<p>COORDINADOR PEDAG\u00d2GIC: Ignasi Ib\u00e1\u00f1ez<\/p>\n<p>SECRETARIA: Judith Costa<\/p>\n<p><span style=\"color: #008080;\"><strong>DEPARTAMENT DE CI\u00c8NCIES<\/strong><\/span><\/p>\n<p>CAP DE DEPARTAMENT: Aleidis Codony<\/p>\n<p>MEMBRES: Susana Parra, Laura Soler, N\u00faria Bar\u00f3, Empar Rubio, Paco Uceda, Aleidis Codony, Manuel Moya, Agust\u00ed Calbet i Berta Ballesteros.<\/p>\n<p><strong><span style=\"color: #008080;\">DEPARTAMENT DE LLENG\u00dcES<\/span><\/strong><\/p>\n<p>CAP DE DEPARTAMENT: Montse Garcia<\/p>\n<p>MEMBRES: Imma Salvatella, Judith Costa, M\u00edriam Delgado, Sonia Casanovas, \u00c1gueda Ram\u00edrez, Montse Garcia, <span style=\"font-weight: 400;\">Ignasi Ib\u00e1\u00f1ez.<\/span><\/p>\n<p><strong><span style=\"color: #008080;\">DEPARTAMENT D&#8217;EXPRESSI\u00d3<\/span><\/strong><\/p>\n<p>CAP DE DEPARTAMENT: Pol Roura<\/p>\n<p>MEMBRES: Rosa Lemos, Maria Dou, Gemma March, Mireia Gonz\u00e1lez, Pol Roura, David Rodr\u00edguez i Laura Garcia<\/p>\n<p><strong><span style=\"color: #008080;\">COORDINACI\u00d3 DE RISCOS LABORALS<\/span><\/strong>: Maria Dou: mdou<span class=\"\">@canrecord.cat<\/span><\/p>\n<p><strong><span style=\"color: #008080;\">COORDINACI\u00d3 INFORM\u00c0TICA<\/span><\/strong>: Manuel Moya: mmoya@canrecord.cat<\/p>\n<p><strong><span style=\"color: #008080;\">COORDINACI\u00d3 LIC<\/span><\/strong>: M\u00edriam Delgado: mdelgado@canrecord.cat<\/p>\n<p><strong><span style=\"color: #008080;\">COORDINACI\u00d3 DE SORTIDES I TALLERS<\/span><\/strong> : Laura Soler: lsoler<span class=\"\">@canrecord.cat<\/span><\/p>\n<p><strong><span style=\"color: #008080;\">COCOBE<\/span><\/strong> : \u00c0gueda Ram\u00edrez: aramirez@canrecord.cat<\/p>\n<p>&nbsp;<\/p>\n<h3 style=\"text-align: left;\"><span style=\"text-decoration: underline;\"><strong><span style=\"color: #008080; text-decoration: underline;\">CORREUS TUTORS\/ES<\/span><\/strong><\/span><\/h3>\n<pre><\/pre>\n<ul>\n<li>Tutora 1r ESO A, Laura Soler: lsoler@canrecord.cat<\/li>\n<li>Tutora 1r ESO B,\u00a0Mireia Gonz\u00e1lez: mgonzalez<span class=\"\"><span class=\"\">@<\/span>canrecord.cat<\/span><\/li>\n<\/ul>\n<p>&nbsp;<\/p>\n<ul>\n<li>Tutora 2n ESO A, Empar Rubio: erubio<span class=\"\"><span class=\"\">@canrecord.cat<\/span><\/span><\/li>\n<li>Tutora 2n ESO B, Miriam Delgado: mdelgado@canrecord.cat<\/li>\n<li>Tutora 2n ESO C, Agust\u00ed Calbet: acalbet<span class=\"\"><span class=\"\">@canrecord.ca<\/span>t<\/span><\/li>\n<\/ul>\n<p>&nbsp;<\/p>\n<ul>\n<li>Tutor 3r ESO A, Paco Uceda: puceda<span class=\"\"><span class=\"\">@<\/span>canrecord.cat<\/span><\/li>\n<li>Tutor 3r ESO B, Pol Roura: proura<span class=\"\">@canrecord.cat<\/span><\/li>\n<\/ul>\n<ul>\n<li>Tutora: 4t ESO A, Gemma March: gmarch<span class=\"\"><span class=\"\"><span class=\"\"><span class=\"\">@<\/span>canrecord.cat, Manuel Moya: mmoya<span class=\"\">@canrecord.cat<\/span><\/span><\/span><\/span><\/li>\n<li>Tutora: 4t ESO B, S\u00f2nia Casanovas: scasanovas@canrecord.cat, Maria Dou: mdou@canrecord.cat, Aleidis Codony: acodony<span class=\"\">@<\/span>canrecord.cat<\/li>\n<\/ul>\n<p>&nbsp;<\/p>\n","protected":false},"excerpt":{"rendered":"<p>&nbsp;<br \/>\nORGANIGRAMA<br \/>\n&nbsp;<\/p>\n<p>EQUIP DIRECTIU<br \/>\nDIRECTORA: Rosa Lemos<br \/>\nCAP D&#8217;ESTUDIS: Susana Parra<br \/>\nCOORDINADOR PEDAG\u00d2GIC: Ignasi Ib\u00e1\u00f1ez<br \/>\nSECRETARIA: Judith Costa<br \/>\nDEPARTAMENT DE CI\u00c8NCIES<br \/>\nCAP DE DEPARTAMENT: Aleidis Codony<br \/>\nMEMBRES: Susana Parra, Laura Soler, N\u00faria Bar\u00f3, Empar Rubio, Paco Uceda, Aleidis Codony, Manuel Moya, Agust\u00ed Calbet i Berta Ballesteros.<br \/>\nDEPARTAMENT DE LLENG\u00dcES<br \/>\nCAP DE DEPARTAMENT: Montse Garcia<br \/>\nMEMBRES: Imma Salvatella,&hellip;  <a href=\"https:\/\/agora.xtec.cat\/sescanrecord\/linstitut\/organigrama\/\" title=\"Read Organigrama i correus tutors\/es\">Llegeix m\u00e9s\u00bb<\/a><\/p>\n","protected":false},"author":1,"featured_media":0,"parent":19,"menu_order":50,"comment_status":"closed","ping_status":"closed","template":"page-templates\/side-menu.php","meta":{"_bbp_topic_count":0,"_bbp_reply_count":0,"_bbp_total_topic_count":0,"_bbp_total_reply_count":0,"_bbp_voice_count":0,"_bbp_anonymous_reply_count":0,"_bbp_topic_count_hidden":0,"_bbp_reply_count_hidden":0,"_bbp_forum_subforum_count":0,"footnotes":""},"class_list":["post-46","page","type-page","status-publish","hentry"],"post_mailing_queue_ids":[],"_links":{"self":[{"href":"https:\/\/agora.xtec.cat\/sescanrecord\/wp-json\/wp\/v2\/pages\/46","targetHints":{"allow":["GET"]}}],"collection":[{"href":"https:\/\/agora.xtec.cat\/sescanrecord\/wp-json\/wp\/v2\/pages"}],"about":[{"href":"https:\/\/agora.xtec.cat\/sescanrecord\/wp-json\/wp\/v2\/types\/page"}],"author":[{"embeddable":true,"href":"https:\/\/agora.xtec.cat\/sescanrecord\/wp-json\/wp\/v2\/users\/1"}],"replies":[{"embeddable":true,"href":"https:\/\/agora.xtec.cat\/sescanrecord\/wp-json\/wp\/v2\/comments?post=46"}],"version-history":[{"count":6,"href":"https:\/\/agora.xtec.cat\/sescanrecord\/wp-json\/wp\/v2\/pages\/46\/revisions"}],"predecessor-version":[{"id":13045,"href":"https:\/\/agora.xtec.cat\/sescanrecord\/wp-json\/wp\/v2\/pages\/46\/revisions\/13045"}],"up":[{"embeddable":true,"href":"https:\/\/agora.xtec.cat\/sescanrecord\/wp-json\/wp\/v2\/pages\/19"}],"wp:attachment":[{"href":"https:\/\/agora.xtec.cat\/sescanrecord\/wp-json\/wp\/v2\/media?parent=46"}],"curies":[{"name":"wp","href":"https:\/\/api.w.org\/{rel}","templated":true}]}}