{"id":449,"date":"2016-02-02T16:54:45","date_gmt":"2016-02-02T15:54:45","guid":{"rendered":"http:\/\/agora.xtec.cat\/sescanrecord\/?page_id=449"},"modified":"2022-06-20T09:13:45","modified_gmt":"2022-06-20T07:13:45","slug":"documentacio-de-centre","status":"publish","type":"page","link":"https:\/\/agora.xtec.cat\/sescanrecord\/documentacio-de-centre\/","title":{"rendered":"Documentaci\u00f3 de Centre"},"content":{"rendered":"<p>Dins d&#8217;aquest apartat trobarem tota la documentaci\u00f3 oficial del nostre centre. Aix\u00f2 inclou:<\/p>\n<p>-El projecte educatiu del centre (en revisi\u00f3): \u00a0<a href=\"https:\/\/agora.xtec.cat\/sescanrecord\/wp-content\/uploads\/usu535\/2022\/06\/PEC-2021-22.pdf\" target=\"_blank\" rel=\"noopener\">PEC<\/a><\/p>\n<p>-Les normes d&#8217;organitzaci\u00f3 i funcionament del centre ( NOFC ):\u00a0<a href=\"https:\/\/agora.xtec.cat\/sescanrecord\/wp-content\/uploads\/usu535\/2022\/05\/NOFC-21-22-definitiu.pdf\" target=\"_blank\" rel=\"noopener\">NOFC Can Record<\/a><\/p>\n<p>-Pla TAC: <a href=\"https:\/\/agora.xtec.cat\/sescanrecord\/documentacio-de-centre\/pla-tac\/\">Pla TAC<\/a><\/p>\n<p>-Pla d&#8217;absentisme escolar:\u00a0<a href=\"http:\/\/agora.xtec.cat\/sescanrecord\/wp-content\/uploads\/usu535\/2016\/02\/Pla-integral-de-la-comissi\u00f3-absentisme-2015.pdf\" rel=\"\">Pla integral de la comissi\u00f3 absentisme\u00a0<\/a><\/p>\n<p>-Pla d&#8217;acollida d&#8217;alumnes nouvinguts: \u00a0<a href=\"http:\/\/agora.xtec.cat\/sescanrecord\/wp-content\/uploads\/usu535\/2016\/02\/Pla-acollida-SEC-Can-Record.pdf\" rel=\"\">Pla acollida SEC Can Record<\/a><\/p>\n<p>-Projecte de Conviv\u00e8ncia del centre: <a href=\"https:\/\/agora.xtec.cat\/sescanrecord\/wp-content\/uploads\/usu535\/2019\/06\/C\u00f2pia-de-PROJECTE-DE-CONVIV\u00c8NCIA-Can-Record.pdf\">Projecte de Conviv\u00e8ncia<\/a><\/p>\n<p>-Projecte Montseny: \u00a0\u00a0<a href=\"http:\/\/agora.xtec.cat\/sescanrecord\/wp-content\/uploads\/usu535\/2016\/02\/Projecte-Montseny-16-17.pdf\" rel=\"\">Projecte Montseny 16-17<\/a><\/p>\n<p>&nbsp;<\/p>\n<p>&nbsp;<\/p>\n<p>Tota aquesta documentaci\u00f3 est\u00e0 en constant revisi\u00f3 i actualment s&#8217;est\u00e0 reelaborant part de les mateixes.<\/p>\n","protected":false},"excerpt":{"rendered":"<p>Dins d&#8217;aquest apartat trobarem tota la documentaci\u00f3 oficial del nostre centre. Aix\u00f2 inclou:<br \/>\n-El projecte educatiu del centre (en revisi\u00f3): \u00a0<a href=\"https:\/\/agora.xtec.cat\/sescanrecord\/wp-content\/uploads\/usu535\/2022\/06\/PEC-2021-22.pdf\" target=\"_blank\" rel=\"noopener\">PEC<\/a><br \/>\n-Les normes d&#8217;organitzaci\u00f3 i funcionament del centre ( NOFC ):\u00a0<a href=\"https:\/\/agora.xtec.cat\/sescanrecord\/wp-content\/uploads\/usu535\/2022\/05\/NOFC-21-22-definitiu.pdf\" target=\"_blank\" rel=\"noopener\">NOFC Can Record<\/a><br \/>\n-Pla TAC: <a href=\"https:\/\/agora.xtec.cat\/sescanrecord\/documentacio-de-centre\/pla-tac\/\">Pla TAC<\/a><br \/>\n-Pla d&#8217;absentisme escolar:\u00a0<a href=\"http:\/\/agora.xtec.cat\/sescanrecord\/wp-content\/uploads\/usu535\/2016\/02\/Pla-integral-de-la-comissi\u00f3-absentisme-2015.pdf\" rel=\"\">Pla&hellip;  <a href=\"https:\/\/agora.xtec.cat\/sescanrecord\/documentacio-de-centre\/\" title=\"Read Documentaci\u00f3 de Centre\">Llegeix m\u00e9s\u00bb<\/a><\/p>\n","protected":false},"author":1,"featured_media":0,"parent":0,"menu_order":0,"comment_status":"closed","ping_status":"closed","template":"page-templates\/side-menu.php","meta":{"_bbp_topic_count":0,"_bbp_reply_count":0,"_bbp_total_topic_count":0,"_bbp_total_reply_count":0,"_bbp_voice_count":0,"_bbp_anonymous_reply_count":0,"_bbp_topic_count_hidden":0,"_bbp_reply_count_hidden":0,"_bbp_forum_subforum_count":0,"footnotes":""},"class_list":["post-449","page","type-page","status-publish","hentry"],"post_mailing_queue_ids":[],"_links":{"self":[{"href":"https:\/\/agora.xtec.cat\/sescanrecord\/wp-json\/wp\/v2\/pages\/449","targetHints":{"allow":["GET"]}}],"collection":[{"href":"https:\/\/agora.xtec.cat\/sescanrecord\/wp-json\/wp\/v2\/pages"}],"about":[{"href":"https:\/\/agora.xtec.cat\/sescanrecord\/wp-json\/wp\/v2\/types\/page"}],"author":[{"embeddable":true,"href":"https:\/\/agora.xtec.cat\/sescanrecord\/wp-json\/wp\/v2\/users\/1"}],"replies":[{"embeddable":true,"href":"https:\/\/agora.xtec.cat\/sescanrecord\/wp-json\/wp\/v2\/comments?post=449"}],"version-history":[{"count":3,"href":"https:\/\/agora.xtec.cat\/sescanrecord\/wp-json\/wp\/v2\/pages\/449\/revisions"}],"predecessor-version":[{"id":11622,"href":"https:\/\/agora.xtec.cat\/sescanrecord\/wp-json\/wp\/v2\/pages\/449\/revisions\/11622"}],"wp:attachment":[{"href":"https:\/\/agora.xtec.cat\/sescanrecord\/wp-json\/wp\/v2\/media?parent=449"}],"curies":[{"name":"wp","href":"https:\/\/api.w.org\/{rel}","templated":true}]}}