{"id":43,"date":"2014-09-17T16:45:07","date_gmt":"2014-09-17T16:45:07","guid":{"rendered":"http:\/\/agora.xtec.cat\/sescanrecord\/?page_id=43"},"modified":"2025-11-25T12:38:22","modified_gmt":"2025-11-25T11:38:22","slug":"consell-escolar","status":"publish","type":"page","link":"https:\/\/agora.xtec.cat\/sescanrecord\/linstitut\/consell-escolar\/","title":{"rendered":"Consell escolar"},"content":{"rendered":"<p><strong>MEMBRES DEL CONSELL ESCOLAR CURS 2025-26<\/strong><\/p>\n<table style=\"width: 365px; height: 480px;\">\n<tbody>\n<tr style=\"height: 32px;\">\n<td style=\"width: 217.828px; height: 32px;\">Representant de l&#8217;Ajuntament<\/td>\n<td style=\"width: 139.172px; height: 32px;\">Miquel Campins<\/td>\n<\/tr>\n<tr style=\"height: 32px;\">\n<td style=\"width: 217.828px; height: 160px;\" rowspan=\"5\">Representants del professorat<\/td>\n<td style=\"width: 139.172px; height: 32px;\">Laura Soler<\/td>\n<\/tr>\n<tr style=\"height: 32px;\">\n<td style=\"width: 139.172px; height: 32px;\">Montse Garcia<\/td>\n<\/tr>\n<tr style=\"height: 32px;\">\n<td style=\"width: 139.172px; height: 32px;\">Mireia Gonzalez<\/td>\n<\/tr>\n<tr style=\"height: 32px;\">\n<td style=\"width: 139.172px; height: 32px;\">Maria Dou<\/td>\n<\/tr>\n<tr style=\"height: 32px;\">\n<td style=\"width: 139.172px; height: 32px;\">Aleidis Codony<\/td>\n<\/tr>\n<tr style=\"height: 32px;\">\n<td style=\"width: 217.828px; height: 64px;\" rowspan=\"2\">Representants de pares i mares<\/td>\n<td style=\"width: 139.172px; height: 32px;\">Neus Calam<\/td>\n<\/tr>\n<tr style=\"height: 32px;\">\n<td style=\"width: 139.172px; height: 32px;\">N\u00faria Vila<\/td>\n<\/tr>\n<tr style=\"height: 32px;\">\n<td style=\"width: 217.828px; height: 64px;\" rowspan=\"2\">Representants dels alumnes<\/td>\n<td style=\"width: 139.172px;\">Biel Marqu\u00e8s<\/td>\n<\/tr>\n<tr>\n<td style=\"width: 139.172px;\">Ismael Agounine<\/td>\n<\/tr>\n<tr style=\"height: 34px;\">\n<td style=\"width: 217.828px; height: 34px;\">Representant de l&#8217;AFA<\/td>\n<td style=\"width: 139.172px; height: 34px;\">Rebeca Terraza<\/td>\n<\/tr>\n<tr style=\"height: 32px;\">\n<td style=\"width: 217.828px; height: 32px;\">Representant del PAS<\/td>\n<td style=\"width: 139.172px; height: 32px;\">Marissa Farrar\u00f3<\/td>\n<\/tr>\n<tr style=\"height: 30px;\">\n<td style=\"width: 217.828px; height: 30px;\">Secretaria<\/td>\n<td style=\"width: 139.172px; height: 30px;\">Judith Costa<\/td>\n<\/tr>\n<tr style=\"height: 32px;\">\n<td style=\"width: 217.828px; height: 32px;\">Cap d&#8217;Estudis<\/td>\n<td style=\"width: 139.172px; height: 32px;\">Susanna Parra<\/td>\n<\/tr>\n<tr style=\"height: 32px;\">\n<td style=\"width: 217.828px; height: 32px;\">Directora<\/td>\n<td style=\"width: 139.172px; height: 32px;\">Rosa M. Lemos<\/td>\n<\/tr>\n<\/tbody>\n<\/table>\n<p>-Quota del Material de l&#8217;Institut: 75\u20ac<br \/>\n-Quota AFA: 60\u20ac.<\/p>\n<p><strong>COMISSIONS DE TREBALL DEL CONSELL ESCOLAR<\/strong><\/p>\n<p>Hi ha 5 comissions dins del consell escolar: econ\u00f2mica, de conviv\u00e8ncia, permanent, coeducaci\u00f3 i d&#8217;obres. Formades per:<\/p>\n<ul style=\"list-style-type: disc;\">\n<li><strong>COMISSI\u00d3 PERMANENT:<\/strong> Rosa Lemos, Montse Garcia, Maria Dou i Rebeca Terraza.<\/li>\n<li><strong>COMISSI\u00d3 CONVIV\u00c8NCIA:<\/strong> Laura Soler, Mireia Gonz\u00e1lez, Susana Parra.<\/li>\n<li><strong>COMISSI\u00d3 ECON\u00d2MICA:<\/strong> Judith Costa, Marissa Farrar\u00f3, Rosa Lemos, Montse Garcia i Rebeca Terraza.<\/li>\n<li><strong>COMISSI\u00d3 D&#8217;OBRES, MANTENIMENT I ENTORN:<\/strong> Miquel Campins i Rosa Lemos.<\/li>\n<li><strong>COMISSI\u00d3 COEDUCACI\u00d3:<\/strong> Laura Soler, Mireia Gonz\u00e1lez, Susana Parra i Maria Dou<\/li>\n<\/ul>\n<p>&nbsp;<\/p>\n","protected":false},"excerpt":{"rendered":"<p>MEMBRES DEL CONSELL ESCOLAR CURS 2025-26<\/p>\n<p>Representant de l&#8217;Ajuntament<br \/>\nMiquel Campins<\/p>\n<p>Representants del professorat<br \/>\nLaura Soler<\/p>\n<p>Montse Garcia<\/p>\n<p>Mireia Gonzalez<\/p>\n<p>Maria Dou<\/p>\n<p>Aleidis Codony<\/p>\n<p>Representants de pares i mares<br \/>\nNeus Calam<\/p>\n<p>N\u00faria Vila<\/p>\n<p>Representants dels alumnes<br \/>\nBiel Marqu\u00e8s<\/p>\n<p>Ismael Agounine<\/p>\n<p>Representant de l&#8217;AFA<br \/>\nRebeca Terraza<\/p>\n<p>Representant del PAS<br \/>\nMarissa Farrar\u00f3<\/p>\n<p>Secretaria<br \/>\nJudith Costa<\/p>\n<p>Cap d&#8217;Estudis<br \/>\nSusanna Parra<\/p>\n<p>Directora<br \/>\nRosa M. Lemos<\/p>\n<p>-Quota del Material de l&#8217;Institut: 75\u20ac<br \/>\n-Quota AFA: 60\u20ac.<br \/>\nCOMISSIONS DE&hellip;  <a href=\"https:\/\/agora.xtec.cat\/sescanrecord\/linstitut\/consell-escolar\/\" title=\"Read Consell escolar\">Llegeix m\u00e9s\u00bb<\/a><\/p>\n","protected":false},"author":1,"featured_media":0,"parent":19,"menu_order":40,"comment_status":"closed","ping_status":"closed","template":"page-templates\/side-menu.php","meta":{"_bbp_topic_count":0,"_bbp_reply_count":0,"_bbp_total_topic_count":0,"_bbp_total_reply_count":0,"_bbp_voice_count":0,"_bbp_anonymous_reply_count":0,"_bbp_topic_count_hidden":0,"_bbp_reply_count_hidden":0,"_bbp_forum_subforum_count":0,"footnotes":""},"class_list":["post-43","page","type-page","status-publish","hentry"],"post_mailing_queue_ids":[],"_links":{"self":[{"href":"https:\/\/agora.xtec.cat\/sescanrecord\/wp-json\/wp\/v2\/pages\/43","targetHints":{"allow":["GET"]}}],"collection":[{"href":"https:\/\/agora.xtec.cat\/sescanrecord\/wp-json\/wp\/v2\/pages"}],"about":[{"href":"https:\/\/agora.xtec.cat\/sescanrecord\/wp-json\/wp\/v2\/types\/page"}],"author":[{"embeddable":true,"href":"https:\/\/agora.xtec.cat\/sescanrecord\/wp-json\/wp\/v2\/users\/1"}],"replies":[{"embeddable":true,"href":"https:\/\/agora.xtec.cat\/sescanrecord\/wp-json\/wp\/v2\/comments?post=43"}],"version-history":[{"count":7,"href":"https:\/\/agora.xtec.cat\/sescanrecord\/wp-json\/wp\/v2\/pages\/43\/revisions"}],"predecessor-version":[{"id":13091,"href":"https:\/\/agora.xtec.cat\/sescanrecord\/wp-json\/wp\/v2\/pages\/43\/revisions\/13091"}],"up":[{"embeddable":true,"href":"https:\/\/agora.xtec.cat\/sescanrecord\/wp-json\/wp\/v2\/pages\/19"}],"wp:attachment":[{"href":"https:\/\/agora.xtec.cat\/sescanrecord\/wp-json\/wp\/v2\/media?parent=43"}],"curies":[{"name":"wp","href":"https:\/\/api.w.org\/{rel}","templated":true}]}}