{"id":27,"date":"2014-09-17T16:24:03","date_gmt":"2014-09-17T16:24:03","guid":{"rendered":"http:\/\/agora.xtec.cat\/sescanrecord\/?page_id=27"},"modified":"2015-11-04T23:13:19","modified_gmt":"2015-11-04T22:13:19","slug":"historia","status":"publish","type":"page","link":"https:\/\/agora.xtec.cat\/sescanrecord\/linstitut\/historia\/","title":{"rendered":"Missatge de direcci\u00f3"},"content":{"rendered":"<p>Des de la web del nostre institut ens volem presentar i explicar com som, qu\u00e8 fem i qu\u00e8 volem.<\/p>\n<p>Ens agradaria compartir amb tots vosaltres els nostres projectes i les nostres experi\u00e8ncies.<\/p>\n<p>A m\u00e9s de la nostra trajectoria com a centre, aqu\u00ed podreu trobar informaci\u00f3 sobre la localitzaci\u00f3, els contactes, les novetats m\u00e9s rellevants del centre, l&#8217;organigrama i els ensenyamnents impartits, entre d&#8217;altres.<\/p>\n<p>Gr\u00e0cies per visitar-nos<\/p>\n<section class=\"referencia\">La direcci\u00f3 del Sec. d&#8217;Institut Can Record.<\/section>\n<p>&nbsp;<\/p>\n<p>&nbsp;<\/p>\n","protected":false},"excerpt":{"rendered":"<p>Des de la web del nostre institut ens volem presentar i explicar com som, qu\u00e8 fem i qu\u00e8 volem.<br \/>\nEns agradaria compartir amb tots vosaltres els nostres projectes i les nostres experi\u00e8ncies.<br \/>\nA m\u00e9s de la nostra trajectoria com a centre, aqu\u00ed podreu trobar informaci\u00f3 sobre la&hellip;  <a href=\"https:\/\/agora.xtec.cat\/sescanrecord\/linstitut\/historia\/\" title=\"Read Missatge de direcci\u00f3\">Llegeix m\u00e9s\u00bb<\/a><\/p>\n","protected":false},"author":1,"featured_media":0,"parent":19,"menu_order":20,"comment_status":"closed","ping_status":"closed","template":"page-templates\/side-menu.php","meta":{"_bbp_topic_count":0,"_bbp_reply_count":0,"_bbp_total_topic_count":0,"_bbp_total_reply_count":0,"_bbp_voice_count":0,"_bbp_anonymous_reply_count":0,"_bbp_topic_count_hidden":0,"_bbp_reply_count_hidden":0,"_bbp_forum_subforum_count":0,"footnotes":""},"class_list":["post-27","page","type-page","status-publish","hentry"],"post_mailing_queue_ids":[],"_links":{"self":[{"href":"https:\/\/agora.xtec.cat\/sescanrecord\/wp-json\/wp\/v2\/pages\/27","targetHints":{"allow":["GET"]}}],"collection":[{"href":"https:\/\/agora.xtec.cat\/sescanrecord\/wp-json\/wp\/v2\/pages"}],"about":[{"href":"https:\/\/agora.xtec.cat\/sescanrecord\/wp-json\/wp\/v2\/types\/page"}],"author":[{"embeddable":true,"href":"https:\/\/agora.xtec.cat\/sescanrecord\/wp-json\/wp\/v2\/users\/1"}],"replies":[{"embeddable":true,"href":"https:\/\/agora.xtec.cat\/sescanrecord\/wp-json\/wp\/v2\/comments?post=27"}],"version-history":[{"count":3,"href":"https:\/\/agora.xtec.cat\/sescanrecord\/wp-json\/wp\/v2\/pages\/27\/revisions"}],"predecessor-version":[{"id":298,"href":"https:\/\/agora.xtec.cat\/sescanrecord\/wp-json\/wp\/v2\/pages\/27\/revisions\/298"}],"up":[{"embeddable":true,"href":"https:\/\/agora.xtec.cat\/sescanrecord\/wp-json\/wp\/v2\/pages\/19"}],"wp:attachment":[{"href":"https:\/\/agora.xtec.cat\/sescanrecord\/wp-json\/wp\/v2\/media?parent=27"}],"curies":[{"name":"wp","href":"https:\/\/api.w.org\/{rel}","templated":true}]}}