{"id":195,"date":"2014-09-22T10:39:39","date_gmt":"2014-09-22T10:39:39","guid":{"rendered":"http:\/\/agora.xtec.cat\/sescanrecord\/?page_id=195"},"modified":"2020-09-01T18:46:16","modified_gmt":"2020-09-01T16:46:16","slug":"estudis","status":"publish","type":"page","link":"https:\/\/agora.xtec.cat\/sescanrecord\/estudis\/","title":{"rendered":"Estudis"},"content":{"rendered":"<p>En el nostre institut tenim alumnes d&#8217;ESO, de primer a 4t. Normalment hi ha dues l\u00ednies per curs, si b\u00e9 algun curs escolar pot haver-hi tres l\u00ednies en algun nivell.<\/p>\n<p><strong>RECUPERACIONS<\/strong><\/p>\n<table>\n<tbody>\n<tr>\n<td>1r Trimestre<\/td>\n<td><\/td>\n<\/tr>\n<tr>\n<td>2n Trimestre<\/td>\n<td><\/td>\n<\/tr>\n<tr>\n<td>3r Trimestre<\/td>\n<td><\/td>\n<\/tr>\n<tr>\n<td>3r Trimestre per 4t ESO<\/td>\n<td><\/td>\n<\/tr>\n<\/tbody>\n<\/table>\n<p>&nbsp;<\/p>\n","protected":false},"excerpt":{"rendered":"<p>En el nostre institut tenim alumnes d&#8217;ESO, de primer a 4t. Normalment hi ha dues l\u00ednies per curs, si b\u00e9 algun curs escolar pot haver-hi tres l\u00ednies en algun nivell.<br \/>\nRECUPERACIONS<\/p>\n<p>1r Trimestre<\/p>\n<p>2n Trimestre<\/p>\n<p>3r Trimestre<\/p>\n<p>3r Trimestre per 4t ESO<\/p>\n<p>&nbsp;<\/p>\n","protected":false},"author":1,"featured_media":0,"parent":0,"menu_order":0,"comment_status":"closed","ping_status":"closed","template":"","meta":{"_bbp_topic_count":0,"_bbp_reply_count":0,"_bbp_total_topic_count":0,"_bbp_total_reply_count":0,"_bbp_voice_count":0,"_bbp_anonymous_reply_count":0,"_bbp_topic_count_hidden":0,"_bbp_reply_count_hidden":0,"_bbp_forum_subforum_count":0,"footnotes":""},"class_list":["post-195","page","type-page","status-publish","hentry"],"post_mailing_queue_ids":[],"_links":{"self":[{"href":"https:\/\/agora.xtec.cat\/sescanrecord\/wp-json\/wp\/v2\/pages\/195","targetHints":{"allow":["GET"]}}],"collection":[{"href":"https:\/\/agora.xtec.cat\/sescanrecord\/wp-json\/wp\/v2\/pages"}],"about":[{"href":"https:\/\/agora.xtec.cat\/sescanrecord\/wp-json\/wp\/v2\/types\/page"}],"author":[{"embeddable":true,"href":"https:\/\/agora.xtec.cat\/sescanrecord\/wp-json\/wp\/v2\/users\/1"}],"replies":[{"embeddable":true,"href":"https:\/\/agora.xtec.cat\/sescanrecord\/wp-json\/wp\/v2\/comments?post=195"}],"version-history":[{"count":3,"href":"https:\/\/agora.xtec.cat\/sescanrecord\/wp-json\/wp\/v2\/pages\/195\/revisions"}],"predecessor-version":[{"id":10784,"href":"https:\/\/agora.xtec.cat\/sescanrecord\/wp-json\/wp\/v2\/pages\/195\/revisions\/10784"}],"wp:attachment":[{"href":"https:\/\/agora.xtec.cat\/sescanrecord\/wp-json\/wp\/v2\/media?parent=195"}],"curies":[{"name":"wp","href":"https:\/\/api.w.org\/{rel}","templated":true}]}}