{"id":12744,"date":"2024-09-27T11:59:47","date_gmt":"2024-09-27T09:59:47","guid":{"rendered":"https:\/\/agora.xtec.cat\/sescanrecord\/?page_id=12744"},"modified":"2024-09-27T16:33:09","modified_gmt":"2024-09-27T14:33:09","slug":"contacte","status":"publish","type":"page","link":"https:\/\/agora.xtec.cat\/sescanrecord\/informacio-de-lampa\/contacte\/","title":{"rendered":"Contacte"},"content":{"rendered":"<p align=\"justify\">Si voleu formar part d&#8217;alguna comissi\u00f3 o ens voleu fer arribar una consulta, suggeriment, proposta d\u2019activitat, etc., us podeu posar en contacte amb la junta de l\u2019AFA enviant un correu electr\u00f2nic a <a href=\"mailto:ampa.iescanrecord@gmail.com\">ampa.iescanrecord<span class=\"atwho-query\">@gmail.com<\/span><\/a><\/p>\n<p align=\"justify\">L\u2019altre canal de comunicaci\u00f3 de l&#8217;AFA \u00e9s el grup de whatsapp de cada curs, a trav\u00e9s del qual fem difusi\u00f3, a les fam\u00edlies, d&#8217;informacions generals d&#8217;inter\u00e8s i recordatoris diversos.<\/p>\n<p align=\"justify\">Si voleu que us hi incorporem, ens ho podeu fer saber a trav\u00e9s del correu.<\/p>\n","protected":false},"excerpt":{"rendered":"<p>Si voleu formar part d&#8217;alguna comissi\u00f3 o ens voleu fer arribar una consulta, suggeriment, proposta d\u2019activitat, etc., us podeu posar en contacte amb la junta de l\u2019AFA enviant un correu electr\u00f2nic a <a href=\"mailto:ampa.iescanrecord@gmail.com\">ampa.iescanrecord@gmail.com<\/a><br \/>\nL\u2019altre canal de comunicaci\u00f3 de l&#8217;AFA \u00e9s el grup de whatsapp de&hellip;  <a href=\"https:\/\/agora.xtec.cat\/sescanrecord\/informacio-de-lampa\/contacte\/\" title=\"Read Contacte\">Llegeix m\u00e9s\u00bb<\/a><\/p>\n","protected":false},"author":1,"featured_media":0,"parent":11319,"menu_order":0,"comment_status":"closed","ping_status":"closed","template":"","meta":{"_bbp_topic_count":0,"_bbp_reply_count":0,"_bbp_total_topic_count":0,"_bbp_total_reply_count":0,"_bbp_voice_count":0,"_bbp_anonymous_reply_count":0,"_bbp_topic_count_hidden":0,"_bbp_reply_count_hidden":0,"_bbp_forum_subforum_count":0,"footnotes":""},"class_list":["post-12744","page","type-page","status-publish","hentry"],"post_mailing_queue_ids":[],"_links":{"self":[{"href":"https:\/\/agora.xtec.cat\/sescanrecord\/wp-json\/wp\/v2\/pages\/12744","targetHints":{"allow":["GET"]}}],"collection":[{"href":"https:\/\/agora.xtec.cat\/sescanrecord\/wp-json\/wp\/v2\/pages"}],"about":[{"href":"https:\/\/agora.xtec.cat\/sescanrecord\/wp-json\/wp\/v2\/types\/page"}],"author":[{"embeddable":true,"href":"https:\/\/agora.xtec.cat\/sescanrecord\/wp-json\/wp\/v2\/users\/1"}],"replies":[{"embeddable":true,"href":"https:\/\/agora.xtec.cat\/sescanrecord\/wp-json\/wp\/v2\/comments?post=12744"}],"version-history":[{"count":2,"href":"https:\/\/agora.xtec.cat\/sescanrecord\/wp-json\/wp\/v2\/pages\/12744\/revisions"}],"predecessor-version":[{"id":12759,"href":"https:\/\/agora.xtec.cat\/sescanrecord\/wp-json\/wp\/v2\/pages\/12744\/revisions\/12759"}],"up":[{"embeddable":true,"href":"https:\/\/agora.xtec.cat\/sescanrecord\/wp-json\/wp\/v2\/pages\/11319"}],"wp:attachment":[{"href":"https:\/\/agora.xtec.cat\/sescanrecord\/wp-json\/wp\/v2\/media?parent=12744"}],"curies":[{"name":"wp","href":"https:\/\/api.w.org\/{rel}","templated":true}]}}