{"id":12735,"date":"2024-09-27T09:21:56","date_gmt":"2024-09-27T07:21:56","guid":{"rendered":"https:\/\/agora.xtec.cat\/sescanrecord\/?page_id=12735"},"modified":"2024-09-27T16:31:23","modified_gmt":"2024-09-27T14:31:23","slug":"serveis-3","status":"publish","type":"page","link":"https:\/\/agora.xtec.cat\/sescanrecord\/serveis-3\/","title":{"rendered":"Serveis"},"content":{"rendered":"<p align=\"justify\">Els serveis que ofereix l&#8217;AFA al conjunt de fam\u00edlies de l&#8217;institut s\u00f3n:<\/p>\n<ul style=\"list-style-type: disc;\">\n<li>\u00a0Escolta activa de les aportacions i demandes de les fam\u00edlies a l\u2019institut i viceversa, i contribuci\u00f3 a la cerca de respostes i consensos.<\/li>\n<li>\u00a0Suport a tota la comunitat educativa en l\u2019establiment i manteniment d&#8217;una comunicaci\u00f3 i din\u00e0miques relacionals \u00f2ptimes per al benestar de totes les parts implicades.<\/li>\n<li>Organitzaci\u00f3 d\u2019esdeveniments a l\u2019institut amb el vistiplau de l\u2019equip directiu.<\/li>\n<li>Organitzaci\u00f3 de formacions i xerrades per a tota la comunitat educativa amb el vistiplau de l\u2019equip directiu.<\/li>\n<li>Lideratge i gesti\u00f3 de la socialitzaci\u00f3 de llibres i l\u2019assignaci\u00f3 d\u2019armariets.<\/li>\n<li>Gesti\u00f3 econ\u00f2mica de l\u2019associaci\u00f3 (presentaci\u00f3 de pressupost, aprovaci\u00f3 i control de despeses).<\/li>\n<li>Comunicaci\u00f3 flu\u00efda, transparent i freq\u00fcent amb les fam\u00edlies i l\u2019institut sobre els temes que afecten a la comunitat educativa.<\/li>\n<\/ul>\n<p>Les fam\u00edlies que s&#8217;associ\u00efn a l&#8217;AFA\u00a0 aquest curs 2024-2025, hauran d&#8217;abonar els seg\u00fcents imports:<\/p>\n<ul style=\"list-style-type: disc;\">\n<li>\n<p align=\"justify\">Quota anual: 20 euros per fam\u00edlia<\/p>\n<\/li>\n<li>\n<p align=\"justify\">Llibres socialitzats:35 euros per alumne\/a<\/p>\n<\/li>\n<li>\n<p align=\"justify\">Agenda: 4 euros<\/p>\n<\/li>\n<li>\n<p align=\"justify\">Comissi\u00f3 TPV: 1 euro<\/p>\n<\/li>\n<li>Fian\u00e7a (nom\u00e9s fam\u00edlies de 4t; es retrona en acabar el curs si no queden deutes pendents amb l&#8217;AFA): 50 euros<span style=\"color: #ff3333;\"><span style=\"font-family: Arial, serif;\"><span style=\"font-size: small;\"><br \/>\n<\/span><\/span><\/span><\/li>\n<\/ul>\n","protected":false},"excerpt":{"rendered":"<p>Els serveis que ofereix l&#8217;AFA al conjunt de fam\u00edlies de l&#8217;institut s\u00f3n:<\/p>\n<ul style=\"list-style-type: disc;\">\n<li>\u00a0Escolta activa de les aportacions i demandes de les fam\u00edlies a l\u2019institut i viceversa, i contribuci\u00f3 a la cerca de respostes i consensos.<\/li>\n<li>\u00a0Suport a tota la comunitat educativa en l\u2019establiment i manteniment&hellip;  <a href=\"https:\/\/agora.xtec.cat\/sescanrecord\/serveis-3\/\" title=\"Read Serveis\">Llegeix m\u00e9s\u00bb<\/a><br \/>\n","protected":false},"author":1,"featured_media":0,"parent":0,"menu_order":0,"comment_status":"closed","ping_status":"closed","template":"","meta":{"_bbp_topic_count":0,"_bbp_reply_count":0,"_bbp_total_topic_count":0,"_bbp_total_reply_count":0,"_bbp_voice_count":0,"_bbp_anonymous_reply_count":0,"_bbp_topic_count_hidden":0,"_bbp_reply_count_hidden":0,"_bbp_forum_subforum_count":0,"footnotes":""},"class_list":["post-12735","page","type-page","status-publish","hentry"],"post_mailing_queue_ids":[],"_links":{"self":[{"href":"https:\/\/agora.xtec.cat\/sescanrecord\/wp-json\/wp\/v2\/pages\/12735","targetHints":{"allow":["GET"]}}],"collection":[{"href":"https:\/\/agora.xtec.cat\/sescanrecord\/wp-json\/wp\/v2\/pages"}],"about":[{"href":"https:\/\/agora.xtec.cat\/sescanrecord\/wp-json\/wp\/v2\/types\/page"}],"author":[{"embeddable":true,"href":"https:\/\/agora.xtec.cat\/sescanrecord\/wp-json\/wp\/v2\/users\/1"}],"replies":[{"embeddable":true,"href":"https:\/\/agora.xtec.cat\/sescanrecord\/wp-json\/wp\/v2\/comments?post=12735"}],"version-history":[{"count":5,"href":"https:\/\/agora.xtec.cat\/sescanrecord\/wp-json\/wp\/v2\/pages\/12735\/revisions"}],"predecessor-version":[{"id":12757,"href":"https:\/\/agora.xtec.cat\/sescanrecord\/wp-json\/wp\/v2\/pages\/12735\/revisions\/12757"}],"wp:attachment":[{"href":"https:\/\/agora.xtec.cat\/sescanrecord\/wp-json\/wp\/v2\/media?parent=12735"}],"curies":[{"name":"wp","href":"https:\/\/api.w.org\/{rel}","templated":true}]}}