{"id":12549,"date":"2024-03-06T17:26:46","date_gmt":"2024-03-06T16:26:46","guid":{"rendered":"https:\/\/agora.xtec.cat\/sescanrecord\/?page_id=12549"},"modified":"2025-05-15T11:23:39","modified_gmt":"2025-05-15T09:23:39","slug":"beques-i-ajuts","status":"publish","type":"page","link":"https:\/\/agora.xtec.cat\/sescanrecord\/beques-i-ajuts\/","title":{"rendered":"Beques i ajuts"},"content":{"rendered":"<h3><a href=\"https:\/\/educacio.gencat.cat\/ca\/tramits\/tramits-temes\/ajuts-nee?category=bd1b6d64-ca6f-11e5-8c48-005056924a59&amp;temesNom=Educaci%C3%B3%20i%20formaci%C3%B3\">Ajut per a l&#8217;alumnat amb necessitat espec\u00edfica de suport educatiu.<\/a><\/h3>\n<p>Ajuts individualitzats convocats pel Ministeri d&#8217;Educaci\u00f3 i Formaci\u00f3 Professional per a alumnes amb necessitat espec\u00edfica de suport educatiu.<\/p>\n<p>Modalitats dels ajuts:<\/p>\n<ul>\n<li style=\"list-style-type: none;\">\n<ul>\n<li aria-level=\"1\">Ajuts i subsidis per a alumnes amb necessitat espec\u00edfica de suport educatiu derivada de discapacitat o trastorn greu de conducta o trastorn de la comunicaci\u00f3 i el llenguatge o trastorn de l&#8217;espectre autista.<\/li>\n<li aria-level=\"1\">Ajuts i subsidi per a programes complementaris a alumnes amb necessitat espec\u00edfica de suport educatiu associada a altes capacitats.<\/li>\n<\/ul>\n<\/li>\n<\/ul>\n<p style=\"font-weight: 400;\"><strong>\u00a0 \u00a0 \u00a0 \u00a0Presentaci\u00f3 de sol\u00b7licituds per al curs 2025\/2026 : Del 30\/04\/2025 a l\u201911\/09\/2025<\/strong><\/p>\n<h3><a href=\"https:\/\/www.santestevedepalautordera.cat\/actualitat\/noticies\/ajuts-per-activitats-esportives-i-material-escolar-202425.html\">Ajut per activitats esportives i material escolar 2024\/2025.<\/a><\/h3>\n<p>L&#8217;ajuntament de Sant Esteve de Palautordera ha publicat les bases reguladores d&#8217;ajuts per a l&#8217;activitat esportiva per a infants i per a l&#8217;adquisici\u00f3 de llibres i material escolar per al curs 2023\/24. Adjunt hi trobareu les bases i el formulari de sol\u00b7licitud.\u00a0Aquest any s&#8217;ha incrementat\u00a0en un 25% el varem econ\u00f2mic per facilitar l&#8217;acc\u00e9s\u00a0dels\u00a0ajuts a les fam\u00edlies.<\/p>\n<p>El termini de presentaci\u00f3 de sol\u00b7licituds per als ajuts\u00a0de material i llibres per el curs 2023-2024, comen\u00e7a a partir del dia 8\u00a0de setembre i finalitza el dia 25 de setembre\u00a0de 2023\u00a0ambd\u00f3s inclosos.<\/p>\n<ul>\n<li style=\"list-style-type: none;\">\n<ul>\n<li aria-level=\"1\"><img loading=\"lazy\" decoding=\"async\" class=\"size-full wp-image-12452 aligncenter\" src=\"https:\/\/agora.xtec.cat\/sescanrecord\/wp-content\/uploads\/usu535\/2024\/03\/foto-web-1.jpg\" alt=\"\" width=\"566\" height=\"800\" srcset=\"https:\/\/agora.xtec.cat\/sescanrecord\/wp-content\/uploads\/usu535\/2024\/03\/foto-web-1.jpg 566w, https:\/\/agora.xtec.cat\/sescanrecord\/wp-content\/uploads\/usu535\/2024\/03\/foto-web-1-212x300.jpg 212w\" sizes=\"auto, (max-width: 566px) 100vw, 566px\" \/><\/li>\n<\/ul>\n<\/li>\n<\/ul>\n<h3><a href=\"https:\/\/www.vallesoriental.cat\/2028-el-consell\/guia-de-serveis-i-cartes-de-servei\/serveis-a-les-persones\/ajuts-individuals-de-desplacament-obligatoris.html\">Ajuts individuals de despla\u00e7aments obligatoris.<\/a><\/h3>\n<p><i>Aquest\u00a0servei del Consell Comarcal\u00a0contribueix a l&#8217;<\/i><a href=\"https:\/\/www.vallesoriental.cat\/2028-el-consell\/accio-de-govern\/ods-i-agenda-2030\/\"><i>Objectiu\u00a0de Desenvolupament Sostenible\u00a0(ODS)<\/i><\/a><i>\u00a0n\u00famero 4\u00a0&#8220;Educaci\u00f3 de qualitat&#8221;. El Consell Comarcal\u00a0aposta per treballar, com administraci\u00f3 p\u00fablica, en el marc de l&#8217;Agenda 2030 i els ODS.<\/i><\/p>\n<ul>\n<li aria-level=\"1\">Garantir el dret a l\u2019educaci\u00f3, mitjan\u00e7ant l\u2019atorgament d\u2019ajuts econ\u00f2mics, quan no sigui possible l\u2019establiment del servei de transport escolar.<\/li>\n<\/ul>\n<ul>\n<li aria-level=\"1\">Aquests ajuts econ\u00f2mics s\u2019atorguen als alumnes pr\u00e8via sol\u00b7licitud dels centres educatius.<\/li>\n<\/ul>\n<ul>\n<li aria-level=\"1\">T\u00e9 dret a aquest ajut l\u2019alumnat que cursi estudis d\u2019educaci\u00f3 prim\u00e0ria i secund\u00e0ria fora del municipi sempre que al seu municipi no hi hagi oferta educativa i no hi hagi transport escolar obligatori establert.<\/li>\n<\/ul>\n<ul>\n<li aria-level=\"1\">L\u2019alumnat que cursi estudis d\u2019educaci\u00f3 prim\u00e0ria i secund\u00e0ria que, malgrat tenint oferta educativa al seu municipi, s\u2019ha de despla\u00e7ar un altre municipi d\u2019acord amb la resoluci\u00f3 del Departament d\u2019Educaci\u00f3 i no hi hagi transport escolar obligatori establert.<\/li>\n<\/ul>\n<ul>\n<li style=\"list-style-type: none;\"><\/li>\n<\/ul>\n<h3>Subvencions per a la igualtat d&#8217;oportunitats d&#8217;alumnat en situaci\u00f3 socioecon\u00f2mica i sociocultural desfavorida. &#8220;Motxilles escolars&#8221;.<\/h3>\n<p>Per escolaritzar equilibradament l&#8217;alumnat, el Departament d&#8217;Educaci\u00f3 ha de <b>garantir els recursos per atendre infants i joves amb necessitats educatives espec\u00edfiques<\/b>, tal com s&#8217;estableix en el <a href=\"https:\/\/dogc.gencat.cat\/ca\/document-del-dogc\/?documentId=893678\">Decret 11\/2021, de 16 de febrer<\/a>, de la programaci\u00f3 de l&#8217;oferta educativa i del procediment d&#8217;admissi\u00f3 en els centres del Servei d&#8217;Educaci\u00f3 de Catalunya.<\/p>\n<p>Aquests recursos econ\u00f2mics s&#8217;orienten a <b>promoure i garantir l&#8217;acc\u00e9s i la participaci\u00f3 de l&#8217;alumnat en situaci\u00f3 socioecon\u00f2mica i sociocultural desafavorida en les activitats complement\u00e0ries i en les activitats escolars curriculars<\/b>.<\/p>\n<p>El finan\u00e7ament va en funci\u00f3 de les caracter\u00edstiques socioecon\u00f2miques i circumst\u00e0ncies personals i familiars que poden afectar negativament les condicions d&#8217;educabilitat dels alumnes, especialment la situaci\u00f3 de pobresa o el risc de patir-la.<\/p>\n<h3><\/h3>\n<p>Les motxilles escolars s\u00f3n una <b>dotaci\u00f3 econ\u00f2mica<\/b> que reben directament els centres educatius per garantir la igualtat en les condicions d&#8217;aprenentatge de l&#8217;alumnat amb necessitats socioecon\u00f2miques desfavorides.<\/p>\n<p>Aquesta mesura, que es va posar en marxa el curs 2022-2023, s&#8217;est\u00e9n al curs actual als nivells d&#8217;I3 i I4, i 1r i 2n d&#8217;ESO, en els centres educatius del Servei d&#8217;Educaci\u00f3 de Catalunya.<br \/>\nConcretament, implica la gratu\u00eftat del material escolar i de les sortides dels alumnes d&#8217;aquests nivells que tinguin el reconeixement de necessitats espec\u00edfiques derivades de situacions socioecon\u00f2miques o socioculturals (NEE B).<\/p>\n","protected":false},"excerpt":{"rendered":"<p><a href=\"https:\/\/educacio.gencat.cat\/ca\/tramits\/tramits-temes\/ajuts-nee?category=bd1b6d64-ca6f-11e5-8c48-005056924a59&amp;temesNom=Educaci%C3%B3%20i%20formaci%C3%B3\">Ajut per a l&#8217;alumnat amb necessitat espec\u00edfica de suport educatiu.<\/a><br \/>\nAjuts individualitzats convocats pel Ministeri d&#8217;Educaci\u00f3 i Formaci\u00f3 Professional per a alumnes amb necessitat espec\u00edfica de suport educatiu.<br \/>\nModalitats dels ajuts:<\/p>\n<ul>\n<li style=\"list-style-type: none;\">\n<ul>\n<li aria-level=\"1\">Ajuts i subsidis per a alumnes amb necessitat espec\u00edfica de suport educatiu derivada&hellip;  <a href=\"https:\/\/agora.xtec.cat\/sescanrecord\/beques-i-ajuts\/\" title=\"Read Beques i ajuts\">Llegeix m\u00e9s\u00bb<\/a><br \/>\n","protected":false},"author":1,"featured_media":0,"parent":0,"menu_order":0,"comment_status":"closed","ping_status":"closed","template":"","meta":{"_bbp_topic_count":0,"_bbp_reply_count":0,"_bbp_total_topic_count":0,"_bbp_total_reply_count":0,"_bbp_voice_count":0,"_bbp_anonymous_reply_count":0,"_bbp_topic_count_hidden":0,"_bbp_reply_count_hidden":0,"_bbp_forum_subforum_count":0,"footnotes":""},"class_list":["post-12549","page","type-page","status-publish","hentry"],"post_mailing_queue_ids":[],"_links":{"self":[{"href":"https:\/\/agora.xtec.cat\/sescanrecord\/wp-json\/wp\/v2\/pages\/12549","targetHints":{"allow":["GET"]}}],"collection":[{"href":"https:\/\/agora.xtec.cat\/sescanrecord\/wp-json\/wp\/v2\/pages"}],"about":[{"href":"https:\/\/agora.xtec.cat\/sescanrecord\/wp-json\/wp\/v2\/types\/page"}],"author":[{"embeddable":true,"href":"https:\/\/agora.xtec.cat\/sescanrecord\/wp-json\/wp\/v2\/users\/1"}],"replies":[{"embeddable":true,"href":"https:\/\/agora.xtec.cat\/sescanrecord\/wp-json\/wp\/v2\/comments?post=12549"}],"version-history":[{"count":6,"href":"https:\/\/agora.xtec.cat\/sescanrecord\/wp-json\/wp\/v2\/pages\/12549\/revisions"}],"predecessor-version":[{"id":12959,"href":"https:\/\/agora.xtec.cat\/sescanrecord\/wp-json\/wp\/v2\/pages\/12549\/revisions\/12959"}],"wp:attachment":[{"href":"https:\/\/agora.xtec.cat\/sescanrecord\/wp-json\/wp\/v2\/media?parent=12549"}],"curies":[{"name":"wp","href":"https:\/\/api.w.org\/{rel}","templated":true}]}}