{"id":12142,"date":"2023-11-13T17:46:03","date_gmt":"2023-11-13T16:46:03","guid":{"rendered":"https:\/\/agora.xtec.cat\/sescanrecord\/?page_id=12142"},"modified":"2024-03-01T12:18:05","modified_gmt":"2024-03-01T11:18:05","slug":"imports-aportacions-voluntaries","status":"publish","type":"page","link":"https:\/\/agora.xtec.cat\/sescanrecord\/imports-aportacions-voluntaries\/","title":{"rendered":"Imports aportacions volunt\u00e0ries"},"content":{"rendered":"<p>L&#8217;import d&#8217;aportacions volunt\u00e0ries anuals per al curs 23-24 \u00e9s de 75\u20ac.<\/p>\n","protected":false},"excerpt":{"rendered":"<p>L&#8217;import d&#8217;aportacions volunt\u00e0ries anuals per al curs 23-24 \u00e9s de 75\u20ac.<\/p>\n","protected":false},"author":1,"featured_media":0,"parent":0,"menu_order":0,"comment_status":"closed","ping_status":"closed","template":"","meta":{"_bbp_topic_count":0,"_bbp_reply_count":0,"_bbp_total_topic_count":0,"_bbp_total_reply_count":0,"_bbp_voice_count":0,"_bbp_anonymous_reply_count":0,"_bbp_topic_count_hidden":0,"_bbp_reply_count_hidden":0,"_bbp_forum_subforum_count":0,"footnotes":""},"class_list":["post-12142","page","type-page","status-publish","hentry"],"post_mailing_queue_ids":[],"_links":{"self":[{"href":"https:\/\/agora.xtec.cat\/sescanrecord\/wp-json\/wp\/v2\/pages\/12142","targetHints":{"allow":["GET"]}}],"collection":[{"href":"https:\/\/agora.xtec.cat\/sescanrecord\/wp-json\/wp\/v2\/pages"}],"about":[{"href":"https:\/\/agora.xtec.cat\/sescanrecord\/wp-json\/wp\/v2\/types\/page"}],"author":[{"embeddable":true,"href":"https:\/\/agora.xtec.cat\/sescanrecord\/wp-json\/wp\/v2\/users\/1"}],"replies":[{"embeddable":true,"href":"https:\/\/agora.xtec.cat\/sescanrecord\/wp-json\/wp\/v2\/comments?post=12142"}],"version-history":[{"count":2,"href":"https:\/\/agora.xtec.cat\/sescanrecord\/wp-json\/wp\/v2\/pages\/12142\/revisions"}],"predecessor-version":[{"id":12425,"href":"https:\/\/agora.xtec.cat\/sescanrecord\/wp-json\/wp\/v2\/pages\/12142\/revisions\/12425"}],"wp:attachment":[{"href":"https:\/\/agora.xtec.cat\/sescanrecord\/wp-json\/wp\/v2\/media?parent=12142"}],"curies":[{"name":"wp","href":"https:\/\/api.w.org\/{rel}","templated":true}]}}