{"id":11319,"date":"2021-10-29T20:53:03","date_gmt":"2021-10-29T18:53:03","guid":{"rendered":"https:\/\/agora.xtec.cat\/sescanrecord\/?page_id=11319"},"modified":"2024-12-19T12:54:56","modified_gmt":"2024-12-19T11:54:56","slug":"informacio-de-lampa","status":"publish","type":"page","link":"https:\/\/agora.xtec.cat\/sescanrecord\/informacio-de-lampa\/","title":{"rendered":"Informaci\u00f3 de l&#8217;AFA"},"content":{"rendered":"<p align=\"justify\">L\u2019AFA Can Record \u00e9s una associaci\u00f3 sense \u00e0nim de lucre formada per totes les fam\u00edlies de l\u2019Institut Can Record que aix\u00ed ho desitgin.<\/p>\n<p align=\"justify\">Com a associaci\u00f3 de fam\u00edlies, la nostra funci\u00f3 \u00e9s la de fer pinya i facilitar aspectes clau de l&#8217;educaci\u00f3 dels nostres fills, filles i menors tutelats\/des, com ara: afavorir una comunicaci\u00f3 clara, transparent i propera entre tots els membres de la comunitat educativa, basar les relacions en la confian\u00e7a i el respecte, vetllar per a generar espais d&#8217;opini\u00f3 i consens amb les fam\u00edlies i l&#8217;equip directiu, facilitar la representaci\u00f3 i la participaci\u00f3 de les fam\u00edlies, defensar i promoure un model educatiu inclusiu, gestionar la socialitzaci\u00f3 de llibres i organitzar xerrades i esdeveniments.<\/p>\n<p align=\"justify\">Amb molta il.lusi\u00f3, afrontem el repte d&#8217;escoltar i acompanyar les fam\u00edlies en tot all\u00f2 que puguem ser un suport.<\/p>\n<p align=\"justify\">Per a nosaltres, \u00e9s vital el comprom\u00eds i participaci\u00f3 de totes en la mesura del possible, que pot anar des de l&#8217;assist\u00e8ncia a les assemblees trimestrals, fins a la col\u00b7laboraci\u00f3 en l&#8217;organitzaci\u00f3 d&#8217;esdeveniments o el suport en algun aspecte concret, aportaci\u00f3 que \u00e9s volunt\u00e0ria i altruista.<\/p>\n<p align=\"justify\">Els i les membres de la Junta actual som:<\/p>\n<ul>\n<li>\n<p align=\"justify\">Presid\u00e8ncia: Laia Colom Malla<\/p>\n<\/li>\n<li>\n<p align=\"justify\">Secretaria: Gemma Calam Perez i Francesc Periago Dalmau<\/p>\n<\/li>\n<li>\n<p align=\"justify\">Tresoreria: J\u00e8ssica Garcia Rodr\u00edguez<\/p>\n<\/li>\n<li>\n<p align=\"justify\">Joan Molinas Dav\u00ed<\/p>\n<\/li>\n<li>\n<p align=\"justify\">Marta Duesa Capellades<\/p>\n<\/li>\n<li>\n<p align=\"justify\">Naiana Lacorte Rod\u00e9s<\/p>\n<\/li>\n<li>\n<p align=\"justify\">Raghida Abillamaa Hamouche<\/p>\n<\/li>\n<li>\n<p align=\"justify\">Rebeca Terraza N\u00fa\u00f1ez<\/p>\n<\/li>\n<li>\n<p align=\"justify\">Xavi Mor\u00f3n Pin\u00f3s<\/p>\n<\/li>\n<li>\n<p align=\"justify\">Roger Clavaguera Iglesias<\/p>\n<\/li>\n<\/ul>\n<p>&nbsp;<\/p>\n","protected":false},"excerpt":{"rendered":"<p>L\u2019AFA Can Record \u00e9s una associaci\u00f3 sense \u00e0nim de lucre formada per totes les fam\u00edlies de l\u2019Institut Can Record que aix\u00ed ho desitgin.<br \/>\nCom a associaci\u00f3 de fam\u00edlies, la nostra funci\u00f3 \u00e9s la de fer pinya i facilitar aspectes clau de l&#8217;educaci\u00f3 dels nostres fills, filles&hellip;  <a href=\"https:\/\/agora.xtec.cat\/sescanrecord\/informacio-de-lampa\/\" title=\"Read Informaci\u00f3 de l&#8217;AFA\">Llegeix m\u00e9s\u00bb<\/a><\/p>\n","protected":false},"author":1,"featured_media":0,"parent":0,"menu_order":0,"comment_status":"closed","ping_status":"closed","template":"","meta":{"_bbp_topic_count":0,"_bbp_reply_count":0,"_bbp_total_topic_count":0,"_bbp_total_reply_count":0,"_bbp_voice_count":0,"_bbp_anonymous_reply_count":0,"_bbp_topic_count_hidden":0,"_bbp_reply_count_hidden":0,"_bbp_forum_subforum_count":0,"footnotes":""},"class_list":["post-11319","page","type-page","status-publish","hentry"],"post_mailing_queue_ids":[],"_links":{"self":[{"href":"https:\/\/agora.xtec.cat\/sescanrecord\/wp-json\/wp\/v2\/pages\/11319","targetHints":{"allow":["GET"]}}],"collection":[{"href":"https:\/\/agora.xtec.cat\/sescanrecord\/wp-json\/wp\/v2\/pages"}],"about":[{"href":"https:\/\/agora.xtec.cat\/sescanrecord\/wp-json\/wp\/v2\/types\/page"}],"author":[{"embeddable":true,"href":"https:\/\/agora.xtec.cat\/sescanrecord\/wp-json\/wp\/v2\/users\/1"}],"replies":[{"embeddable":true,"href":"https:\/\/agora.xtec.cat\/sescanrecord\/wp-json\/wp\/v2\/comments?post=11319"}],"version-history":[{"count":6,"href":"https:\/\/agora.xtec.cat\/sescanrecord\/wp-json\/wp\/v2\/pages\/11319\/revisions"}],"predecessor-version":[{"id":12813,"href":"https:\/\/agora.xtec.cat\/sescanrecord\/wp-json\/wp\/v2\/pages\/11319\/revisions\/12813"}],"wp:attachment":[{"href":"https:\/\/agora.xtec.cat\/sescanrecord\/wp-json\/wp\/v2\/media?parent=11319"}],"curies":[{"name":"wp","href":"https:\/\/api.w.org\/{rel}","templated":true}]}}