{"id":10749,"date":"2020-07-03T09:03:09","date_gmt":"2020-07-03T07:03:09","guid":{"rendered":"http:\/\/agora.xtec.cat\/sescanrecord\/?page_id=10749"},"modified":"2023-07-05T09:33:20","modified_gmt":"2023-07-05T07:33:20","slug":"activitats-per-lestiu","status":"publish","type":"page","link":"https:\/\/agora.xtec.cat\/sescanrecord\/activitats-per-lestiu\/","title":{"rendered":"Activitats per l&#8217;estiu"},"content":{"rendered":"<p><span style=\"font-size: 24pt;\"><strong>MATEM\u00c0TIQUES 1r D&#8217;ESO:\u00a0<\/strong> <\/span><\/p>\n<p><span style=\"font-size: 24pt;\"><span style=\"font-size: 18pt;\"><a href=\"https:\/\/agora.xtec.cat\/sescanrecord\/wp-content\/uploads\/usu535\/2021\/06\/dossier-estiu-1r-ESO.pdf\">Dossier estiu 1r ESO<\/a><\/span><\/span><\/p>\n<p><span style=\"font-size: 24pt;\"><strong>MATEM\u00c0TIQUES 3r D&#8217;ESO:\u00a0<\/strong> <\/span><\/p>\n<p><span style=\"font-size: 24pt;\"><span style=\"font-size: 18pt;\"><a href=\"https:\/\/agora.xtec.cat\/sescanrecord\/wp-content\/uploads\/usu535\/2023\/07\/DOSSIER-MATES-3ESO.pdf\">Dossier estiu 3r ESO<\/a><\/span><\/span><\/p>\n<p><strong><span style=\"font-size: 24pt;\">LLENG\u00dcES 1r, 2n i 3r D&#8217;ESO:<\/span><\/strong><\/p>\n<p><span style=\"font-size: 18pt;\">En els document seg\u00fcents trobareu les lectures i deures d\u2019estiu recomanats:\u00a0<\/span><\/p>\n<p><span style=\"font-size: 18pt;\"><a href=\"https:\/\/agora.xtec.cat\/sescanrecord\/wp-content\/uploads\/usu535\/2021\/07\/Feines-destiu-LLeng\u00fces-.pdf\">Feines d&#8217;estiu de Lleng\u00fces<\/a> <\/span><\/p>\n<p><span style=\"font-size: 18pt;\"><a href=\"https:\/\/agora.xtec.cat\/sescanrecord\/wp-content\/uploads\/usu535\/2021\/07\/Lectures-recomanades-estiu.pdf\">Lectures recomanades d&#8217;estiu<\/a> <\/span><\/p>\n<p><span style=\"font-size: 18pt;\"><a href=\"https:\/\/agora.xtec.cat\/sescanrecord\/wp-content\/uploads\/usu535\/2021\/07\/Homework-Irregular-verbs.pdf\">Homework Irregular verbs<\/a><\/span><\/p>\n<p><strong><span style=\"font-size: 24pt;\">BIOLOGIA I GEOLOGIA, F\u00cdSICA\u00a0 I QU\u00cdMICA 1r, 2n, 3r i 4t D&#8217;ESO:<\/span><\/strong><\/p>\n<p style=\"font-weight: 400;\"><span style=\"font-size: 18pt;\"><em>Des de les mat\u00e8ries de Biologia i Geologia i F\u00edsica i Qu\u00edmica recomanem a tot l&#8217;alumnat,\u00a0i molt especialment a aquells alumnes que no han aprovat,\u00a0que durant l&#8217;estiu realitzin les activitats de l&#8217;apartat &#8216;Expliquem&#8217; del llibre digital Science Bits.<\/em><\/span><\/p>\n<p style=\"font-weight: 400;\"><span style=\"font-size: 18pt;\"><em>A m\u00e9s a m\u00e9s, des de la mat\u00e8ria de F\u00edsica i Qu\u00edmica s&#8217;anima a l&#8217;alumnat de 2n i 3r d&#8217;ESO a realitzar les activitats de rep\u00e0s que se&#8217;ls ha compartit per Drive, corresponents al curs que s&#8217;ha realitzat, i a revisar tot el material del Classroom per tal de consolidar els continguts i comen\u00e7ar el curs vinent amb una bona base.<\/em><\/span><\/p>\n","protected":false},"excerpt":{"rendered":"<p>MATEM\u00c0TIQUES 1r D&#8217;ESO:\u00a0<br \/>\n<a href=\"https:\/\/agora.xtec.cat\/sescanrecord\/wp-content\/uploads\/usu535\/2021\/06\/dossier-estiu-1r-ESO.pdf\">Dossier estiu 1r ESO<\/a><br \/>\nMATEM\u00c0TIQUES 3r D&#8217;ESO:\u00a0<br \/>\n<a href=\"https:\/\/agora.xtec.cat\/sescanrecord\/wp-content\/uploads\/usu535\/2023\/07\/DOSSIER-MATES-3ESO.pdf\">Dossier estiu 3r ESO<\/a><br \/>\nLLENG\u00dcES 1r, 2n i 3r D&#8217;ESO:<br \/>\nEn els document seg\u00fcents trobareu les lectures i deures d\u2019estiu recomanats:\u00a0<br \/>\n<a href=\"https:\/\/agora.xtec.cat\/sescanrecord\/wp-content\/uploads\/usu535\/2021\/07\/Feines-destiu-LLeng\u00fces-.pdf\">Feines d&#8217;estiu de Lleng\u00fces<\/a><br \/>\n<a href=\"https:\/\/agora.xtec.cat\/sescanrecord\/wp-content\/uploads\/usu535\/2021\/07\/Lectures-recomanades-estiu.pdf\">Lectures recomanades d&#8217;estiu<\/a><br \/>\n<a href=\"https:\/\/agora.xtec.cat\/sescanrecord\/wp-content\/uploads\/usu535\/2021\/07\/Homework-Irregular-verbs.pdf\">Homework Irregular verbs<\/a><br \/>\nBIOLOGIA I GEOLOGIA, F\u00cdSICA\u00a0&hellip;  <a href=\"https:\/\/agora.xtec.cat\/sescanrecord\/activitats-per-lestiu\/\" title=\"Read Activitats per l&#8217;estiu\">Llegeix m\u00e9s\u00bb<\/a><\/p>\n","protected":false},"author":1,"featured_media":0,"parent":0,"menu_order":0,"comment_status":"closed","ping_status":"closed","template":"","meta":{"_bbp_topic_count":0,"_bbp_reply_count":0,"_bbp_total_topic_count":0,"_bbp_total_reply_count":0,"_bbp_voice_count":0,"_bbp_anonymous_reply_count":0,"_bbp_topic_count_hidden":0,"_bbp_reply_count_hidden":0,"_bbp_forum_subforum_count":0,"footnotes":""},"class_list":["post-10749","page","type-page","status-publish","hentry"],"post_mailing_queue_ids":[],"_links":{"self":[{"href":"https:\/\/agora.xtec.cat\/sescanrecord\/wp-json\/wp\/v2\/pages\/10749","targetHints":{"allow":["GET"]}}],"collection":[{"href":"https:\/\/agora.xtec.cat\/sescanrecord\/wp-json\/wp\/v2\/pages"}],"about":[{"href":"https:\/\/agora.xtec.cat\/sescanrecord\/wp-json\/wp\/v2\/types\/page"}],"author":[{"embeddable":true,"href":"https:\/\/agora.xtec.cat\/sescanrecord\/wp-json\/wp\/v2\/users\/1"}],"replies":[{"embeddable":true,"href":"https:\/\/agora.xtec.cat\/sescanrecord\/wp-json\/wp\/v2\/comments?post=10749"}],"version-history":[{"count":3,"href":"https:\/\/agora.xtec.cat\/sescanrecord\/wp-json\/wp\/v2\/pages\/10749\/revisions"}],"predecessor-version":[{"id":11953,"href":"https:\/\/agora.xtec.cat\/sescanrecord\/wp-json\/wp\/v2\/pages\/10749\/revisions\/11953"}],"wp:attachment":[{"href":"https:\/\/agora.xtec.cat\/sescanrecord\/wp-json\/wp\/v2\/media?parent=10749"}],"curies":[{"name":"wp","href":"https:\/\/api.w.org\/{rel}","templated":true}]}}