{"id":10526,"date":"2020-05-08T17:43:21","date_gmt":"2020-05-08T15:43:21","guid":{"rendered":"http:\/\/agora.xtec.cat\/sescanrecord\/?page_id=10526"},"modified":"2020-05-08T17:51:21","modified_gmt":"2020-05-08T15:51:21","slug":"arees-de-proximitat","status":"publish","type":"page","link":"https:\/\/agora.xtec.cat\/sescanrecord\/linstitut\/arees-de-proximitat\/","title":{"rendered":"\u00c0rees de proximitat"},"content":{"rendered":"<h5><span style=\"color: #000000; font-size: 18pt;\">Per aplicar\u00a0el criteri de\u00a0<strong>proximitat<\/strong>\u00a0al centre es t\u00e9 en compte l&#8217;\u00e0rea d&#8217;influ\u00e8ncia del centre que determinen els ajuntaments afectats i els serveis territorials del Departament d&#8217;Educaci\u00f3. En el cas de Can Record l&#8217;\u00e0rea de proximitat \u00e9s Sant Esteve de Palautordera i Montseny.<\/span><\/h5>\n","protected":false},"excerpt":{"rendered":"<p>Per aplicar\u00a0el criteri de\u00a0proximitat\u00a0al centre es t\u00e9 en compte l&#8217;\u00e0rea d&#8217;influ\u00e8ncia del centre que determinen els ajuntaments afectats i els serveis territorials del Departament d&#8217;Educaci\u00f3. En el cas de Can Record l&#8217;\u00e0rea de proximitat \u00e9s Sant Esteve de Palautordera i Montseny.<\/p>\n","protected":false},"author":1,"featured_media":0,"parent":19,"menu_order":0,"comment_status":"closed","ping_status":"closed","template":"","meta":{"_bbp_topic_count":0,"_bbp_reply_count":0,"_bbp_total_topic_count":0,"_bbp_total_reply_count":0,"_bbp_voice_count":0,"_bbp_anonymous_reply_count":0,"_bbp_topic_count_hidden":0,"_bbp_reply_count_hidden":0,"_bbp_forum_subforum_count":0,"footnotes":""},"class_list":["post-10526","page","type-page","status-publish","hentry"],"post_mailing_queue_ids":[],"_links":{"self":[{"href":"https:\/\/agora.xtec.cat\/sescanrecord\/wp-json\/wp\/v2\/pages\/10526","targetHints":{"allow":["GET"]}}],"collection":[{"href":"https:\/\/agora.xtec.cat\/sescanrecord\/wp-json\/wp\/v2\/pages"}],"about":[{"href":"https:\/\/agora.xtec.cat\/sescanrecord\/wp-json\/wp\/v2\/types\/page"}],"author":[{"embeddable":true,"href":"https:\/\/agora.xtec.cat\/sescanrecord\/wp-json\/wp\/v2\/users\/1"}],"replies":[{"embeddable":true,"href":"https:\/\/agora.xtec.cat\/sescanrecord\/wp-json\/wp\/v2\/comments?post=10526"}],"version-history":[{"count":3,"href":"https:\/\/agora.xtec.cat\/sescanrecord\/wp-json\/wp\/v2\/pages\/10526\/revisions"}],"predecessor-version":[{"id":10534,"href":"https:\/\/agora.xtec.cat\/sescanrecord\/wp-json\/wp\/v2\/pages\/10526\/revisions\/10534"}],"up":[{"embeddable":true,"href":"https:\/\/agora.xtec.cat\/sescanrecord\/wp-json\/wp\/v2\/pages\/19"}],"wp:attachment":[{"href":"https:\/\/agora.xtec.cat\/sescanrecord\/wp-json\/wp\/v2\/media?parent=10526"}],"curies":[{"name":"wp","href":"https:\/\/api.w.org\/{rel}","templated":true}]}}