{"id":10523,"date":"2020-05-08T17:32:27","date_gmt":"2020-05-08T15:32:27","guid":{"rendered":"http:\/\/agora.xtec.cat\/sescanrecord\/?page_id=10523"},"modified":"2020-05-08T17:52:05","modified_gmt":"2020-05-08T15:52:05","slug":"transport-escolar-i-ajuts-individuals-de-desplacament","status":"publish","type":"page","link":"https:\/\/agora.xtec.cat\/sescanrecord\/secretaria\/transport-escolar-i-ajuts-individuals-de-desplacament\/","title":{"rendered":"Transport escolar i ajuts individuals de despla\u00e7ament"},"content":{"rendered":"<h5><span style=\"font-size: 18pt; color: #000000;\">Des del Consell Comarcal del Vall\u00e8s Oriental s&#8217;ofereix el servei gratu\u00eft de transport escolar a aquell alumnat que s&#8217;ha de despla\u00e7ar al centre des del municipi del Montseny.<\/span><\/h5>\n<h5><span style=\"font-size: 18pt; color: #000000;\">El Consell Comarcal ofereix uns ajuts individuals de despla\u00e7ament per a l&#8217;alumnat que no tenen oferta formativa en el seu municipi o b\u00e9 (tot i tenir oferta) tenen una resoluci\u00f3 del Departament per anar a un centre d&#8217;un altre municipi i no tenen ruta de transport escolar assignada al centre.<\/span><\/h5>\n","protected":false},"excerpt":{"rendered":"<p>Des del Consell Comarcal del Vall\u00e8s Oriental s&#8217;ofereix el servei gratu\u00eft de transport escolar a aquell alumnat que s&#8217;ha de despla\u00e7ar al centre des del municipi del Montseny.<br \/>\nEl Consell Comarcal ofereix uns ajuts individuals de despla\u00e7ament per a l&#8217;alumnat que no tenen oferta formativa en&hellip;  <a href=\"https:\/\/agora.xtec.cat\/sescanrecord\/secretaria\/transport-escolar-i-ajuts-individuals-de-desplacament\/\" title=\"Read Transport escolar i ajuts individuals de despla\u00e7ament\">Llegeix m\u00e9s\u00bb<\/a><\/p>\n","protected":false},"author":1,"featured_media":0,"parent":81,"menu_order":0,"comment_status":"closed","ping_status":"closed","template":"","meta":{"_bbp_topic_count":0,"_bbp_reply_count":0,"_bbp_total_topic_count":0,"_bbp_total_reply_count":0,"_bbp_voice_count":0,"_bbp_anonymous_reply_count":0,"_bbp_topic_count_hidden":0,"_bbp_reply_count_hidden":0,"_bbp_forum_subforum_count":0,"footnotes":""},"class_list":["post-10523","page","type-page","status-publish","hentry"],"post_mailing_queue_ids":[],"_links":{"self":[{"href":"https:\/\/agora.xtec.cat\/sescanrecord\/wp-json\/wp\/v2\/pages\/10523","targetHints":{"allow":["GET"]}}],"collection":[{"href":"https:\/\/agora.xtec.cat\/sescanrecord\/wp-json\/wp\/v2\/pages"}],"about":[{"href":"https:\/\/agora.xtec.cat\/sescanrecord\/wp-json\/wp\/v2\/types\/page"}],"author":[{"embeddable":true,"href":"https:\/\/agora.xtec.cat\/sescanrecord\/wp-json\/wp\/v2\/users\/1"}],"replies":[{"embeddable":true,"href":"https:\/\/agora.xtec.cat\/sescanrecord\/wp-json\/wp\/v2\/comments?post=10523"}],"version-history":[{"count":2,"href":"https:\/\/agora.xtec.cat\/sescanrecord\/wp-json\/wp\/v2\/pages\/10523\/revisions"}],"predecessor-version":[{"id":10535,"href":"https:\/\/agora.xtec.cat\/sescanrecord\/wp-json\/wp\/v2\/pages\/10523\/revisions\/10535"}],"up":[{"embeddable":true,"href":"https:\/\/agora.xtec.cat\/sescanrecord\/wp-json\/wp\/v2\/pages\/81"}],"wp:attachment":[{"href":"https:\/\/agora.xtec.cat\/sescanrecord\/wp-json\/wp\/v2\/media?parent=10523"}],"curies":[{"name":"wp","href":"https:\/\/api.w.org\/{rel}","templated":true}]}}