{"id":77,"date":"2014-09-18T10:29:25","date_gmt":"2014-09-18T10:29:25","guid":{"rendered":"http:\/\/agora.xtec.cat\/sescanet\/?page_id=77"},"modified":"2016-02-15T11:36:21","modified_gmt":"2016-02-15T10:36:21","slug":"transport-escolar","status":"publish","type":"page","link":"https:\/\/agora.xtec.cat\/sescanet\/serveis\/transport-escolar\/","title":{"rendered":"Transport escolar"},"content":{"rendered":"<p>El servei de transport dels alumnes del nostre centre \u00e9s gestionat pel Consell Comarcal del Maresme, que \u00e9s l\u2019organisme que estableix les rutes i els itineraris proposats pels centres escolars, en funci\u00f3 del lloc de resid\u00e8ncia de l\u2019alumnat, i que es portaran a terme durant el curs.<\/p>\n<p style=\"color: #000000;\">El servei \u00e9s gratu\u00eft per als usuaris escolaritzats en el nostre centre que provenen del municipi de Sant Cebri\u00e0 de Vallalta. La resta d\u2019alumnes beneficiaris del servei hauran de fer front al pagament del preu p\u00fablic de transport escolar del Consell Comarcal del Maresme.<\/p>\n<p style=\"color: #000000;\">Cliqueu\u00a0<a href=\"http:\/\/www.ccmaresme.cat\/ARXIUS\/2015\/EDUCACIO\/SOL_LICITUD_TEC_15_16.pdf\">aqu\u00ed<\/a> per a descarregar-vos el full de sol\u00b7licitud de servei de transport escolar.<\/p>\n","protected":false},"excerpt":{"rendered":"<p>El servei de transport dels alumnes del nostre centre \u00e9s gestionat pel Consell Comarcal del Maresme, que \u00e9s l\u2019organisme que estableix les rutes i els itineraris proposats pels centres escolars, en funci\u00f3 del lloc de resid\u00e8ncia de l\u2019alumnat, i que es portaran a terme durant&hellip;  <a href=\"https:\/\/agora.xtec.cat\/sescanet\/serveis\/transport-escolar\/\" title=\"Read Transport escolar\">Llegeix m\u00e9s\u00bb<\/a><\/p>\n","protected":false},"author":2,"featured_media":0,"parent":63,"menu_order":50,"comment_status":"closed","ping_status":"closed","template":"page-templates\/side-menu.php","meta":{"_bbp_topic_count":0,"_bbp_reply_count":0,"_bbp_total_topic_count":0,"_bbp_total_reply_count":0,"_bbp_voice_count":0,"_bbp_anonymous_reply_count":0,"_bbp_topic_count_hidden":0,"_bbp_reply_count_hidden":0,"_bbp_forum_subforum_count":0,"footnotes":""},"class_list":["post-77","page","type-page","status-publish","hentry"],"post_mailing_queue_ids":[],"_links":{"self":[{"href":"https:\/\/agora.xtec.cat\/sescanet\/wp-json\/wp\/v2\/pages\/77","targetHints":{"allow":["GET"]}}],"collection":[{"href":"https:\/\/agora.xtec.cat\/sescanet\/wp-json\/wp\/v2\/pages"}],"about":[{"href":"https:\/\/agora.xtec.cat\/sescanet\/wp-json\/wp\/v2\/types\/page"}],"author":[{"embeddable":true,"href":"https:\/\/agora.xtec.cat\/sescanet\/wp-json\/wp\/v2\/users\/2"}],"replies":[{"embeddable":true,"href":"https:\/\/agora.xtec.cat\/sescanet\/wp-json\/wp\/v2\/comments?post=77"}],"version-history":[{"count":3,"href":"https:\/\/agora.xtec.cat\/sescanet\/wp-json\/wp\/v2\/pages\/77\/revisions"}],"predecessor-version":[{"id":443,"href":"https:\/\/agora.xtec.cat\/sescanet\/wp-json\/wp\/v2\/pages\/77\/revisions\/443"}],"up":[{"embeddable":true,"href":"https:\/\/agora.xtec.cat\/sescanet\/wp-json\/wp\/v2\/pages\/63"}],"wp:attachment":[{"href":"https:\/\/agora.xtec.cat\/sescanet\/wp-json\/wp\/v2\/media?parent=77"}],"curies":[{"name":"wp","href":"https:\/\/api.w.org\/{rel}","templated":true}]}}