{"id":69,"date":"2014-09-18T10:15:07","date_gmt":"2014-09-18T10:15:07","guid":{"rendered":"http:\/\/agora.xtec.cat\/sescanet\/?page_id=69"},"modified":"2022-05-31T12:05:04","modified_gmt":"2022-05-31T10:05:04","slug":"menjador-escolar","status":"publish","type":"page","link":"https:\/\/agora.xtec.cat\/sescanet\/serveis\/menjador-escolar\/","title":{"rendered":"PROJECTE LING\u00dc\u00cdSTIC"},"content":{"rendered":"<p><strong>Qu\u00e8 \u00e9s el PROJECTE LING\u00dc\u00cdSTIC DE CENTRE?<\/strong><\/p>\n<p style=\"text-align: justify;\">El PROJECTE LING\u00dc\u00cdSTIC DE CENTRE \u00e9s un document que tots els centres p\u00fablics i privats sostinguts amb fons p\u00fablics han d\u2019elaborar com a part del seu projecte educatiu.<\/p>\n<p style=\"text-align: justify;\">D\u2019acord amb la Llei 12\/2009, del 10 de juliol, d\u2019educaci\u00f3, el projecte ling\u00fc\u00edstic ha d\u2019emmarcar el tractament de les lleng\u00fces al centre i ha d\u2019incloure els aspectes relatius a l\u2019ensenyament i a l\u2019\u00fas de les lleng\u00fces, entre els quals hi ha d\u2019haver <strong>a)<\/strong> El tractament del catal\u00e0 com a llengua vehicular i d\u2019aprenentatge, <strong>b)<\/strong> El proc\u00e9s d\u2019ensenyament i d\u2019aprenentatge del castell\u00e0, <strong>c)<\/strong> Les diverses opcions amb relaci\u00f3 a les lleng\u00fces estrangeres, <strong>d)<\/strong> Els criteris generals per a les adequacions del proc\u00e9s d\u2019ensenyament de les lleng\u00fces, tant globalment com individualment, a la realitat socioling\u00fc\u00edstica del centre, i <strong>e)<\/strong> La continu\u00eftat i la coher\u00e8ncia educatives, pel que fa als usos ling\u00fc\u00edstics, en els serveis escolars i en les activitats organitzades per les associacions de mares i pares d\u2019alumnes.<br \/>\nPer tant, El PROJECTE LING\u00dc\u00cdSTIC DE CENTRE \u00e9s un document que parteix d\u2019una reflexi\u00f3 interna del centre, que recull les decisions preses a partir d\u2019aquesta an\u00e0lisi en relaci\u00f3 a l\u2019ensenyament i l\u2019aprenentatge de les lleng\u00fces i que t\u00e9 com a objectiu donar coher\u00e8ncia a la manera d\u2019adquirir-les. \u00c9s un document de reflexi\u00f3 i de presa de decisions que incideix en tots els contextos comunicatius dels centres: aula, centre i entorn.<\/p>\n<p><strong> Per qu\u00e8 i per a qu\u00e8 cal un PROJECTE LING\u00dc\u00cdSTIC DE CENTRE?<\/strong><\/p>\n<p>El projecte ling\u00fc\u00edstic ha de contribuir a donar la resposta educativa m\u00e9s adequada i efica\u00e7 a les necessitats i caracter\u00edstiques del centre. Tamb\u00e9 ha de servir per compartir amb la comunitat educativa els acords presos enrelaci\u00f3 amb la gesti\u00f3 de les lleng\u00fces.<\/p>\n<p style=\"text-align: justify;\">El projecte ling\u00fc\u00edstic del nostre centre est\u00e0 en fase d&#8217;actualitzaci\u00f3. Cliqueu al seg\u00fcent enlla\u00e7 per descarregar-vos-el:<\/p>\n<p><a href=\"https:\/\/agora.xtec.cat\/sescanet\/wp-content\/uploads\/usu509\/2022\/05\/PROJECTE-LINGUISTIC-1.pdf\">PROJECTE LING\u00dc\u00cdSTIC<\/a><\/p>\n","protected":false},"excerpt":{"rendered":"<p>Qu\u00e8 \u00e9s el PROJECTE LING\u00dc\u00cdSTIC DE CENTRE?<br \/>\nEl PROJECTE LING\u00dc\u00cdSTIC DE CENTRE \u00e9s un document que tots els centres p\u00fablics i privats sostinguts amb fons p\u00fablics han d\u2019elaborar com a part del seu projecte educatiu.<br \/>\nD\u2019acord amb la Llei 12\/2009, del 10 de juliol, d\u2019educaci\u00f3, el projecte&hellip;  <a href=\"https:\/\/agora.xtec.cat\/sescanet\/serveis\/menjador-escolar\/\" title=\"Read PROJECTE LING\u00dc\u00cdSTIC\">Llegeix m\u00e9s\u00bb<\/a><\/p>\n","protected":false},"author":2,"featured_media":0,"parent":63,"menu_order":20,"comment_status":"closed","ping_status":"closed","template":"page-templates\/side-menu.php","meta":{"_bbp_topic_count":0,"_bbp_reply_count":0,"_bbp_total_topic_count":0,"_bbp_total_reply_count":0,"_bbp_voice_count":0,"_bbp_anonymous_reply_count":0,"_bbp_topic_count_hidden":0,"_bbp_reply_count_hidden":0,"_bbp_forum_subforum_count":0,"footnotes":""},"class_list":["post-69","page","type-page","status-publish","hentry"],"post_mailing_queue_ids":[],"_links":{"self":[{"href":"https:\/\/agora.xtec.cat\/sescanet\/wp-json\/wp\/v2\/pages\/69","targetHints":{"allow":["GET"]}}],"collection":[{"href":"https:\/\/agora.xtec.cat\/sescanet\/wp-json\/wp\/v2\/pages"}],"about":[{"href":"https:\/\/agora.xtec.cat\/sescanet\/wp-json\/wp\/v2\/types\/page"}],"author":[{"embeddable":true,"href":"https:\/\/agora.xtec.cat\/sescanet\/wp-json\/wp\/v2\/users\/2"}],"replies":[{"embeddable":true,"href":"https:\/\/agora.xtec.cat\/sescanet\/wp-json\/wp\/v2\/comments?post=69"}],"version-history":[{"count":4,"href":"https:\/\/agora.xtec.cat\/sescanet\/wp-json\/wp\/v2\/pages\/69\/revisions"}],"predecessor-version":[{"id":3920,"href":"https:\/\/agora.xtec.cat\/sescanet\/wp-json\/wp\/v2\/pages\/69\/revisions\/3920"}],"up":[{"embeddable":true,"href":"https:\/\/agora.xtec.cat\/sescanet\/wp-json\/wp\/v2\/pages\/63"}],"wp:attachment":[{"href":"https:\/\/agora.xtec.cat\/sescanet\/wp-json\/wp\/v2\/media?parent=69"}],"curies":[{"name":"wp","href":"https:\/\/api.w.org\/{rel}","templated":true}]}}