{"id":46,"date":"2014-09-17T16:53:45","date_gmt":"2014-09-17T16:53:45","guid":{"rendered":"http:\/\/agora.xtec.cat\/sescanet\/?page_id=46"},"modified":"2020-02-17T16:07:00","modified_gmt":"2020-02-17T15:07:00","slug":"organigrama","status":"publish","type":"page","link":"https:\/\/agora.xtec.cat\/sescanet\/linstitut\/organigrama\/","title":{"rendered":"Organigrama"},"content":{"rendered":"<p align=\"justify\"><span style=\"font-family: Georgia, serif;\">L\u2019Institut Sunsi M\u00f3ra utilitza l\u2019estructura <\/span><span style=\"font-family: Georgia, serif;\"><b>line-and-staff organizational style<\/b><\/span><span style=\"font-family: Georgia, serif;\"> de manera interna per implementar una Direcci\u00f3 pedag\u00f2gica. Jordi Canalda encap\u00e7ala l\u2019Equip de Direcci\u00f3 pedag\u00f2gica<\/span><span style=\"font-family: Georgia, serif;\">; just per sota, els altres tres membres de la Direcci\u00f3 assumeixen, de manera distributiva, les funcions de \u201cmanager\u201d.<\/span><span style=\"font-family: Georgia, serif;\"><b>\u00a0<\/b><\/span><span style=\"font-family: Georgia, serif;\">Aquesta estructura es centra en la implementaci\u00f3 d\u2019aspectes did\u00e0ctics que recauen en els c\u00e0rrecs de Cap d\u2019Estudis, Coordinaci\u00f3 Pedag\u00f2gica i Secretaria, centralitzant la part gestora en la figura de l\u2019administrativa supervisada per Direcci\u00f3 i Secretaria. \u00c9s una estructura que no es centra nom\u00e9s en la figura gestora, sin\u00f3 que t\u00e9 en la innovaci\u00f3 pedag\u00f2gica un dels pilars necessaris per garantir l\u2019\u00e8xit i qualitat pedag\u00f2gica del nostre centre .A continuaci\u00f3, els team leaders (gerents) de cada \u00e0mbit esdevenen els motors propulsors de la l\u00ednia pedag\u00f2gica del nostre projecte, fent-ho extensiu a la resta del professorat a partir de la consolidaci\u00f3 del treball per \u00e0mbits espec\u00edfics i propis de l\u2019Institut Sunsi M\u00f3ra. Existeixen tres <\/span><span style=\"font-family: Georgia, serif;\">\u00e0mbits <\/span><span style=\"font-family: Georgia, serif;\">principals.\u00a0<\/span><\/p>\n<ol>\n<li><span style=\"font-family: Georgia, serif;\">\u00c0mbit STEM (Science, Technology , Engineering and Math)<\/span><\/li>\n<li>\u00c0mbit Human\u00edstic (lleng\u00fces i socials)<\/li>\n<li>\u00c0mbit d&#8217;Expressi\u00f3 (ViP, m\u00fasica i Educaci\u00f3 F\u00edsica)<span style=\"font-family: Georgia, serif;\"><a href=\"http:\/\/agora.xtec.cat\/sescanet\/linstitut\/organigrama\/attachment\/organigrama-2\/\" rel=\"attachment wp-att-2578\">\n<p><\/a><a href=\"http:\/\/agora.xtec.cat\/sescanet\/linstitut\/organigrama\/attachment\/organigrama-3\/\" rel=\"attachment wp-att-2582\"><img loading=\"lazy\" decoding=\"async\" class=\"aligncenter size-full wp-image-2582\" src=\"https:\/\/agora.xtec.cat\/sescanet\/wp-content\/uploads\/usu509\/2020\/02\/organigrama-1.jpg\" alt=\"\" width=\"718\" height=\"499\" srcset=\"https:\/\/agora.xtec.cat\/sescanet\/wp-content\/uploads\/usu509\/2020\/02\/organigrama-1.jpg 718w, https:\/\/agora.xtec.cat\/sescanet\/wp-content\/uploads\/usu509\/2020\/02\/organigrama-1-300x208.jpg 300w\" sizes=\"auto, (max-width: 718px) 100vw, 718px\" \/><\/a><\/span><\/li>\n<\/ol>\n<p>&nbsp;<\/p>\n","protected":false},"excerpt":{"rendered":"<p>L\u2019Institut Sunsi M\u00f3ra utilitza l\u2019estructura line-and-staff organizational style de manera interna per implementar una Direcci\u00f3 pedag\u00f2gica. Jordi Canalda encap\u00e7ala l\u2019Equip de Direcci\u00f3 pedag\u00f2gica; just per sota, els altres tres membres de la Direcci\u00f3 assumeixen, de manera distributiva, les funcions de \u201cmanager\u201d.\u00a0Aquesta estructura es centra en&hellip;  <a href=\"https:\/\/agora.xtec.cat\/sescanet\/linstitut\/organigrama\/\" title=\"Read Organigrama\">Llegeix m\u00e9s\u00bb<\/a><\/p>\n","protected":false},"author":1,"featured_media":0,"parent":19,"menu_order":50,"comment_status":"closed","ping_status":"closed","template":"page-templates\/side-menu.php","meta":{"_bbp_topic_count":0,"_bbp_reply_count":0,"_bbp_total_topic_count":0,"_bbp_total_reply_count":0,"_bbp_voice_count":0,"_bbp_anonymous_reply_count":0,"_bbp_topic_count_hidden":0,"_bbp_reply_count_hidden":0,"_bbp_forum_subforum_count":0,"footnotes":""},"class_list":["post-46","page","type-page","status-publish","hentry"],"post_mailing_queue_ids":[],"_links":{"self":[{"href":"https:\/\/agora.xtec.cat\/sescanet\/wp-json\/wp\/v2\/pages\/46","targetHints":{"allow":["GET"]}}],"collection":[{"href":"https:\/\/agora.xtec.cat\/sescanet\/wp-json\/wp\/v2\/pages"}],"about":[{"href":"https:\/\/agora.xtec.cat\/sescanet\/wp-json\/wp\/v2\/types\/page"}],"author":[{"embeddable":true,"href":"https:\/\/agora.xtec.cat\/sescanet\/wp-json\/wp\/v2\/users\/1"}],"replies":[{"embeddable":true,"href":"https:\/\/agora.xtec.cat\/sescanet\/wp-json\/wp\/v2\/comments?post=46"}],"version-history":[{"count":3,"href":"https:\/\/agora.xtec.cat\/sescanet\/wp-json\/wp\/v2\/pages\/46\/revisions"}],"predecessor-version":[{"id":2583,"href":"https:\/\/agora.xtec.cat\/sescanet\/wp-json\/wp\/v2\/pages\/46\/revisions\/2583"}],"up":[{"embeddable":true,"href":"https:\/\/agora.xtec.cat\/sescanet\/wp-json\/wp\/v2\/pages\/19"}],"wp:attachment":[{"href":"https:\/\/agora.xtec.cat\/sescanet\/wp-json\/wp\/v2\/media?parent=46"}],"curies":[{"name":"wp","href":"https:\/\/api.w.org\/{rel}","templated":true}]}}