{"id":43,"date":"2014-09-17T16:45:07","date_gmt":"2014-09-17T16:45:07","guid":{"rendered":"http:\/\/agora.xtec.cat\/sescanet\/?page_id=43"},"modified":"2024-07-12T10:19:45","modified_gmt":"2024-07-12T08:19:45","slug":"consell-escolar","status":"publish","type":"page","link":"https:\/\/agora.xtec.cat\/sescanet\/linstitut\/consell-escolar\/","title":{"rendered":"Consell escolar"},"content":{"rendered":"<p><strong>COMPOSICI\u00d3 DEL NOSTRE CONSELL ESCOLAR<\/strong><\/p>\n<p>&nbsp;<\/p>\n<p>Est\u00e0 integrat per 15 representants:<\/p>\n<p><strong>El director<\/strong>: Jordi Canalda Ribas<\/p>\n<p><strong>La cap d\u2019estudis:<\/strong> Anna Llorca Marin\u00e9<\/p>\n<p>Un representant de l\u2019<strong>Ajuntament<\/strong>. Rosabel Madrid C\u00e0mara<\/p>\n<p>Un representant del <strong>Personal d\u2019Administraci\u00f3 i Serveis<\/strong>: \u00c0ngels Jim\u00e9nez Fern\u00e1ndez<\/p>\n<p><strong>Cinc representants del professorat:\u00a0 <\/strong><\/p>\n<p>Francesc Cobos Garcia<\/p>\n<p>Ricard de Clasc\u00e0 Luque<\/p>\n<p>Joan Carbonell Valls<\/p>\n<p>Alejandro S\u00e1nchez Ramos<\/p>\n<p>Dos representants de l\u2019<strong>alumnat<\/strong>:<\/p>\n<p>Jennifer Eddy<\/p>\n<p>Pol escudero<\/p>\n<p>Dos representants dels <strong>pares i mares<\/strong> del centre:<\/p>\n<p>Consol Hern\u00e1ndez<\/p>\n<p>Imma Garcia<\/p>\n<p>Un representant de l&#8217;<strong>AMPA<\/strong> :\u00a0 \u00a0 \u00a0 \u00a0 \u00a0 \u00a0Jordi Puig<\/p>\n<p><strong>La secret\u00e0ria<\/strong>:\u00a0 Carme Plana Par\u00e9s<\/p>\n<p>&nbsp;<\/p>\n<p><strong>DEFINICI\u00d3 I FUNCIONS DEL CONSELL ESCOLAR DEL CENTRE<\/strong><\/p>\n<p>&nbsp;<\/p>\n<p>El consell escolar \u00e9s l&#8217;\u00f2rgan col\u00b7legiat de participaci\u00f3\u00a0de la comunitat escolar en el govern del centre. En el consell escolar hi ha representats tots els col\u00b7lectius que intervenen en la comunitat educativa: director, professors, alumnes, fam\u00edlies, etc.<br \/>\nEn els\u00a0centres p\u00fablics, la funci\u00f3 principal del consell escolar \u00e9s debatre i aprovar tots aquells temes importants per al funcionament i l&#8217;organitzaci\u00f3 del centre:<\/p>\n<p>&nbsp;<\/p>\n<p>1.Aprovar el projecte educatiu i les modificacions corresponents.<\/p>\n<p>2.Aprovar la programaci\u00f3 general anual del centre i avaluar-ne el desenvolupament i els resultats.<\/p>\n<p>3.Aprovar les propostes d&#8217;acords de coresponsabilitat, convenis i altres acords de col\u00b7laboraci\u00f3 del centre amb entitats o institucions.<\/p>\n<p>4.Aprovar les normes d&#8217;organitzaci\u00f3 i funcionament i les modificacions corresponents.<\/p>\n<p>5.Aprovar la carta de comprom\u00eds educatiu.<\/p>\n<p>6.Aprovar el pressupost del centre i el rendiment de comptes.<\/p>\n<p>7.Intervenir en el procediment d&#8217;admissi\u00f3 d&#8217;alumnes.<\/p>\n<p>8.Participar en el procediment de selecci\u00f3 i en la proposta de cessament del director o directora.<\/p>\n<p>9.Intervenir en la resoluci\u00f3 dels conflictes i, si escau, revisar les sancions als alumnes.<\/p>\n<p>10.Aprovar les directrius per a la programaci\u00f3 d&#8217;activitats escolars complement\u00e0ries i d&#8217;activitats extraescolars, i avaluar-ne el desenvolupament.<\/p>\n<p>11.Participar en les an\u00e0lisis i les avaluacions del funcionament general del centre i con\u00e8ixer l&#8217;evoluci\u00f3 del rendiment escolar.<\/p>\n<p>12.Aprovar els criteris de col\u00b7laboraci\u00f3 amb altres centres i amb l&#8217;entorn.<\/p>\n<p>&nbsp;<\/p>\n<p>Qualsevol altra que li sigui atribu\u00efda per les normes legals o reglament\u00e0ries.<\/p>\n<p>&nbsp;<\/p>\n","protected":false},"excerpt":{"rendered":"<p>COMPOSICI\u00d3 DEL NOSTRE CONSELL ESCOLAR<br \/>\n&nbsp;<br \/>\nEst\u00e0 integrat per 15 representants:<br \/>\nEl director: Jordi Canalda Ribas<br \/>\nLa cap d\u2019estudis: Anna Llorca Marin\u00e9<br \/>\nUn representant de l\u2019Ajuntament. Rosabel Madrid C\u00e0mara<br \/>\nUn representant del Personal d\u2019Administraci\u00f3 i Serveis: \u00c0ngels Jim\u00e9nez Fern\u00e1ndez<br \/>\nCinc representants del professorat:\u00a0<br \/>\nFrancesc Cobos Garcia<br \/>\nRicard de Clasc\u00e0 Luque<br \/>\nJoan Carbonell Valls<br \/>\nAlejandro S\u00e1nchez&hellip;  <a href=\"https:\/\/agora.xtec.cat\/sescanet\/linstitut\/consell-escolar\/\" title=\"Read Consell escolar\">Llegeix m\u00e9s\u00bb<\/a><\/p>\n","protected":false},"author":1,"featured_media":0,"parent":19,"menu_order":40,"comment_status":"closed","ping_status":"closed","template":"page-templates\/side-menu.php","meta":{"_bbp_topic_count":0,"_bbp_reply_count":0,"_bbp_total_topic_count":0,"_bbp_total_reply_count":0,"_bbp_voice_count":0,"_bbp_anonymous_reply_count":0,"_bbp_topic_count_hidden":0,"_bbp_reply_count_hidden":0,"_bbp_forum_subforum_count":0,"footnotes":""},"class_list":["post-43","page","type-page","status-publish","hentry"],"post_mailing_queue_ids":[],"_links":{"self":[{"href":"https:\/\/agora.xtec.cat\/sescanet\/wp-json\/wp\/v2\/pages\/43","targetHints":{"allow":["GET"]}}],"collection":[{"href":"https:\/\/agora.xtec.cat\/sescanet\/wp-json\/wp\/v2\/pages"}],"about":[{"href":"https:\/\/agora.xtec.cat\/sescanet\/wp-json\/wp\/v2\/types\/page"}],"author":[{"embeddable":true,"href":"https:\/\/agora.xtec.cat\/sescanet\/wp-json\/wp\/v2\/users\/1"}],"replies":[{"embeddable":true,"href":"https:\/\/agora.xtec.cat\/sescanet\/wp-json\/wp\/v2\/comments?post=43"}],"version-history":[{"count":5,"href":"https:\/\/agora.xtec.cat\/sescanet\/wp-json\/wp\/v2\/pages\/43\/revisions"}],"predecessor-version":[{"id":4788,"href":"https:\/\/agora.xtec.cat\/sescanet\/wp-json\/wp\/v2\/pages\/43\/revisions\/4788"}],"up":[{"embeddable":true,"href":"https:\/\/agora.xtec.cat\/sescanet\/wp-json\/wp\/v2\/pages\/19"}],"wp:attachment":[{"href":"https:\/\/agora.xtec.cat\/sescanet\/wp-json\/wp\/v2\/media?parent=43"}],"curies":[{"name":"wp","href":"https:\/\/api.w.org\/{rel}","templated":true}]}}