{"id":3927,"date":"2022-06-07T12:58:26","date_gmt":"2022-06-07T10:58:26","guid":{"rendered":"https:\/\/agora.xtec.cat\/sescanet\/?page_id=3927"},"modified":"2022-06-07T13:25:29","modified_gmt":"2022-06-07T11:25:29","slug":"qui-va-ser-la-sunsi-mora","status":"publish","type":"page","link":"https:\/\/agora.xtec.cat\/sescanet\/qui-va-ser-la-sunsi-mora\/","title":{"rendered":"QUI VA SER LA SUNSI M\u00d3RA?"},"content":{"rendered":"<p><strong><i><img loading=\"lazy\" decoding=\"async\" class=\"alignright wp-image-3929 size-large\" src=\"https:\/\/agora.xtec.cat\/sescanet\/wp-content\/uploads\/usu509\/2022\/06\/Untitled-768x1024.jpg\" alt=\"\" width=\"768\" height=\"1024\" srcset=\"https:\/\/agora.xtec.cat\/sescanet\/wp-content\/uploads\/usu509\/2022\/06\/Untitled-768x1024.jpg 768w, https:\/\/agora.xtec.cat\/sescanet\/wp-content\/uploads\/usu509\/2022\/06\/Untitled-225x300.jpg 225w, https:\/\/agora.xtec.cat\/sescanet\/wp-content\/uploads\/usu509\/2022\/06\/Untitled.jpg 960w\" sizes=\"auto, (max-width: 768px) 100vw, 768px\" \/><\/i><\/strong><\/p>\n<p>&nbsp;<\/p>\n<p>&nbsp;<\/p>\n<h4 style=\"text-align: center;\"><i>&#8220;He tingut la sort de treballar amb el que m\u00e9s m&#8217;agrada quan no treballo: la literatura, i de fer-ho per un amor terriblement hum\u00e0, tanmateix contradictori: els adolescents. <\/i><i>Els llibres m&#8217;han encomanat molt del que diuen, els joves molt del que s\u00f3n.&#8221;<\/i><\/h4>\n<h4 style=\"text-align: center;\"><i>Sunsi M\u00f3ra<\/i><\/h4>\n<p>&nbsp;<\/p>\n<p>&nbsp;<\/p>\n<p>&nbsp;<\/p>\n<p style=\"text-align: justify;\"><span style=\"font-weight: 400;\">La Sunsi M\u00f3ra va n\u00e9ixer el 22 de juny del 1958, va viure la seva inf\u00e0ncia a Sant Andreu de Llavaneres\u00a0 i va morir el 8 d&#8217;octubre del 2011 amb 53 anys.\u00a0<\/span><\/p>\n<p style=\"text-align: justify;\"><span style=\"font-weight: 400;\">Quan era petita, la van operar de l&#8217;esquena i va haver d&#8217;estar un any al llit de l&#8217;hospital. El seu avi va idear un sistema perqu\u00e8 pogu\u00e9s llegir a trav\u00e9s d&#8217;un mirall. Gr\u00e0cies a aix\u00f2, va poder descobrir molts llibres i va adquirir nous coneixements amb tot el que li explicaven.\u00a0<\/span><\/p>\n<p style=\"text-align: justify;\"><span style=\"font-weight: 400;\">Formava part d\u2019una fam\u00edlia nombrosa de 8 germans. La relaci\u00f3 amb la seva fam\u00edlia era molt estreta i afectuosa, sovint feien dinars; era el centre de trobades tant familiars com d\u2019amics. A m\u00e9s a m\u00e9s, tenia una gran complicitat amb els seus avis i tothom que la coneixia deia que era molt divertida i parlava sempre en to ir\u00f2nic.<\/span><\/p>\n<p style=\"text-align: justify;\"><span style=\"font-weight: 400;\">De gran, va tenir dos fills i va treballar de professora de llengua, de llat\u00ed i de literatura catalana i castellana. La literatura va ensenyar-li moltes coses de la vida; ella tamb\u00e9 va ensenyar molt de la vida als seus alumnes gr\u00e0cies a la literatura. Durant la seva carrera professional, va treballar en diferents instituts i pobles dels pa\u00efsos catalans, entre ells l\u2019Institut Dom\u00e8nech i Montaner, situat a Canet de Mar.<\/span><\/p>\n<p style=\"text-align: justify;\"><span style=\"font-weight: 400;\">La Sunsi va ser important i continua sent-ho perqu\u00e8 ha dedicat tota la seva vida a ensenyar la gent i donar el millor d&#8217;ella mateixa. Per aquest motiu, el nostre institut rep el seu nom: Institut Sunsi M\u00f3ra.\u00a0<\/span><\/p>\n<p style=\"text-align: right;\"><em><span style=\"font-weight: 400;\">Biografia realitzada pels alumnes de 1rC durant el curs 2021-22.<\/span><\/em><\/p>\n<h4><\/h4>\n<p>&nbsp;<\/p>\n<h4 style=\"text-align: center;\"><em><span style=\"font-weight: 400;\">Al novembre de 2021 s\u2019inaugur\u00e0 un monument al parc municipal del seu poble natal.<\/span><\/em><\/h4>\n<p><img loading=\"lazy\" decoding=\"async\" class=\"aligncenter size-full wp-image-3639\" src=\"https:\/\/agora.xtec.cat\/sescanet\/wp-content\/uploads\/usu509\/2021\/11\/Screenshot_20211130-120609_Instagram.jpg\" alt=\"\" width=\"1079\" height=\"759\" srcset=\"https:\/\/agora.xtec.cat\/sescanet\/wp-content\/uploads\/usu509\/2021\/11\/Screenshot_20211130-120609_Instagram.jpg 1079w, https:\/\/agora.xtec.cat\/sescanet\/wp-content\/uploads\/usu509\/2021\/11\/Screenshot_20211130-120609_Instagram-300x211.jpg 300w, https:\/\/agora.xtec.cat\/sescanet\/wp-content\/uploads\/usu509\/2021\/11\/Screenshot_20211130-120609_Instagram-1024x720.jpg 1024w, https:\/\/agora.xtec.cat\/sescanet\/wp-content\/uploads\/usu509\/2021\/11\/Screenshot_20211130-120609_Instagram-768x540.jpg 768w\" sizes=\"auto, (max-width: 1079px) 100vw, 1079px\" \/><\/p>\n<p>&nbsp;<\/p>\n","protected":false},"excerpt":{"rendered":"<p>&nbsp;<br \/>\n&nbsp;<br \/>\n&#8220;He tingut la sort de treballar amb el que m\u00e9s m&#8217;agrada quan no treballo: la literatura, i de fer-ho per un amor terriblement hum\u00e0, tanmateix contradictori: els adolescents. Els llibres m&#8217;han encomanat molt del que diuen, els joves molt del que s\u00f3n.&#8221;<br \/>\nSunsi M\u00f3ra<br \/>\n&nbsp;<br \/>\n&nbsp;<br \/>\n&nbsp;<br \/>\nLa Sunsi M\u00f3ra&hellip;  <a href=\"https:\/\/agora.xtec.cat\/sescanet\/qui-va-ser-la-sunsi-mora\/\" title=\"Read QUI VA SER LA SUNSI M\u00d3RA?\">Llegeix m\u00e9s\u00bb<\/a><\/p>\n","protected":false},"author":1,"featured_media":0,"parent":0,"menu_order":0,"comment_status":"closed","ping_status":"closed","template":"","meta":{"_bbp_topic_count":0,"_bbp_reply_count":0,"_bbp_total_topic_count":0,"_bbp_total_reply_count":0,"_bbp_voice_count":0,"_bbp_anonymous_reply_count":0,"_bbp_topic_count_hidden":0,"_bbp_reply_count_hidden":0,"_bbp_forum_subforum_count":0,"footnotes":""},"class_list":["post-3927","page","type-page","status-publish","hentry"],"post_mailing_queue_ids":[],"_links":{"self":[{"href":"https:\/\/agora.xtec.cat\/sescanet\/wp-json\/wp\/v2\/pages\/3927","targetHints":{"allow":["GET"]}}],"collection":[{"href":"https:\/\/agora.xtec.cat\/sescanet\/wp-json\/wp\/v2\/pages"}],"about":[{"href":"https:\/\/agora.xtec.cat\/sescanet\/wp-json\/wp\/v2\/types\/page"}],"author":[{"embeddable":true,"href":"https:\/\/agora.xtec.cat\/sescanet\/wp-json\/wp\/v2\/users\/1"}],"replies":[{"embeddable":true,"href":"https:\/\/agora.xtec.cat\/sescanet\/wp-json\/wp\/v2\/comments?post=3927"}],"version-history":[{"count":3,"href":"https:\/\/agora.xtec.cat\/sescanet\/wp-json\/wp\/v2\/pages\/3927\/revisions"}],"predecessor-version":[{"id":3941,"href":"https:\/\/agora.xtec.cat\/sescanet\/wp-json\/wp\/v2\/pages\/3927\/revisions\/3941"}],"wp:attachment":[{"href":"https:\/\/agora.xtec.cat\/sescanet\/wp-json\/wp\/v2\/media?parent=3927"}],"curies":[{"name":"wp","href":"https:\/\/api.w.org\/{rel}","templated":true}]}}