{"id":3511,"date":"2021-09-06T13:49:22","date_gmt":"2021-09-06T11:49:22","guid":{"rendered":"https:\/\/agora.xtec.cat\/sescanet\/?page_id=3511"},"modified":"2025-10-24T14:36:37","modified_gmt":"2025-10-24T12:36:37","slug":"normes-de-convivencia-de-centre","status":"publish","type":"page","link":"https:\/\/agora.xtec.cat\/sescanet\/normes-de-convivencia-de-centre\/","title":{"rendered":"NOFC del centre"},"content":{"rendered":"<p>Descarregueu-vos l&#8217;extracte de les normes de conviv\u00e8ncia clicant aqu\u00ed: <a href=\"https:\/\/agora.xtec.cat\/sescanet\/wp-content\/uploads\/usu509\/2025\/10\/EXTRACTE-normativa-de-convivencia-INSTITUT-SUNSI-MORA-25-26.docx.pdf\">Normes b\u00e0siques de conviv\u00e8ncia<\/a><\/p>\n<p>Descarregueu-vos les <a href=\"https:\/\/agora.xtec.cat\/sescanet\/wp-content\/uploads\/usu509\/2025\/10\/NOFC-Institut-Sunsi-Mora-EN-REVISIO.docx.pdf\">NOFC<\/a><a href=\"https:\/\/agora.xtec.cat\/sescanet\/wp-content\/uploads\/usu509\/2025\/05\/NOFC-Institut-Sunsi-Mora.docx-2.pdf\">\u00a0 (EN REVISI\u00d3) <\/a>del centre.<\/p>\n<h5 id=\"h24\">Drets i deures de l&#8217;alumnat\u200b<\/h5>\n<p><a title=\"Obre finestra nova (V\u00e9s al Portal Jur\u00eddic)\" href=\"http:\/\/portaljuridic.gencat.cat\/ca\/pjur_ocults\/pjur_resultats_fitxa\/?action=fitxa&amp;mode=single&amp;documentId=403808&amp;language=ca_ES\" target=\"_blank\" rel=\"noopener\"><img decoding=\"async\" class=\"ms-asset-icon ms-rtePosition-4\" src=\"https:\/\/espai.educacio.gencat.cat\/_layouts\/images\/icgen.gif\" alt=\"\" \/>Decret 279\/2006,<\/a>\u00a0de 4 de juliol, sobre drets i deures de l\u2019alumnat i regulaci\u00f3 de la conviv\u00e8ncia en els centres educatius no universitaris de Catalunya (DOGC n\u00fam. 4670, de 6.7.2006).\u200b<\/p>\n","protected":false},"excerpt":{"rendered":"<p>Descarregueu-vos l&#8217;extracte de les normes de conviv\u00e8ncia clicant aqu\u00ed: <a href=\"https:\/\/agora.xtec.cat\/sescanet\/wp-content\/uploads\/usu509\/2025\/10\/EXTRACTE-normativa-de-convivencia-INSTITUT-SUNSI-MORA-25-26.docx.pdf\">Normes b\u00e0siques de conviv\u00e8ncia<\/a><br \/>\nDescarregueu-vos les <a href=\"https:\/\/agora.xtec.cat\/sescanet\/wp-content\/uploads\/usu509\/2025\/10\/NOFC-Institut-Sunsi-Mora-EN-REVISIO.docx.pdf\">NOFC<\/a><a href=\"https:\/\/agora.xtec.cat\/sescanet\/wp-content\/uploads\/usu509\/2025\/05\/NOFC-Institut-Sunsi-Mora.docx-2.pdf\">\u00a0 (EN REVISI\u00d3) <\/a>del centre.<br \/>\nDrets i deures de l&#8217;alumnat\u200b<br \/>\n<a title=\"Obre finestra nova (V\u00e9s al Portal Jur\u00eddic)\" href=\"http:\/\/portaljuridic.gencat.cat\/ca\/pjur_ocults\/pjur_resultats_fitxa\/?action=fitxa&amp;mode=single&amp;documentId=403808&amp;language=ca_ES\" target=\"_blank\" rel=\"noopener\">Decret 279\/2006,<\/a>\u00a0de 4 de juliol, sobre drets i deures de&hellip;  <a href=\"https:\/\/agora.xtec.cat\/sescanet\/normes-de-convivencia-de-centre\/\" title=\"Read NOFC del centre\">Llegeix m\u00e9s\u00bb<\/a><\/p>\n","protected":false},"author":1,"featured_media":0,"parent":0,"menu_order":0,"comment_status":"closed","ping_status":"closed","template":"","meta":{"_bbp_topic_count":0,"_bbp_reply_count":0,"_bbp_total_topic_count":0,"_bbp_total_reply_count":0,"_bbp_voice_count":0,"_bbp_anonymous_reply_count":0,"_bbp_topic_count_hidden":0,"_bbp_reply_count_hidden":0,"_bbp_forum_subforum_count":0,"footnotes":""},"class_list":["post-3511","page","type-page","status-publish","hentry"],"post_mailing_queue_ids":[],"_links":{"self":[{"href":"https:\/\/agora.xtec.cat\/sescanet\/wp-json\/wp\/v2\/pages\/3511","targetHints":{"allow":["GET"]}}],"collection":[{"href":"https:\/\/agora.xtec.cat\/sescanet\/wp-json\/wp\/v2\/pages"}],"about":[{"href":"https:\/\/agora.xtec.cat\/sescanet\/wp-json\/wp\/v2\/types\/page"}],"author":[{"embeddable":true,"href":"https:\/\/agora.xtec.cat\/sescanet\/wp-json\/wp\/v2\/users\/1"}],"replies":[{"embeddable":true,"href":"https:\/\/agora.xtec.cat\/sescanet\/wp-json\/wp\/v2\/comments?post=3511"}],"version-history":[{"count":5,"href":"https:\/\/agora.xtec.cat\/sescanet\/wp-json\/wp\/v2\/pages\/3511\/revisions"}],"predecessor-version":[{"id":5032,"href":"https:\/\/agora.xtec.cat\/sescanet\/wp-json\/wp\/v2\/pages\/3511\/revisions\/5032"}],"wp:attachment":[{"href":"https:\/\/agora.xtec.cat\/sescanet\/wp-json\/wp\/v2\/media?parent=3511"}],"curies":[{"name":"wp","href":"https:\/\/api.w.org\/{rel}","templated":true}]}}