{"id":312,"date":"2015-11-17T15:11:54","date_gmt":"2015-11-17T14:11:54","guid":{"rendered":"http:\/\/agora.xtec.cat\/sescanet\/?page_id=312"},"modified":"2016-01-28T11:50:40","modified_gmt":"2016-01-28T10:50:40","slug":"qui-som","status":"publish","type":"page","link":"https:\/\/agora.xtec.cat\/sescanet\/qui-som\/","title":{"rendered":"Qui som?"},"content":{"rendered":"<p style=\"text-align: justify;\"><em>Qui som?<\/em><\/p>\n<p style=\"text-align: justify;\">La Secci\u00f3 d\u2019Institut de Canet de Mar va obrir per primera vegada les seves portes a l\u2019alumnat el 13 de setembre del 2013. Aquest projecte va n\u00e9ixer de l\u2019esfor\u00e7 i de la il\u00b7lusi\u00f3 d\u2019un grup de pares que, encap\u00e7alant la Comissi\u00f3 de seguiment del segon institut, el van fer possible. En l\u2019actualitat el centre disposa de 5 m\u00f2duls amb 11 aules.<\/p>\n<p style=\"text-align: justify;\">\n<p style=\"text-align: justify;\"><em>D\u2019on venim?<\/em><\/p>\n<p style=\"text-align: justify;\">A l\u2019any 2013, la poblaci\u00f3 de Canet de Mar va veure com la seva oferta educativa p\u00fablica es va veure incrementada amb la creaci\u00f3 d\u2019un segon centre de Secund\u00e0ria (la Secci\u00f3 d\u2019Institut de Canet de Mar) per tal de fer front a la creixent demanda de places a Educaci\u00f3 Secund\u00e0ria i, atenent que l\u2019evoluci\u00f3 demogr\u00e0fica de la comunitat i de la comarca apuntava a una prolongaci\u00f3 en el temps d\u2019aquesta situaci\u00f3.<\/p>\n<p style=\"text-align: justify;\"><em>D\u2019on part\u00edem? Qu\u00e8 ens vam trobar?<\/em><\/p>\n<p style=\"text-align: justify;\">Vam prendre consci\u00e8ncia del repte, viscut per nosaltres com una oportunitat per desenvolupar el nostre projecte. Vam analitzar qu\u00e8 pod\u00edem oferir com a equip hum\u00e0, sent coherents amb la necessitat de trobar un model que don\u00e9s resposta als requeriments de la societat actual, ja que pensem que cal avan\u00e7ar el rol estrat\u00e8gic de l\u2019alumnat, perqu\u00e8 aquest se\u2019l faci seu abans d\u2019entrar al m\u00f3n laboral. Ens vam formar en estrat\u00e8gies de lideratge, de metodologies que fomenten la metacognici\u00f3 i, des d\u2019un enfocament basat en la pr\u00e0ctica reflexiva, hem estudiat la manera de fer arribar els coneixements tradicionals al mateix temps que desenvolupem en l\u2019alumnat estrat\u00e8gies. El nostre dia a dia passa a ser l\u2019entrenament d\u2019aquestes estrat\u00e8gies per aconseguir el perfil d\u2019alumnat hol\u00edstic, efica\u00e7 i adaptable a cada situaci\u00f3 prevista o no prevista, tant a curt termini (tria acad\u00e8mica) com a llarg termini, quan estigui sota les ordres d\u2019un superior o quan hagi de tenir iniciativa pr\u00f2pia en cas de ser aut\u00f2nom.<\/p>\n\r\n\t<div class=\"slideshow_container slideshow_container_style-light\" style=\" \" data-slideshow-id=\"318\" data-style-name=\"style-light\" data-style-version=\"2.3.1\" >\r\n\r\n\t\t\t\t\t<div class=\"slideshow_loading_icon\"><\/div>\r\n\t\t\r\n\t\t<div class=\"slideshow_content\" style=\"display: none;\">\r\n\r\n\t\t\t<div class=\"slideshow_view\">\r\n\t\t\t\t<div class=\"slideshow_slide slideshow_slide_image\">\r\n\t\t\t\t\t\t\t\t\t\t\t<img src=\"https:\/\/agora.xtec.cat\/sescanet\/wp-content\/uploads\/usu509\/2015\/11\/logo-insti2.jpg\" alt=\"logo insti2\" width=\"1224\" height=\"1632\" \/>\r\n\t\t\t\t\t\t\t\t\t\t<div class=\"slideshow_description_box slideshow_transparent\">\r\n\t\t\t\t\t\t<div class=\"slideshow_title\">logo insti2<\/div>\t\t\t\t\t\t\t\t\t\t\t<\/div>\r\n\t\t\t\t<\/div>\r\n\r\n\t\t\t\t\t\t<div style=\"clear: both;\"><\/div><\/div><div class=\"slideshow_view\">\r\n\t\t\t\t<div class=\"slideshow_slide slideshow_slide_image\">\r\n\t\t\t\t\t\t\t\t\t\t\t<img src=\"https:\/\/agora.xtec.cat\/sescanet\/wp-content\/uploads\/usu509\/2015\/11\/Aprendre-\u00e9s-a-les-teves-mans1.jpg\" alt=\"Aprendre \u00e9s a les teves mans\" width=\"640\" height=\"480\" \/>\r\n\t\t\t\t\t\t\t\t\t\t<div class=\"slideshow_description_box slideshow_transparent\">\r\n\t\t\t\t\t\t<div class=\"slideshow_title\">Aprendre \u00e9s a les teves mans<\/div>\t\t\t\t\t\t\t\t\t\t\t<\/div>\r\n\t\t\t\t<\/div>\r\n\r\n\t\t\t\t\t\t<div style=\"clear: both;\"><\/div><\/div><div class=\"slideshow_view\">\r\n\t\t\t\t<div class=\"slideshow_slide slideshow_slide_image\">\r\n\t\t\t\t\t\t\t\t\t\t\t<img src=\"https:\/\/agora.xtec.cat\/sescanet\/wp-content\/uploads\/usu509\/2015\/11\/Qui-som.jpg\" alt=\"Qui som\" width=\"713\" height=\"645\" \/>\r\n\t\t\t\t\t\t\t\t\t\t<div class=\"slideshow_description_box slideshow_transparent\">\r\n\t\t\t\t\t\t<div class=\"slideshow_title\">Qui som<\/div>\t\t\t\t\t\t\t\t\t\t\t<\/div>\r\n\t\t\t\t<\/div>\r\n\r\n\t\t\t\t\t\t<div style=\"clear: both;\"><\/div><\/div><div class=\"slideshow_view\">\r\n\t\t\t\t<div class=\"slideshow_slide slideshow_slide_image\">\r\n\t\t\t\t\t\t\t\t\t\t\t<img src=\"https:\/\/agora.xtec.cat\/sescanet\/wp-content\/uploads\/usu509\/2015\/11\/octaedroreflexio-fic-final.jpg\" alt=\"octaedroreflexio fic final\" width=\"3104\" height=\"1746\" \/>\r\n\t\t\t\t\t\t\t\t\t\t<div class=\"slideshow_description_box slideshow_transparent\">\r\n\t\t\t\t\t\t<div class=\"slideshow_title\">octaedroreflexio fic final<\/div>\t\t\t\t\t\t\t\t\t\t\t<\/div>\r\n\t\t\t\t<\/div>\r\n\r\n\t\t\t\t\t\t<div style=\"clear: both;\"><\/div><\/div>\r\n\t\t<\/div>\r\n\r\n\t\t<div class=\"slideshow_controlPanel slideshow_transparent\" style=\"display: none;\"><ul><li class=\"slideshow_togglePlay\" data-play-text=\"Visualitza\" data-pause-text=\"Pausa\"><\/li><\/ul><\/div>\r\n\r\n\t\t<div class=\"slideshow_button slideshow_previous slideshow_transparent\" role=\"button\" data-previous-text=\"Anterior\" style=\"display: none;\"><\/div>\r\n\t\t<div class=\"slideshow_button slideshow_next slideshow_transparent\" role=\"button\" data-next-text=\"Seg\u00fcent\" style=\"display: none;\"><\/div>\r\n\r\n\t\t<div class=\"slideshow_pagination\" style=\"display: none;\" data-go-to-text=\"V\u00e9s a la diapositiva\"><div class=\"slideshow_pagination_center\"><\/div><\/div>\r\n\r\n\t\t<!-- WordPress Slideshow Version 2.3.1 -->\r\n\r\n\t\t\t<\/div>\r\n\r\n\n","protected":false},"excerpt":{"rendered":"<p>Qui som?<br \/>\nLa Secci\u00f3 d\u2019Institut de Canet de Mar va obrir per primera vegada les seves portes a l\u2019alumnat el 13 de setembre del 2013. Aquest projecte va n\u00e9ixer de l\u2019esfor\u00e7 i de la il\u00b7lusi\u00f3 d\u2019un grup de pares que, encap\u00e7alant la Comissi\u00f3 de seguiment del&hellip;  <a href=\"https:\/\/agora.xtec.cat\/sescanet\/qui-som\/\" title=\"Read Qui som?\">Llegeix m\u00e9s\u00bb<\/a><\/p>\n","protected":false},"author":1,"featured_media":0,"parent":0,"menu_order":0,"comment_status":"closed","ping_status":"closed","template":"","meta":{"_bbp_topic_count":0,"_bbp_reply_count":0,"_bbp_total_topic_count":0,"_bbp_total_reply_count":0,"_bbp_voice_count":0,"_bbp_anonymous_reply_count":0,"_bbp_topic_count_hidden":0,"_bbp_reply_count_hidden":0,"_bbp_forum_subforum_count":0,"footnotes":""},"class_list":["post-312","page","type-page","status-publish","hentry"],"post_mailing_queue_ids":[],"_links":{"self":[{"href":"https:\/\/agora.xtec.cat\/sescanet\/wp-json\/wp\/v2\/pages\/312","targetHints":{"allow":["GET"]}}],"collection":[{"href":"https:\/\/agora.xtec.cat\/sescanet\/wp-json\/wp\/v2\/pages"}],"about":[{"href":"https:\/\/agora.xtec.cat\/sescanet\/wp-json\/wp\/v2\/types\/page"}],"author":[{"embeddable":true,"href":"https:\/\/agora.xtec.cat\/sescanet\/wp-json\/wp\/v2\/users\/1"}],"replies":[{"embeddable":true,"href":"https:\/\/agora.xtec.cat\/sescanet\/wp-json\/wp\/v2\/comments?post=312"}],"version-history":[{"count":3,"href":"https:\/\/agora.xtec.cat\/sescanet\/wp-json\/wp\/v2\/pages\/312\/revisions"}],"predecessor-version":[{"id":365,"href":"https:\/\/agora.xtec.cat\/sescanet\/wp-json\/wp\/v2\/pages\/312\/revisions\/365"}],"wp:attachment":[{"href":"https:\/\/agora.xtec.cat\/sescanet\/wp-json\/wp\/v2\/media?parent=312"}],"curies":[{"name":"wp","href":"https:\/\/api.w.org\/{rel}","templated":true}]}}