{"id":2427,"date":"2019-12-11T23:37:25","date_gmt":"2019-12-11T22:37:25","guid":{"rendered":"http:\/\/agora.xtec.cat\/sescanet\/?page_id=2427"},"modified":"2019-12-11T23:38:34","modified_gmt":"2019-12-11T22:38:34","slug":"vocacio-internacional","status":"publish","type":"page","link":"https:\/\/agora.xtec.cat\/sescanet\/linstitut\/projectes-eso-batxillerat\/vocacio-internacional\/","title":{"rendered":"Vocaci\u00f3 internacional"},"content":{"rendered":"<h1 style=\"text-align: center;\"><code>VOCACI\u00d3 INTERNACIONAL AL SUNSI M\u00d3RA<\/code><\/h1>\n<p style=\"text-align: justify;\">L\u2019Institut Sunsi M\u00f3ra t\u00e9 una clara vocaci\u00f3 internacional. Molts membres del claustre hem treballat i\/o estudiat als Estats Units, al Regne Unit, a Fran\u00e7a, a Alemanya, a Austr\u00e0lia, a \u00c0ustria o al Jap\u00f3. La rica formaci\u00f3 de qu\u00e8 disposem, i que hem posat al servei del centre, l&#8217;hem confegida participant en programes o institucions de gran prestigi. V\u00e0rem apostar, ja ben d&#8217;hora, pels idiomes perqu\u00e8 sab\u00edem que era el que el m\u00f3n del futur exigiria. M\u00e9s enll\u00e0 de les lleng\u00fces estrangeres tradicionals (angl\u00e8s, franc\u00e8s i alemany) la nostra vocaci\u00f3 ens va impulsar a explorar mons ling\u00fc\u00edstics llunyans i, aix\u00ed, v\u00e0rem estudiar xin\u00e8s, thai i rus.<\/p>\n<p style=\"text-align: justify;\">El nostre recorregut vital i intel\u2022lectual ens ha fet valorar molt positivament\u00a0 la possibilitat que hem tingut de treballar i estudiar a l\u2019estranger. \u00c9s a trav\u00e9s d\u2019aquest perfil propi que podem oferir al nostre alumnat les eines adequades per tal de ser capa\u00e7os d\u2019adaptar-se als reptes de la societat actual que pot obligar el jovent catal\u00e0 a buscar lluny de casa un futur laboral o acad\u00e8mic propi. D\u2019aquesta manera pensem que les nostres experi\u00e8ncies en un m\u00f3n laboral i acad\u00e8mic estranger han estat un bagatge enriquidor que hem ofert i oferirem als nostres alumnes per tal de facilitar-los l\u2019adquisici\u00f3 d\u2019aquestes noves compet\u00e8ncies i habilitats. \u00c9s a partir d\u2019aquestes experi\u00e8ncies que s\u2019ent\u00e9n que en el nostre centre les lleng\u00fces estrangeres tinguin una import\u00e0ncia cabdal. La llengua anglesa \u00e9s una llengua que s\u2019usa a nivell social, en ocasions.<\/p>\n<p style=\"text-align: justify;\">Al nostre centre, el m\u00e9s habitual \u00e9s participar en intercanvis amb centres d\u2019Alemanya, Su\u00efssa, Luxemburg, etc., participar en videoconfer\u00e8ncies amb altres pa\u00efsos (la Xina, els estts Units, etc.), participar en estades en altres pa\u00efsos. En el poc temps de la seva exist\u00e8ncia, el nostre centre ha estat centre GEP, \u00a0ha participat en un programa ERASMUS+, s\u2019ha coordinat amb l\u2019Institut Confuci i amb el Govern Xin\u00e8s per tal que alumnat del nostre centre pugui participar en diferents programes a la Xina i aprofundir en la cultura i llengua xineses (que s\u2019estudien al nostre centre), hem enviat totes les promocions de 2n d\u2019ESO a una estada ling\u00fc\u00edstica a Dubl\u00edn i&#8230; the best is yet to come!<\/p>\n","protected":false},"excerpt":{"rendered":"<p>VOCACI\u00d3 INTERNACIONAL AL SUNSI M\u00d3RA<br \/>\nL\u2019Institut Sunsi M\u00f3ra t\u00e9 una clara vocaci\u00f3 internacional. Molts membres del claustre hem treballat i\/o estudiat als Estats Units, al Regne Unit, a Fran\u00e7a, a Alemanya, a Austr\u00e0lia, a \u00c0ustria o al Jap\u00f3. La rica formaci\u00f3 de qu\u00e8 disposem, i que&hellip;  <a href=\"https:\/\/agora.xtec.cat\/sescanet\/linstitut\/projectes-eso-batxillerat\/vocacio-internacional\/\" title=\"Read Vocaci\u00f3 internacional\">Llegeix m\u00e9s\u00bb<\/a><\/p>\n","protected":false},"author":1,"featured_media":0,"parent":2293,"menu_order":0,"comment_status":"closed","ping_status":"closed","template":"","meta":{"_bbp_topic_count":0,"_bbp_reply_count":0,"_bbp_total_topic_count":0,"_bbp_total_reply_count":0,"_bbp_voice_count":0,"_bbp_anonymous_reply_count":0,"_bbp_topic_count_hidden":0,"_bbp_reply_count_hidden":0,"_bbp_forum_subforum_count":0,"footnotes":""},"class_list":["post-2427","page","type-page","status-publish","hentry"],"post_mailing_queue_ids":[],"_links":{"self":[{"href":"https:\/\/agora.xtec.cat\/sescanet\/wp-json\/wp\/v2\/pages\/2427","targetHints":{"allow":["GET"]}}],"collection":[{"href":"https:\/\/agora.xtec.cat\/sescanet\/wp-json\/wp\/v2\/pages"}],"about":[{"href":"https:\/\/agora.xtec.cat\/sescanet\/wp-json\/wp\/v2\/types\/page"}],"author":[{"embeddable":true,"href":"https:\/\/agora.xtec.cat\/sescanet\/wp-json\/wp\/v2\/users\/1"}],"replies":[{"embeddable":true,"href":"https:\/\/agora.xtec.cat\/sescanet\/wp-json\/wp\/v2\/comments?post=2427"}],"version-history":[{"count":1,"href":"https:\/\/agora.xtec.cat\/sescanet\/wp-json\/wp\/v2\/pages\/2427\/revisions"}],"predecessor-version":[{"id":2428,"href":"https:\/\/agora.xtec.cat\/sescanet\/wp-json\/wp\/v2\/pages\/2427\/revisions\/2428"}],"up":[{"embeddable":true,"href":"https:\/\/agora.xtec.cat\/sescanet\/wp-json\/wp\/v2\/pages\/2293"}],"wp:attachment":[{"href":"https:\/\/agora.xtec.cat\/sescanet\/wp-json\/wp\/v2\/media?parent=2427"}],"curies":[{"name":"wp","href":"https:\/\/api.w.org\/{rel}","templated":true}]}}