{"id":2140,"date":"2019-09-10T10:34:58","date_gmt":"2019-09-10T08:34:58","guid":{"rendered":"http:\/\/agora.xtec.cat\/sescanet\/?page_id=2140"},"modified":"2021-11-09T12:15:17","modified_gmt":"2021-11-09T11:15:17","slug":"lloguer-armariets-taquilles","status":"publish","type":"page","link":"https:\/\/agora.xtec.cat\/sescanet\/serveis\/lloguer-armariets-taquilles\/","title":{"rendered":"Lloguer armariets \/ taquilles"},"content":{"rendered":"<p>El nostre centre ofereix a les fam\u00edlies la possibilitat de llogar un armariet (taquilla). Aquest \u00e9s l&#8217;espai ideal per desar les pertinences, llibres, etc. Les dimensions d&#8217;un armariet s\u00f3n 28X28X48cm.<\/p>\n<p><a href=\"http:\/\/agora.xtec.cat\/sescanet\/serveis\/lloguer-armariets-taquilles\/attachment\/armariets\/\" rel=\"attachment wp-att-2574\"><img loading=\"lazy\" decoding=\"async\" class=\"aligncenter size-full wp-image-2574\" src=\"https:\/\/agora.xtec.cat\/sescanet\/wp-content\/uploads\/usu509\/2020\/02\/armariets.jpg\" alt=\"\" width=\"4032\" height=\"1960\" srcset=\"https:\/\/agora.xtec.cat\/sescanet\/wp-content\/uploads\/usu509\/2020\/02\/armariets.jpg 4032w, https:\/\/agora.xtec.cat\/sescanet\/wp-content\/uploads\/usu509\/2020\/02\/armariets-300x146.jpg 300w, https:\/\/agora.xtec.cat\/sescanet\/wp-content\/uploads\/usu509\/2020\/02\/armariets-768x373.jpg 768w, https:\/\/agora.xtec.cat\/sescanet\/wp-content\/uploads\/usu509\/2020\/02\/armariets-1024x498.jpg 1024w\" sizes=\"auto, (max-width: 4032px) 100vw, 4032px\" \/><\/a><\/p>\n","protected":false},"excerpt":{"rendered":"<p>El nostre centre ofereix a les fam\u00edlies la possibilitat de llogar un armariet (taquilla). Aquest \u00e9s l&#8217;espai ideal per desar les pertinences, llibres, etc. Les dimensions d&#8217;un armariet s\u00f3n 28X28X48cm.<br \/>\n<a href=\"http:\/\/agora.xtec.cat\/sescanet\/serveis\/lloguer-armariets-taquilles\/attachment\/armariets\/\" rel=\"attachment wp-att-2574\"><\/a><\/p>\n","protected":false},"author":1,"featured_media":0,"parent":63,"menu_order":4,"comment_status":"closed","ping_status":"closed","template":"page-templates\/side-menu.php","meta":{"_bbp_topic_count":0,"_bbp_reply_count":0,"_bbp_total_topic_count":0,"_bbp_total_reply_count":0,"_bbp_voice_count":0,"_bbp_anonymous_reply_count":0,"_bbp_topic_count_hidden":0,"_bbp_reply_count_hidden":0,"_bbp_forum_subforum_count":0,"footnotes":""},"class_list":["post-2140","page","type-page","status-publish","hentry"],"post_mailing_queue_ids":[],"_links":{"self":[{"href":"https:\/\/agora.xtec.cat\/sescanet\/wp-json\/wp\/v2\/pages\/2140","targetHints":{"allow":["GET"]}}],"collection":[{"href":"https:\/\/agora.xtec.cat\/sescanet\/wp-json\/wp\/v2\/pages"}],"about":[{"href":"https:\/\/agora.xtec.cat\/sescanet\/wp-json\/wp\/v2\/types\/page"}],"author":[{"embeddable":true,"href":"https:\/\/agora.xtec.cat\/sescanet\/wp-json\/wp\/v2\/users\/1"}],"replies":[{"embeddable":true,"href":"https:\/\/agora.xtec.cat\/sescanet\/wp-json\/wp\/v2\/comments?post=2140"}],"version-history":[{"count":3,"href":"https:\/\/agora.xtec.cat\/sescanet\/wp-json\/wp\/v2\/pages\/2140\/revisions"}],"predecessor-version":[{"id":3577,"href":"https:\/\/agora.xtec.cat\/sescanet\/wp-json\/wp\/v2\/pages\/2140\/revisions\/3577"}],"up":[{"embeddable":true,"href":"https:\/\/agora.xtec.cat\/sescanet\/wp-json\/wp\/v2\/pages\/63"}],"wp:attachment":[{"href":"https:\/\/agora.xtec.cat\/sescanet\/wp-json\/wp\/v2\/media?parent=2140"}],"curies":[{"name":"wp","href":"https:\/\/api.w.org\/{rel}","templated":true}]}}