{"id":1324,"date":"2018-12-12T11:21:52","date_gmt":"2018-12-12T10:21:52","guid":{"rendered":"http:\/\/agora.xtec.cat\/sescanet\/?page_id=1324"},"modified":"2018-12-12T11:40:20","modified_gmt":"2018-12-12T10:40:20","slug":"trets-didentitat","status":"publish","type":"page","link":"https:\/\/agora.xtec.cat\/sescanet\/trets-didentitat\/","title":{"rendered":"Trets d&#8217;identitat"},"content":{"rendered":"<p style=\"text-align: justify;\"><strong>MISSI\u00d3<\/strong><\/p>\n<p style=\"text-align: justify;\">Som un centre p\u00fablic, innovador i en canvi permanent que aposta per la cohesi\u00f3, l\u2019equitat i la qualitat pedag\u00f2gica. Un centre sorgit de la necessitat de canvi metodol\u00f2gic amb el ferm prop\u00f2sit de promoure el desenvolupament personal de tota la comunitat educativa aix\u00ed com la seva autonomia per tal de formar professionals i ciutadans responsables, cr\u00edtics i compromesos amb la societat.<\/p>\n<p style=\"text-align: justify;\"><strong>VISI\u00d3<\/strong><\/p>\n<p style=\"text-align: justify;\">La visi\u00f3 del nostre centre va orientada a aconseguir fer front als reptes i habilitats del segle XXI incorporant models d\u2019aprenentatge global, que reforcin les habilitats de les Intel\u00b7lig\u00e8ncies M\u00faltiples, el treball cooperatiu i l\u2019\u00fas quotidi\u00e0 de les lleng\u00fces estrangeres per tal que el nostre alumnat pugui desplegar tot el seu potencial.<\/p>\n<p style=\"text-align: justify;\">Volem donar resposta als reptes del futur\u00a0 treballant conjuntament amb l\u2019alumnat i les fam\u00edlies i creant espais que afavoreixin l\u2019autonomia, la confian\u00e7a, el respecte, la motivaci\u00f3 i la innovaci\u00f3.<\/p>\n<p style=\"text-align: justify;\">Volem donar continu\u00eftat a un model que d\u00f3na resposta a les necessitats de la societat actual. Volem avan\u00e7ar el rol estrat\u00e8gic de l\u2019alumnat, perqu\u00e8 aquest se\u2019l faci seu abans d\u2019entrar al m\u00f3n laboral.<\/p>\n<p style=\"text-align: justify;\">Volem establir una visi\u00f3 hol\u00edstica de l\u2019educaci\u00f3, aconseguint una profunditat enfront de l\u2019acumulaci\u00f3 de continguts.<\/p>\n<p style=\"text-align: justify;\">Volem potenciar la vocaci\u00f3 internacional, pluriling\u00fce i global del nostre alumnat, a partir de l\u2019ess\u00e8ncia local.<\/p>\n<p style=\"text-align: justify;\">\n<p style=\"text-align: justify;\"><strong>VALORS<\/strong><\/p>\n<p style=\"text-align: justify;\">El nostre centre est\u00e0 fermament comprom\u00e8s amb la cultura de l\u2019esfor\u00e7, amb la responsabilitat, amb el treball en equip<span style=\"font-family: inherit; font-size: 1em;\">\u00a0i amb la curiositat. Fomentem les ganes d\u2019aprendre i d\u2019emprendre tot potenciant la cultura de l\u2019excel\u00b7l\u00e8ncia.<\/span><\/p>\n<p style=\"text-align: justify;\">\n","protected":false},"excerpt":{"rendered":"<p>MISSI\u00d3<br \/>\nSom un centre p\u00fablic, innovador i en canvi permanent que aposta per la cohesi\u00f3, l\u2019equitat i la qualitat pedag\u00f2gica. Un centre sorgit de la necessitat de canvi metodol\u00f2gic amb el ferm prop\u00f2sit de promoure el desenvolupament personal de tota la comunitat educativa aix\u00ed com la&hellip;  <a href=\"https:\/\/agora.xtec.cat\/sescanet\/trets-didentitat\/\" title=\"Read Trets d&#8217;identitat\">Llegeix m\u00e9s\u00bb<\/a><\/p>\n","protected":false},"author":1,"featured_media":0,"parent":0,"menu_order":0,"comment_status":"closed","ping_status":"closed","template":"","meta":{"_bbp_topic_count":0,"_bbp_reply_count":0,"_bbp_total_topic_count":0,"_bbp_total_reply_count":0,"_bbp_voice_count":0,"_bbp_anonymous_reply_count":0,"_bbp_topic_count_hidden":0,"_bbp_reply_count_hidden":0,"_bbp_forum_subforum_count":0,"footnotes":""},"class_list":["post-1324","page","type-page","status-publish","hentry"],"post_mailing_queue_ids":[],"_links":{"self":[{"href":"https:\/\/agora.xtec.cat\/sescanet\/wp-json\/wp\/v2\/pages\/1324","targetHints":{"allow":["GET"]}}],"collection":[{"href":"https:\/\/agora.xtec.cat\/sescanet\/wp-json\/wp\/v2\/pages"}],"about":[{"href":"https:\/\/agora.xtec.cat\/sescanet\/wp-json\/wp\/v2\/types\/page"}],"author":[{"embeddable":true,"href":"https:\/\/agora.xtec.cat\/sescanet\/wp-json\/wp\/v2\/users\/1"}],"replies":[{"embeddable":true,"href":"https:\/\/agora.xtec.cat\/sescanet\/wp-json\/wp\/v2\/comments?post=1324"}],"version-history":[{"count":3,"href":"https:\/\/agora.xtec.cat\/sescanet\/wp-json\/wp\/v2\/pages\/1324\/revisions"}],"predecessor-version":[{"id":1331,"href":"https:\/\/agora.xtec.cat\/sescanet\/wp-json\/wp\/v2\/pages\/1324\/revisions\/1331"}],"wp:attachment":[{"href":"https:\/\/agora.xtec.cat\/sescanet\/wp-json\/wp\/v2\/media?parent=1324"}],"curies":[{"name":"wp","href":"https:\/\/api.w.org\/{rel}","templated":true}]}}