{"id":1312,"date":"2018-12-11T18:17:17","date_gmt":"2018-12-11T17:17:17","guid":{"rendered":"http:\/\/agora.xtec.cat\/sescanet\/?page_id=1312"},"modified":"2021-08-31T19:36:10","modified_gmt":"2021-08-31T17:36:10","slug":"projecte-de-direccio","status":"publish","type":"page","link":"https:\/\/agora.xtec.cat\/sescanet\/projecte-de-direccio\/","title":{"rendered":"Projecte de Direcci\u00f3"},"content":{"rendered":"<p>El projecte de direcci\u00f3 \u00e9s un document b\u00e0sic de gesti\u00f3 del centre docent i un instrument de le seva autonomia: en desplega el projecte educatiu, en quantifica i temporitza les millores i en vincula l&#8217;acci\u00f3 dels \u00f2rgans unipersonals i col\u00b7legiats.<\/p>\n<p>Cliqueu per descarregar-vos el <a href=\"https:\/\/agora.xtec.cat\/sescanet\/wp-content\/uploads\/usu509\/2021\/08\/projecte-direccio-21-25.pdf\">Projecte de Direcci\u00f3<\/a>.<\/p>\n","protected":false},"excerpt":{"rendered":"<p>El projecte de direcci\u00f3 \u00e9s un document b\u00e0sic de gesti\u00f3 del centre docent i un instrument de le seva autonomia: en desplega el projecte educatiu, en quantifica i temporitza les millores i en vincula l&#8217;acci\u00f3 dels \u00f2rgans unipersonals i col\u00b7legiats.<br \/>\nCliqueu per descarregar-vos el <a href=\"https:\/\/agora.xtec.cat\/sescanet\/wp-content\/uploads\/usu509\/2021\/08\/projecte-direccio-21-25.pdf\">Projecte&hellip;  <a href=\"https:\/\/agora.xtec.cat\/sescanet\/projecte-de-direccio\/\" title=\"Read Projecte de Direcci\u00f3\">Llegeix m\u00e9s\u00bb<\/a><\/p>\n","protected":false},"author":1,"featured_media":0,"parent":0,"menu_order":0,"comment_status":"closed","ping_status":"closed","template":"","meta":{"_bbp_topic_count":0,"_bbp_reply_count":0,"_bbp_total_topic_count":0,"_bbp_total_reply_count":0,"_bbp_voice_count":0,"_bbp_anonymous_reply_count":0,"_bbp_topic_count_hidden":0,"_bbp_reply_count_hidden":0,"_bbp_forum_subforum_count":0,"footnotes":""},"class_list":["post-1312","page","type-page","status-publish","hentry"],"post_mailing_queue_ids":[],"_links":{"self":[{"href":"https:\/\/agora.xtec.cat\/sescanet\/wp-json\/wp\/v2\/pages\/1312","targetHints":{"allow":["GET"]}}],"collection":[{"href":"https:\/\/agora.xtec.cat\/sescanet\/wp-json\/wp\/v2\/pages"}],"about":[{"href":"https:\/\/agora.xtec.cat\/sescanet\/wp-json\/wp\/v2\/types\/page"}],"author":[{"embeddable":true,"href":"https:\/\/agora.xtec.cat\/sescanet\/wp-json\/wp\/v2\/users\/1"}],"replies":[{"embeddable":true,"href":"https:\/\/agora.xtec.cat\/sescanet\/wp-json\/wp\/v2\/comments?post=1312"}],"version-history":[{"count":3,"href":"https:\/\/agora.xtec.cat\/sescanet\/wp-json\/wp\/v2\/pages\/1312\/revisions"}],"predecessor-version":[{"id":3510,"href":"https:\/\/agora.xtec.cat\/sescanet\/wp-json\/wp\/v2\/pages\/1312\/revisions\/3510"}],"wp:attachment":[{"href":"https:\/\/agora.xtec.cat\/sescanet\/wp-json\/wp\/v2\/media?parent=1312"}],"curies":[{"name":"wp","href":"https:\/\/api.w.org\/{rel}","templated":true}]}}