{"id":1085,"date":"2018-06-26T15:10:23","date_gmt":"2018-06-26T13:10:23","guid":{"rendered":"http:\/\/agora.xtec.cat\/sescanet\/?page_id=1085"},"modified":"2025-06-26T11:01:31","modified_gmt":"2025-06-26T09:01:31","slug":"pla-tac","status":"publish","type":"page","link":"https:\/\/agora.xtec.cat\/sescanet\/linstitut\/pla-tac\/","title":{"rendered":"Estrat\u00e8gia Digital de Centre"},"content":{"rendered":"<p style=\"text-align: justify;\">L\u2019Estrat\u00e8gia Digital de Centre (EDC) \u00e9s un document que recull totes les accions que es realitzen en un centre, i les que es realitzaran a mitj\u00e0 termini, per aconseguir la m\u00e0xima compet\u00e8ncia digital de l\u2019alumnat, del professorat i del centre educatiu. T\u00e9 com a referent el Pla d\u2019educaci\u00f3 digital de Catalunya (PEDC), on s\u2019indica la necessitat d\u2019assolir la fita d\u2019una societat digitalment competent, fent \u00e8mfasi en l\u2019equitat i tenint en compte l\u2019evoluci\u00f3 del context social i tecnol\u00f2gic.<\/p>\n<p>Cliqueu per visualitzar l&#8217;<a href=\"https:\/\/sites.google.com\/institutdecanet.cat\/edc-sunsi-mora-canet\/inici\">EDC<\/a> del nostre centre.<\/p>\n","protected":false},"excerpt":{"rendered":"<p>L\u2019Estrat\u00e8gia Digital de Centre (EDC) \u00e9s un document que recull totes les accions que es realitzen en un centre, i les que es realitzaran a mitj\u00e0 termini, per aconseguir la m\u00e0xima compet\u00e8ncia digital de l\u2019alumnat, del professorat i del centre educatiu. T\u00e9 com a referent&hellip;  <a href=\"https:\/\/agora.xtec.cat\/sescanet\/linstitut\/pla-tac\/\" title=\"Read Estrat\u00e8gia Digital de Centre\">Llegeix m\u00e9s\u00bb<\/a><\/p>\n","protected":false},"author":1,"featured_media":0,"parent":19,"menu_order":0,"comment_status":"closed","ping_status":"closed","template":"","meta":{"_bbp_topic_count":0,"_bbp_reply_count":0,"_bbp_total_topic_count":0,"_bbp_total_reply_count":0,"_bbp_voice_count":0,"_bbp_anonymous_reply_count":0,"_bbp_topic_count_hidden":0,"_bbp_reply_count_hidden":0,"_bbp_forum_subforum_count":0,"footnotes":""},"class_list":["post-1085","page","type-page","status-publish","hentry"],"post_mailing_queue_ids":[],"_links":{"self":[{"href":"https:\/\/agora.xtec.cat\/sescanet\/wp-json\/wp\/v2\/pages\/1085","targetHints":{"allow":["GET"]}}],"collection":[{"href":"https:\/\/agora.xtec.cat\/sescanet\/wp-json\/wp\/v2\/pages"}],"about":[{"href":"https:\/\/agora.xtec.cat\/sescanet\/wp-json\/wp\/v2\/types\/page"}],"author":[{"embeddable":true,"href":"https:\/\/agora.xtec.cat\/sescanet\/wp-json\/wp\/v2\/users\/1"}],"replies":[{"embeddable":true,"href":"https:\/\/agora.xtec.cat\/sescanet\/wp-json\/wp\/v2\/comments?post=1085"}],"version-history":[{"count":5,"href":"https:\/\/agora.xtec.cat\/sescanet\/wp-json\/wp\/v2\/pages\/1085\/revisions"}],"predecessor-version":[{"id":4987,"href":"https:\/\/agora.xtec.cat\/sescanet\/wp-json\/wp\/v2\/pages\/1085\/revisions\/4987"}],"up":[{"embeddable":true,"href":"https:\/\/agora.xtec.cat\/sescanet\/wp-json\/wp\/v2\/pages\/19"}],"wp:attachment":[{"href":"https:\/\/agora.xtec.cat\/sescanet\/wp-json\/wp\/v2\/media?parent=1085"}],"curies":[{"name":"wp","href":"https:\/\/api.w.org\/{rel}","templated":true}]}}