{"id":697,"date":"2016-10-07T10:49:58","date_gmt":"2016-10-07T08:49:58","guid":{"rendered":"http:\/\/agora.xtec.cat\/sescaldesdemalavella\/?page_id=697"},"modified":"2023-06-05T13:17:39","modified_gmt":"2023-06-05T11:17:39","slug":"pec","status":"publish","type":"page","link":"https:\/\/agora.xtec.cat\/sescaldesdemalavella\/documents\/pec\/","title":{"rendered":"Projecte educatiu de centre"},"content":{"rendered":"<p><strong>TRETS D\u2019IDENTITAT<\/strong><\/p>\n<p>El centre es defineix\u00a0 com a inclusiu, democr\u00e0tic, laic, catal\u00e0, progressista, respectu\u00f3s amb totes les creences, cultures i ideologies en el marc de la conviv\u00e8ncia democr\u00e0tica, cur\u00f3s amb el medi ambient<\/p>\n<p>El centre t\u00e9 la responsabilitat de formar l\u2019alumnat en el marc del conjunt de valors, actituds i normes que caracteritzen una societat plural i democr\u00e0tica, i vetlla perqu\u00e8 la relaci\u00f3 entre les persones de la nostra comunitat educativa estigui orientada per la toler\u00e0ncia, la llibertat, la responsabilitat i el di\u00e0leg.<\/p>\n<p>Entenem la coeducaci\u00f3 com el proc\u00e9s d\u2019educar per a la igualtat sense discriminaci\u00f3 per raons de sexe. \u00c9s per aix\u00f2 que posem especial cura perqu\u00e8 la programaci\u00f3 de continguts i activitats educatives no sigui discriminat\u00f2ria, perqu\u00e8 els nois i les noies tinguin les mateixes oportunitats d\u2019instrucci\u00f3 i orientaci\u00f3 i perqu\u00e8 puguin participar en la vida del centre amb el mateix grau d\u2019igualtat i responsabilitat<\/p>\n<p>&nbsp;<\/p>\n<p><strong>PRINCIPIS PEDAG\u00d2GICS I METODOL\u00d2GICS<\/strong><\/p>\n<p>El centre:<\/p>\n<ul>\n<li>D\u00f3na una <strong>formaci\u00f3 integral<\/strong> perqu\u00e8 els nois i noies\u00a0es desenvolupin de forma complerta \u00a0(f\u00edsic, ps\u00edquic i social).<\/li>\n<li>Promou <strong>processos actius d\u2019aprenentatge<\/strong>, desenvolupa metodologies centrades en l\u2019alumne\/a, que afavoreixen l\u2019aprenentatge aut\u00f2nom, i fa que aquest\/a sigui el\/la protagonista del seu aprenentatge.<\/li>\n<li>Contribueix a <strong>l\u2019assoliment de les compet\u00e8ncies b\u00e0siques<\/strong> de tot l\u2019alumnat.<\/li>\n<li>Educa per al treball individual, en grup i cooperatiu.<\/li>\n<li>Educa per al temps de lleure i les activitats complement\u00e0ries culturals i esportives.<\/li>\n<li>Educa amb les Tecnologies de la Informaci\u00f3 i la Comunicaci\u00f3.<\/li>\n<li>Es planteja <strong>l\u2019educaci\u00f3 com una tasca col\u00b7lectiva i d\u2019equip<\/strong>. La responsabilitat pedag\u00f2gica i tutorial \u00e9s compartida per tot l\u2019equip docent.<\/li>\n<li>Proporciona <strong>atenci\u00f3 psicopedag\u00f2gica i orientaci\u00f3 personal, acad\u00e8mica i professional<\/strong> a tot l\u2019alumnat.<\/li>\n<li>Presta una <strong>atenci\u00f3 especial a la diversitat<\/strong> de capacitats, d\u2019interessos i de ritmes d\u2019aprenentatge de l\u2019alumnat amb el benent\u00e8s que s\u2019incentivaran les actituds positives davant l\u2019estudi i l\u2019esfor\u00e7 per assolir els objectius proposats.<\/li>\n<li>Propicia el <strong>di\u00e0leg i el consens entre el professorat<\/strong> establerts en el marc de les reunions d\u2019equips docents on es tracten tots aquells temes que incideixen en el desenvolupament i aplicaci\u00f3 del projecte curricular: avaluaci\u00f3, metodologia, seguiment del proc\u00e9s educatiu de l\u2019alumnat en general i individualment.<\/li>\n<li>Es <strong>coordina amb els centres de prim\u00e0ria<\/strong> del municipi i hi realitza activitats i projectes conjunts. Tamb\u00e9 es coordina amb l\u2019Institut de Llagostera, centre al qual estan adscrits els alumnes del centre que volen estudiar batxillerat.<\/li>\n<li>Estableix una <strong>col\u00b7laboraci\u00f3 constant amb les fam\u00edlies<\/strong> per tal de contribuir a una millor consecuci\u00f3 dels objectius educatius<\/li>\n<li>Es coordina i <strong>treballa en xarxa<\/strong> amb els serveis educatius del Departament d\u2019Educaci\u00f3, Serveis Socials de l\u2019Ajuntament\u00a0 i\u00a0 Serveis Sanitaris del municipi, que depenen del Departament de Sanitat.<\/li>\n<\/ul>\n<p style=\"text-align: center;\">\n","protected":false},"excerpt":{"rendered":"<p>TRETS D\u2019IDENTITAT El centre es defineix\u00a0 com a inclusiu, democr\u00e0tic, laic, catal\u00e0, progressista, respectu\u00f3s amb totes les creences, cultures i ideologies en el marc de la conviv\u00e8ncia democr\u00e0tica, cur\u00f3s amb el medi ambient El centre t\u00e9 la responsabilitat de formar l\u2019alumnat en el marc del conjunt de valors, actituds i normes que caracteritzen una societat [&hellip;]<\/p>\n","protected":false},"author":1,"featured_media":0,"parent":339,"menu_order":0,"comment_status":"closed","ping_status":"closed","template":"page-templates\/side-menu.php","meta":{"_bbp_topic_count":0,"_bbp_reply_count":0,"_bbp_total_topic_count":0,"_bbp_total_reply_count":0,"_bbp_voice_count":0,"_bbp_anonymous_reply_count":0,"_bbp_topic_count_hidden":0,"_bbp_reply_count_hidden":0,"_bbp_forum_subforum_count":0,"site-sidebar-layout":"default","site-content-layout":"","ast-site-content-layout":"","site-content-style":"default","site-sidebar-style":"default","ast-global-header-display":"","ast-banner-title-visibility":"","ast-main-header-display":"","ast-hfb-above-header-display":"","ast-hfb-below-header-display":"","ast-hfb-mobile-header-display":"","site-post-title":"","ast-breadcrumbs-content":"","ast-featured-img":"","footer-sml-layout":"","theme-transparent-header-meta":"","adv-header-id-meta":"","stick-header-meta":"","header-above-stick-meta":"","header-main-stick-meta":"","header-below-stick-meta":"","astra-migrate-meta-layouts":"default","ast-page-background-enabled":"default","ast-page-background-meta":{"desktop":{"background-color":"var(--ast-global-color-4)","background-image":"","background-repeat":"repeat","background-position":"center center","background-size":"auto","background-attachment":"scroll","background-type":"","background-media":"","overlay-type":"","overlay-color":"","overlay-opacity":"","overlay-gradient":""},"tablet":{"background-color":"","background-image":"","background-repeat":"repeat","background-position":"center center","background-size":"auto","background-attachment":"scroll","background-type":"","background-media":"","overlay-type":"","overlay-color":"","overlay-opacity":"","overlay-gradient":""},"mobile":{"background-color":"","background-image":"","background-repeat":"repeat","background-position":"center center","background-size":"auto","background-attachment":"scroll","background-type":"","background-media":"","overlay-type":"","overlay-color":"","overlay-opacity":"","overlay-gradient":""}},"ast-content-background-meta":{"desktop":{"background-color":"var(--ast-global-color-5)","background-image":"","background-repeat":"repeat","background-position":"center center","background-size":"auto","background-attachment":"scroll","background-type":"","background-media":"","overlay-type":"","overlay-color":"","overlay-opacity":"","overlay-gradient":""},"tablet":{"background-color":"var(--ast-global-color-5)","background-image":"","background-repeat":"repeat","background-position":"center center","background-size":"auto","background-attachment":"scroll","background-type":"","background-media":"","overlay-type":"","overlay-color":"","overlay-opacity":"","overlay-gradient":""},"mobile":{"background-color":"var(--ast-global-color-5)","background-image":"","background-repeat":"repeat","background-position":"center center","background-size":"auto","background-attachment":"scroll","background-type":"","background-media":"","overlay-type":"","overlay-color":"","overlay-opacity":"","overlay-gradient":""}},"footnotes":""},"class_list":["post-697","page","type-page","status-publish","hentry"],"post_mailing_queue_ids":[],"_links":{"self":[{"href":"https:\/\/agora.xtec.cat\/sescaldesdemalavella\/wp-json\/wp\/v2\/pages\/697","targetHints":{"allow":["GET"]}}],"collection":[{"href":"https:\/\/agora.xtec.cat\/sescaldesdemalavella\/wp-json\/wp\/v2\/pages"}],"about":[{"href":"https:\/\/agora.xtec.cat\/sescaldesdemalavella\/wp-json\/wp\/v2\/types\/page"}],"author":[{"embeddable":true,"href":"https:\/\/agora.xtec.cat\/sescaldesdemalavella\/wp-json\/wp\/v2\/users\/1"}],"replies":[{"embeddable":true,"href":"https:\/\/agora.xtec.cat\/sescaldesdemalavella\/wp-json\/wp\/v2\/comments?post=697"}],"version-history":[{"count":3,"href":"https:\/\/agora.xtec.cat\/sescaldesdemalavella\/wp-json\/wp\/v2\/pages\/697\/revisions"}],"predecessor-version":[{"id":4359,"href":"https:\/\/agora.xtec.cat\/sescaldesdemalavella\/wp-json\/wp\/v2\/pages\/697\/revisions\/4359"}],"up":[{"embeddable":true,"href":"https:\/\/agora.xtec.cat\/sescaldesdemalavella\/wp-json\/wp\/v2\/pages\/339"}],"wp:attachment":[{"href":"https:\/\/agora.xtec.cat\/sescaldesdemalavella\/wp-json\/wp\/v2\/media?parent=697"}],"curies":[{"name":"wp","href":"https:\/\/api.w.org\/{rel}","templated":true}]}}