{"id":638,"date":"2016-09-20T18:08:16","date_gmt":"2016-09-20T17:08:16","guid":{"rendered":"http:\/\/agora.xtec.cat\/sescaldesdemalavella\/?page_id=638"},"modified":"2026-04-20T14:08:05","modified_gmt":"2026-04-20T12:08:05","slug":"administracio-i-serveis","status":"publish","type":"page","link":"https:\/\/agora.xtec.cat\/sescaldesdemalavella\/administracio-i-serveis\/","title":{"rendered":"Administraci\u00f3 i serveis"},"content":{"rendered":"\n<p>L\u2019horari d\u2019atenci\u00f3 al p\u00fablic \u00e9s el seg\u00fcent:<br>Dilluns, dimarts, dimecres i divendres de 08:30 a 14:30\u202fh i dijous de 08:30 h a 12:00\u202fh i de 15:00 h a 17:30\u202fh.&nbsp;<br>Horari d\u2019estiu, mesos de juny, juliol i setembre de dilluns a divendres de 08:00\u202fh a 14:00\u202fh.<br>El mes d\u2019agost l\u2019institut est\u00e0 tancat.<\/p>\n\n\n\n<p>Per realitzar qualsevol petici\u00f3 o consulta podeu trucar al tel\u00e8fon:<em>&nbsp;972480225<\/em>&nbsp;(preguntant per secretaria) o enviar un correu electr\u00f2nic a:&nbsp;<em>b7008651@xtec.cat<\/em>&nbsp;indicant la vostra consulta.<\/p>\n\n\n\n<p><\/p>\n","protected":false},"excerpt":{"rendered":"<p>L\u2019horari d\u2019atenci\u00f3 al p\u00fablic \u00e9s el seg\u00fcent:Dilluns, dimarts, dimecres i divendres de 08:30 a 14:30\u202fh i dijous de 08:30 h a 12:00\u202fh i de 15:00 h a 17:30\u202fh.&nbsp;Horari d\u2019estiu, mesos de juny, juliol i setembre de dilluns a divendres de 08:00\u202fh a 14:00\u202fh.El mes d\u2019agost l\u2019institut est\u00e0 tancat. Per realitzar qualsevol petici\u00f3 o consulta podeu [&hellip;]<\/p>\n","protected":false},"author":1,"featured_media":0,"parent":0,"menu_order":0,"comment_status":"closed","ping_status":"closed","template":"","meta":{"_bbp_topic_count":0,"_bbp_reply_count":0,"_bbp_total_topic_count":0,"_bbp_total_reply_count":0,"_bbp_voice_count":0,"_bbp_anonymous_reply_count":0,"_bbp_topic_count_hidden":0,"_bbp_reply_count_hidden":0,"_bbp_forum_subforum_count":0,"site-sidebar-layout":"default","site-content-layout":"","ast-site-content-layout":"default","site-content-style":"default","site-sidebar-style":"default","ast-global-header-display":"","ast-banner-title-visibility":"","ast-main-header-display":"","ast-hfb-above-header-display":"","ast-hfb-below-header-display":"","ast-hfb-mobile-header-display":"","site-post-title":"","ast-breadcrumbs-content":"","ast-featured-img":"","footer-sml-layout":"","theme-transparent-header-meta":"","adv-header-id-meta":"","stick-header-meta":"","header-above-stick-meta":"","header-main-stick-meta":"","header-below-stick-meta":"","astra-migrate-meta-layouts":"set","ast-page-background-enabled":"default","ast-page-background-meta":{"desktop":{"background-color":"var(--ast-global-color-4)","background-image":"","background-repeat":"repeat","background-position":"center center","background-size":"auto","background-attachment":"scroll","background-type":"","background-media":"","overlay-type":"","overlay-color":"","overlay-opacity":"","overlay-gradient":""},"tablet":{"background-color":"","background-image":"","background-repeat":"repeat","background-position":"center center","background-size":"auto","background-attachment":"scroll","background-type":"","background-media":"","overlay-type":"","overlay-color":"","overlay-opacity":"","overlay-gradient":""},"mobile":{"background-color":"","background-image":"","background-repeat":"repeat","background-position":"center center","background-size":"auto","background-attachment":"scroll","background-type":"","background-media":"","overlay-type":"","overlay-color":"","overlay-opacity":"","overlay-gradient":""}},"ast-content-background-meta":{"desktop":{"background-color":"var(--ast-global-color-5)","background-image":"","background-repeat":"repeat","background-position":"center center","background-size":"auto","background-attachment":"scroll","background-type":"","background-media":"","overlay-type":"","overlay-color":"","overlay-opacity":"","overlay-gradient":""},"tablet":{"background-color":"var(--ast-global-color-5)","background-image":"","background-repeat":"repeat","background-position":"center center","background-size":"auto","background-attachment":"scroll","background-type":"","background-media":"","overlay-type":"","overlay-color":"","overlay-opacity":"","overlay-gradient":""},"mobile":{"background-color":"var(--ast-global-color-5)","background-image":"","background-repeat":"repeat","background-position":"center center","background-size":"auto","background-attachment":"scroll","background-type":"","background-media":"","overlay-type":"","overlay-color":"","overlay-opacity":"","overlay-gradient":""}},"footnotes":""},"class_list":["post-638","page","type-page","status-publish","hentry"],"post_mailing_queue_ids":[],"_links":{"self":[{"href":"https:\/\/agora.xtec.cat\/sescaldesdemalavella\/wp-json\/wp\/v2\/pages\/638","targetHints":{"allow":["GET"]}}],"collection":[{"href":"https:\/\/agora.xtec.cat\/sescaldesdemalavella\/wp-json\/wp\/v2\/pages"}],"about":[{"href":"https:\/\/agora.xtec.cat\/sescaldesdemalavella\/wp-json\/wp\/v2\/types\/page"}],"author":[{"embeddable":true,"href":"https:\/\/agora.xtec.cat\/sescaldesdemalavella\/wp-json\/wp\/v2\/users\/1"}],"replies":[{"embeddable":true,"href":"https:\/\/agora.xtec.cat\/sescaldesdemalavella\/wp-json\/wp\/v2\/comments?post=638"}],"version-history":[{"count":5,"href":"https:\/\/agora.xtec.cat\/sescaldesdemalavella\/wp-json\/wp\/v2\/pages\/638\/revisions"}],"predecessor-version":[{"id":6176,"href":"https:\/\/agora.xtec.cat\/sescaldesdemalavella\/wp-json\/wp\/v2\/pages\/638\/revisions\/6176"}],"wp:attachment":[{"href":"https:\/\/agora.xtec.cat\/sescaldesdemalavella\/wp-json\/wp\/v2\/media?parent=638"}],"curies":[{"name":"wp","href":"https:\/\/api.w.org\/{rel}","templated":true}]}}