{"id":46,"date":"2014-09-17T16:53:45","date_gmt":"2014-09-17T14:53:45","guid":{"rendered":"http:\/\/agora.xtec.cat\/sescaldesdemalavella\/?page_id=46"},"modified":"2025-10-17T13:43:10","modified_gmt":"2025-10-17T11:43:10","slug":"organigrama","status":"publish","type":"page","link":"https:\/\/agora.xtec.cat\/sescaldesdemalavella\/linstitut\/organigrama\/","title":{"rendered":"Organigrama"},"content":{"rendered":"<p>&nbsp;<\/p>\n<table class=\" aligncenter\" style=\"width: 80%;\">\n<tbody>\n<tr>\n<td style=\"width: 338.405%;\" colspan=\"8\">\n<h5><b>EQUIP DIRECTIU<\/b><\/h5>\n<\/td>\n<\/tr>\n<tr>\n<td style=\"width: 15.1342%;\" colspan=\"2\"><i><span style=\"font-weight: 400;\">Directora<\/span><\/i><\/td>\n<td style=\"width: 51.9334%;\" colspan=\"2\"><span style=\"font-weight: 400;\">Montse Mitjans<\/span><\/td>\n<td style=\"width: 183.737%;\" colspan=\"2\"><i><span style=\"font-weight: 400;\">Cap d\u2019estudis<\/span><\/i><\/td>\n<td style=\"width: 87.6009%;\" colspan=\"2\"><span style=\"font-weight: 400;\">Merc\u00e8 Ag\u00fcera<\/span><\/td>\n<\/tr>\n<tr>\n<td style=\"width: 15.1342%;\" colspan=\"2\"><i><span style=\"font-weight: 400;\">Secret\u00e0ria<\/span><\/i><\/td>\n<td style=\"width: 51.9334%;\" colspan=\"2\"><span style=\"font-weight: 400;\">M\u00f2nica Ramos<\/span><\/td>\n<td style=\"width: 183.737%;\" colspan=\"2\"><i><span style=\"font-weight: 400;\">Coordinadora pedag\u00f2gica<\/span><\/i><\/td>\n<td style=\"width: 87.6009%;\" colspan=\"2\"><span style=\"font-weight: 400;\">Gemma Vinyes-Miralpeix<\/span><\/td>\n<\/tr>\n<\/tbody>\n<\/table>\n<p>&nbsp;<\/p>\n<table style=\"width: 100.17%;\">\n<tbody>\n<tr>\n<td style=\"width: 121.897%;\" colspan=\"8\">\n<h5><b>TUTORIES\u00a0<\/b><\/h5>\n<\/td>\n<\/tr>\n<tr>\n<td style=\"width: 6.55172%;\"><b>1A<\/b><\/td>\n<td style=\"width: 16.2069%;\"><span style=\"font-weight: 400;\">Estel Freixa<\/span><\/td>\n<td style=\"width: 6.55172%;\"><b>2A<\/b><\/td>\n<td style=\"width: 20.8621%;\"><span style=\"font-weight: 400;\">Ver\u00f2nica Castell<\/span><\/td>\n<td style=\"width: 6.72414%;\"><b>3A<\/b><\/td>\n<td style=\"width: 15.5172%;\"><span style=\"font-weight: 400;\">Jordi Turon<\/span><\/td>\n<td style=\"width: 6.55172%;\"><b>4A<\/b><\/td>\n<td style=\"width: 42.931%;\"><span style=\"font-weight: 400;\">Cristina Martin<\/span><\/td>\n<\/tr>\n<tr>\n<td style=\"width: 6.55172%;\"><b>1B<\/b><\/td>\n<td style=\"width: 16.2069%;\"><span style=\"font-weight: 400;\">Laia Roura<\/span><\/td>\n<td style=\"width: 6.55172%;\"><b>2B<\/b><\/td>\n<td style=\"width: 20.8621%;\"><span style=\"font-weight: 400;\">Cristina Vidal<\/span><\/td>\n<td style=\"width: 6.72414%;\"><b>3B<\/b><\/td>\n<td style=\"width: 15.5172%;\"><span style=\"font-weight: 400;\">V\u00edctor Geli<\/span><\/td>\n<td style=\"width: 6.55172%;\"><b>4B<\/b><\/td>\n<td style=\"width: 42.931%;\"><span style=\"font-weight: 400;\">Fina Felip<\/span><\/td>\n<\/tr>\n<tr>\n<td style=\"width: 6.55172%;\"><b>1C<\/b><\/td>\n<td style=\"width: 16.2069%;\"><span style=\"font-weight: 400;\">Joan Gal\u00ed<\/span><\/td>\n<td style=\"width: 6.55172%;\"><b>2C<\/b><\/td>\n<td style=\"width: 20.8621%;\"><span style=\"font-weight: 400;\">Anna Bosch<\/span><\/td>\n<td style=\"width: 6.72414%;\"><b>3C<\/b><\/td>\n<td style=\"width: 15.5172%;\"><span style=\"font-weight: 400;\">Sussi Abel<\/span><\/td>\n<td style=\"width: 6.55172%;\"><b>4C<\/b><\/td>\n<td style=\"width: 42.931%;\"><span style=\"font-weight: 400;\">Maria Serra<\/span><\/td>\n<\/tr>\n<tr>\n<td style=\"width: 22.7586%;\" colspan=\"2\"><\/td>\n<td style=\"width: 6.55172%;\"><b>2D<\/b><\/td>\n<td style=\"width: 20.8621%;\"><span style=\"font-weight: 400;\">Anna Saguer<\/span><\/td>\n<td style=\"width: 6.72414%;\"><b>PS<\/b><\/td>\n<td style=\"width: 65%;\" colspan=\"3\"><span style=\"font-weight: 400;\">Caterina Ferrer<\/span><\/td>\n<\/tr>\n<\/tbody>\n<\/table>\n<p>&nbsp;<\/p>\n<table class=\" aligncenter\" style=\"width: 100%;\">\n<tbody>\n<tr>\n<td colspan=\"4\">\n<h5><b>COORDINACIONS<\/b><\/h5>\n<\/td>\n<\/tr>\n<tr>\n<td rowspan=\"2\"><span style=\"font-weight: 400;\">Coordinaci\u00f3 1r i 2n cicle<\/span><\/td>\n<td rowspan=\"2\"><span style=\"font-weight: 400;\">Maribel Delgado\/Judit Muntadas<\/span><\/td>\n<td><span style=\"font-weight: 400;\">Coordinaci\u00f3 inform\u00e0tica<\/span><\/td>\n<td><span style=\"font-weight: 400;\">Juanma Quesada<\/span><\/td>\n<\/tr>\n<tr>\n<td><span style=\"font-weight: 400;\">Coordinaci\u00f3 ILEC<\/span><\/td>\n<td><span style=\"font-weight: 400;\">Anna Saguer<\/span><\/td>\n<\/tr>\n<tr>\n<td><span style=\"font-weight: 400;\">Coordinaci\u00f3 LIC- Biblioteca<\/span><\/td>\n<td><span style=\"font-weight: 400;\">Robert Lorenzo<\/span><\/td>\n<td><span style=\"font-weight: 400;\">Coordinadora d&#8217;activitats i sortides<\/span><\/td>\n<td><span style=\"font-weight: 400;\">Cristina Mart\u00edn<\/span><\/p>\n<p><span style=\"font-weight: 400;\">Anna Bosch<\/span><\/td>\n<\/tr>\n<tr>\n<td rowspan=\"2\"><span style=\"font-weight: 400;\">Comit\u00e8 Verd<\/span><\/td>\n<td rowspan=\"2\"><span style=\"font-weight: 400;\">Estel Freixa\/Sussi Abel<\/span><\/td>\n<td><span style=\"font-weight: 400;\">Coord. projecci\u00f3 externa i web<\/span><\/td>\n<td><span style=\"font-weight: 400;\">Marc Corcoy<\/span><\/td>\n<\/tr>\n<tr>\n<td><span style=\"font-weight: 400;\">Coordinaci\u00f3 COCOBE\u00a0<\/span><\/td>\n<td><span style=\"font-weight: 400;\">Judit Muntadas<\/span><\/td>\n<\/tr>\n<tr>\n<td><span style=\"font-weight: 400;\">Coordinaci\u00f3 Prevenci\u00f3 de riscos laborals<\/span><\/td>\n<td><span style=\"font-weight: 400;\">\u00c0lex Mart\u00edn<\/span><\/td>\n<td><span style=\"font-weight: 400;\">Coordinaci\u00f3 serveis comunitaris<\/span><\/td>\n<td><span style=\"font-weight: 400;\">N\u00faria Massa\/Fina Felip<\/span><\/td>\n<\/tr>\n<tr>\n<td><span style=\"font-weight: 400;\">Coordinaci\u00f3 d\u2019entitats de PS<\/span><\/td>\n<td><span style=\"font-weight: 400;\">Caterina Ferrer<\/span><\/td>\n<td><span style=\"font-weight: 400;\">Coordinaci\u00f3 iEduca<\/span><\/td>\n<td><span style=\"font-weight: 400;\">Sandra Oliveras<\/span><\/td>\n<\/tr>\n<tr>\n<td><span style=\"font-weight: 400;\">Dinamitzaci\u00f3 de pati<\/span><\/td>\n<td><span style=\"font-weight: 400;\">Joan Gal\u00ed<\/span><\/td>\n<td><span style=\"font-weight: 400;\">Coordinaci\u00f3 projectes \u201cAjuda entre iguals\u201d i \u201cCentres en dansa\u201d<\/span><\/td>\n<td><span style=\"font-weight: 400;\">Judit Muntadas<\/span><\/td>\n<\/tr>\n<\/tbody>\n<\/table>\n<p>&nbsp;<\/p>\n<table style=\"height: 263px; width: 100.062%;\">\n<tbody>\n<tr>\n<td style=\"width: 191.665%;\" colspan=\"8\">\n<h5><b>COORDINACIONS DE CURSOS<\/b><\/h5>\n<\/td>\n<\/tr>\n<tr>\n<td style=\"width: 36.8263%;\"><b>1ESO<\/b><\/td>\n<td style=\"width: 154.838%;\" colspan=\"7\"><span style=\"font-weight: 400;\">Laia Roura<\/span><\/td>\n<\/tr>\n<tr>\n<td style=\"width: 36.8263%;\"><b>2ESO<\/b><\/td>\n<td style=\"width: 154.838%;\" colspan=\"7\"><span style=\"font-weight: 400;\">Anna Bosch<\/span><\/td>\n<\/tr>\n<tr>\n<td style=\"width: 36.8263%;\"><b>3ESO<\/b><\/td>\n<td style=\"width: 154.838%;\" colspan=\"7\"><span style=\"font-weight: 400;\">Jordi Turon<\/span><\/td>\n<\/tr>\n<tr>\n<td style=\"width: 36.8263%;\"><b>4ESO<\/b><\/td>\n<td style=\"width: 154.838%;\" colspan=\"7\"><span style=\"font-weight: 400;\">Maria Serra<\/span><\/td>\n<\/tr>\n<\/tbody>\n<\/table>\n<table class=\" aligncenter\" style=\"width: 100%;\">\n<tbody>\n<tr>\n<td style=\"width: 627.754px;\" colspan=\"4\"><b>DEPARTAMENTS<\/b><\/td>\n<\/tr>\n<tr>\n<td style=\"width: 288.77px;\" colspan=\"2\"><b>1.\u00a0 Ci\u00e8ncies<\/b><\/td>\n<td style=\"width: 337.734px;\" colspan=\"2\"><b>5.\u00a0 Lleng\u00fces estrangeres<\/b><\/td>\n<\/tr>\n<tr>\n<td style=\"width: 147.656px;\"><span style=\"font-weight: 400;\">Biologia i Geologia<\/span><\/td>\n<td style=\"width: 139.863px;\"><span style=\"font-weight: 400;\">Sussi Abel\u00a0<\/span><\/td>\n<td style=\"width: 149.98px;\"><span style=\"font-weight: 400;\">Angl\u00e8s<\/span><\/td>\n<td style=\"width: 186.504px;\"><span style=\"font-weight: 400;\">Ver\u00f2nica Castells<\/span><\/td>\n<\/tr>\n<tr>\n<td style=\"width: 147.656px;\"><\/td>\n<td style=\"width: 139.863px;\"><span style=\"font-weight: 400;\">Estel Freixa<\/span><\/td>\n<td style=\"width: 149.98px;\"><\/td>\n<td style=\"width: 186.504px;\"><span style=\"font-weight: 400;\">Fina Felip<\/span><\/td>\n<\/tr>\n<tr>\n<td style=\"width: 147.656px;\"><span style=\"font-weight: 400;\">F\u00edsica i Qu\u00edmica<\/span><\/td>\n<td style=\"width: 139.863px;\"><span style=\"font-weight: 400;\">Carla Peraferrer<\/span><\/td>\n<td style=\"width: 149.98px;\"><\/td>\n<td style=\"width: 186.504px;\"><span style=\"font-weight: 400;\">Caterina Ferrer<\/span><\/td>\n<\/tr>\n<tr>\n<td style=\"width: 147.656px;\"><\/td>\n<td style=\"width: 139.863px;\"><span style=\"font-weight: 400;\">Jordi Turon<\/span><\/td>\n<td style=\"width: 149.98px;\"><\/td>\n<td style=\"width: 186.504px;\"><span style=\"font-weight: 400;\">Laia Roura<\/span><\/td>\n<\/tr>\n<tr>\n<td style=\"width: 147.656px;\"><\/td>\n<td style=\"width: 139.863px;\"><\/td>\n<td style=\"width: 149.98px;\"><span style=\"font-weight: 400;\">Franc\u00e8s<\/span><\/td>\n<td style=\"width: 186.504px;\"><span style=\"font-weight: 400;\">N\u00faria Massa<\/span><\/td>\n<\/tr>\n<tr>\n<td style=\"width: 147.656px;\"><i><span style=\"font-weight: 400;\">Cap de departament<\/span><\/i><\/td>\n<td style=\"width: 139.863px;\"><i><span style=\"font-weight: 400;\">Estel Freixa<\/span><\/i><\/td>\n<td style=\"width: 149.98px;\"><i><span style=\"font-weight: 400;\">Cap de departament<\/span><\/i><\/td>\n<td style=\"width: 186.504px;\"><i><span style=\"font-weight: 400;\">Fina Felip<\/span><\/i><\/td>\n<\/tr>\n<tr>\n<td style=\"width: 147.656px;\"><b>2. \u00a0 Expressi\u00f3\u00a0<\/b><\/td>\n<td style=\"width: 139.863px;\"><\/td>\n<td style=\"width: 149.98px;\"><b>5.\u00a0 Matem\u00e0tiques<\/b><\/td>\n<td style=\"width: 186.504px;\"><\/td>\n<\/tr>\n<tr>\n<td style=\"width: 147.656px;\"><span style=\"font-weight: 400;\">Educaci\u00f3 f\u00edsica<\/span><\/td>\n<td style=\"width: 139.863px;\"><span style=\"font-weight: 400;\">Joan Gal\u00ed<\/span><\/td>\n<td style=\"width: 149.98px;\"><\/td>\n<td style=\"width: 186.504px;\"><span style=\"font-weight: 400;\">Marta Dalm\u00e0s<\/span><\/td>\n<\/tr>\n<tr>\n<td style=\"width: 147.656px;\"><\/td>\n<td style=\"width: 139.863px;\"><span style=\"font-weight: 400;\">Cristina Vidal<\/span><\/td>\n<td style=\"width: 149.98px;\"><\/td>\n<td style=\"width: 186.504px;\"><span style=\"font-weight: 400;\">\u00c0lex Mart\u00edn<\/span><\/td>\n<\/tr>\n<tr>\n<td style=\"width: 147.656px;\"><span style=\"font-weight: 400;\">M\u00fasica<\/span><\/td>\n<td style=\"width: 139.863px;\"><span style=\"font-weight: 400;\">Meritxell Mallol<\/span><\/td>\n<td style=\"width: 149.98px;\"><\/td>\n<td style=\"width: 186.504px;\"><span style=\"font-weight: 400;\">M\u00f2nica Ramos<\/span><\/td>\n<\/tr>\n<tr>\n<td style=\"width: 147.656px;\"><span style=\"font-weight: 400;\">Visual i Pl\u00e0stica<\/span><\/td>\n<td style=\"width: 139.863px;\"><span style=\"font-weight: 400;\">Marc Corcoy<\/span><\/td>\n<td style=\"width: 149.98px;\"><\/td>\n<td style=\"width: 186.504px;\"><span style=\"font-weight: 400;\">Maria Serra<\/span><\/td>\n<\/tr>\n<tr>\n<td style=\"width: 147.656px;\"><i><span style=\"font-weight: 400;\">Cap de departament<\/span><\/i><\/td>\n<td style=\"width: 139.863px;\"><i><span style=\"font-weight: 400;\">Joan Gal\u00ed<\/span><\/i><\/td>\n<td style=\"width: 149.98px;\"><i><span style=\"font-weight: 400;\">Cap de Departament<\/span><\/i><\/td>\n<td style=\"width: 186.504px;\"><i><span style=\"font-weight: 400;\">Marta Dalm\u00e0s<\/span><\/i><\/td>\n<\/tr>\n<tr>\n<td style=\"width: 147.656px;\"><b>3. Lleng\u00fces<\/b><\/td>\n<td style=\"width: 139.863px;\"><\/td>\n<td style=\"width: 149.98px;\"><b>6. Orientaci\u00f3<\/b><\/td>\n<td style=\"width: 186.504px;\"><\/td>\n<\/tr>\n<tr>\n<td style=\"width: 147.656px;\"><span style=\"font-weight: 400;\">Catal\u00e0<\/span><\/td>\n<td style=\"width: 139.863px;\"><span style=\"font-weight: 400;\">V\u00edctor Geli<\/span><\/td>\n<td style=\"width: 149.98px;\"><\/td>\n<td style=\"width: 186.504px;\"><span style=\"font-weight: 400;\">Cl\u00e0udia Puigermanol<\/span><\/td>\n<\/tr>\n<tr>\n<td style=\"width: 147.656px;\"><\/td>\n<td style=\"width: 139.863px;\"><span style=\"font-weight: 400;\">Laura Manero<\/span><\/td>\n<td style=\"width: 149.98px;\"><\/td>\n<td style=\"width: 186.504px;\"><span style=\"font-weight: 400;\">Judit Muntadas<\/span><\/td>\n<\/tr>\n<tr>\n<td style=\"width: 147.656px;\"><\/td>\n<td style=\"width: 139.863px;\"><span style=\"font-weight: 400;\">N\u00faria Massa<\/span><\/td>\n<td style=\"width: 149.98px;\"><\/td>\n<td style=\"width: 186.504px;\"><span style=\"font-weight: 400;\">Montse Mitjans<\/span><\/td>\n<\/tr>\n<tr>\n<td style=\"width: 147.656px;\"><i><span style=\"font-weight: 400;\">Cap Dept. catal\u00e0<\/span><\/i><\/td>\n<td style=\"width: 139.863px;\"><i><span style=\"font-weight: 400;\">N\u00faria Massa<\/span><\/i><\/td>\n<td style=\"width: 149.98px;\"><span style=\"font-weight: 400;\">SIEI<\/span><\/td>\n<td style=\"width: 186.504px;\"><span style=\"font-weight: 400;\">Natalia Cebrian<\/span><\/td>\n<\/tr>\n<tr>\n<td style=\"width: 147.656px;\"><span style=\"font-weight: 400;\">Castell\u00e0<\/span><\/td>\n<td style=\"width: 139.863px;\"><span style=\"font-weight: 400;\">Yolanda Frigola<\/span><\/td>\n<td style=\"width: 149.98px;\"><\/td>\n<td style=\"width: 186.504px;\"><span style=\"font-weight: 400;\">Nina Llach<\/span><\/td>\n<\/tr>\n<tr>\n<td style=\"width: 147.656px;\"><\/td>\n<td style=\"width: 139.863px;\"><span style=\"font-weight: 400;\">Luciano Fern\u00e0ndez<\/span><\/td>\n<td style=\"width: 149.98px;\"><span style=\"font-weight: 400;\">educadora SIEI<\/span><\/td>\n<td style=\"width: 186.504px;\"><span style=\"font-weight: 400;\">M. \u00c0ngels Mas<\/span><\/td>\n<\/tr>\n<tr>\n<td style=\"width: 147.656px;\"><\/td>\n<td style=\"width: 139.863px;\"><span style=\"font-weight: 400;\">Blanca Garcia<\/span><\/td>\n<td style=\"width: 149.98px;\"><i><span style=\"font-weight: 400;\">Cap Departament<\/span><\/i><\/td>\n<td style=\"width: 186.504px;\"><i><span style=\"font-weight: 400;\">Judit Muntadas<\/span><\/i><\/td>\n<\/tr>\n<tr>\n<td style=\"width: 147.656px;\"><\/td>\n<td style=\"width: 139.863px;\"><span style=\"font-weight: 400;\">Cristina Mart\u00edn<\/span><\/td>\n<td style=\"width: 149.98px;\"><\/td>\n<td style=\"width: 186.504px;\"><\/td>\n<\/tr>\n<tr>\n<td style=\"width: 147.656px;\"><i><span style=\"font-weight: 400;\">Cap Dept. castell\u00e0<\/span><\/i><\/td>\n<td style=\"width: 139.863px;\"><i><span style=\"font-weight: 400;\">Yolanda Frigola<\/span><\/i><\/td>\n<td style=\"width: 337.734px;\" colspan=\"2\"><b>7. Socials i religi\u00f3<\/b><\/td>\n<\/tr>\n<tr>\n<td style=\"width: 147.656px;\"><span style=\"font-weight: 400;\">Llat\u00ed<\/span><\/td>\n<td style=\"width: 139.863px;\"><span style=\"font-weight: 400;\">Robert Lorenzo<\/span><\/td>\n<td style=\"width: 149.98px;\"><span style=\"font-weight: 400;\">Socials<\/span><\/td>\n<td style=\"width: 186.504px;\"><span style=\"font-weight: 400;\">S\u00f2nia Abras\/Miriam Garcia<\/span><\/td>\n<\/tr>\n<tr>\n<td style=\"width: 288.77px;\" colspan=\"2\"><b>4. Tecnologia<\/b><\/td>\n<td style=\"width: 149.98px;\"><\/td>\n<td style=\"width: 186.504px;\"><span style=\"font-weight: 400;\">Merc\u00e8 Ag\u00fcera<\/span><\/td>\n<\/tr>\n<tr>\n<td style=\"width: 147.656px;\"><\/td>\n<td style=\"width: 139.863px;\"><span style=\"font-weight: 400;\">Anna Bosch<\/span><\/td>\n<td style=\"width: 149.98px;\"><\/td>\n<td style=\"width: 186.504px;\"><span style=\"font-weight: 400;\">Robert Lorenzo<\/span><\/td>\n<\/tr>\n<tr>\n<td style=\"width: 147.656px;\"><\/td>\n<td style=\"width: 139.863px;\"><span style=\"font-weight: 400;\">Sandra Oliveras<\/span><\/td>\n<td style=\"width: 149.98px;\"><\/td>\n<td style=\"width: 186.504px;\"><span style=\"font-weight: 400;\">Gemma Vinyes-M<\/span><\/td>\n<\/tr>\n<tr>\n<td style=\"width: 147.656px;\"><\/td>\n<td style=\"width: 139.863px;\"><span style=\"font-weight: 400;\">Juanma Quesada<\/span><\/td>\n<td style=\"width: 149.98px;\"><span style=\"font-weight: 400;\">Religi\u00f3<\/span><\/td>\n<td style=\"width: 186.504px;\"><span style=\"font-weight: 400;\">Jaume Amat<\/span><\/td>\n<\/tr>\n<tr>\n<td style=\"width: 147.656px;\"><i><span style=\"font-weight: 400;\">Cap departament<\/span><\/i><\/td>\n<td style=\"width: 139.863px;\"><i><span style=\"font-weight: 400;\">Sandra Oliveras<\/span><\/i><\/td>\n<td style=\"width: 149.98px;\"><i><span style=\"font-weight: 400;\">Cap departament<\/span><\/i><\/td>\n<td style=\"width: 186.504px;\"><i><span style=\"font-weight: 400;\">Gemma Vinyes-M.<\/span><\/i><\/td>\n<\/tr>\n<\/tbody>\n<\/table>\n","protected":false},"excerpt":{"rendered":"<p>&nbsp; EQUIP DIRECTIU Directora Montse Mitjans Cap d\u2019estudis Merc\u00e8 Ag\u00fcera Secret\u00e0ria M\u00f2nica Ramos Coordinadora pedag\u00f2gica Gemma Vinyes-Miralpeix &nbsp; TUTORIES\u00a0 1A Estel Freixa 2A Ver\u00f2nica Castell 3A Jordi Turon 4A Cristina Martin 1B Laia Roura 2B Cristina Vidal 3B V\u00edctor Geli 4B Fina Felip 1C Joan Gal\u00ed 2C Anna Bosch 3C Sussi Abel 4C Maria Serra [&hellip;]<\/p>\n","protected":false},"author":1,"featured_media":0,"parent":19,"menu_order":30,"comment_status":"closed","ping_status":"closed","template":"page-templates\/side-menu.php","meta":{"_bbp_topic_count":0,"_bbp_reply_count":0,"_bbp_total_topic_count":0,"_bbp_total_reply_count":0,"_bbp_voice_count":0,"_bbp_anonymous_reply_count":0,"_bbp_topic_count_hidden":0,"_bbp_reply_count_hidden":0,"_bbp_forum_subforum_count":0,"site-sidebar-layout":"default","site-content-layout":"","ast-site-content-layout":"","site-content-style":"default","site-sidebar-style":"default","ast-global-header-display":"","ast-banner-title-visibility":"","ast-main-header-display":"","ast-hfb-above-header-display":"","ast-hfb-below-header-display":"","ast-hfb-mobile-header-display":"","site-post-title":"","ast-breadcrumbs-content":"","ast-featured-img":"","footer-sml-layout":"","theme-transparent-header-meta":"","adv-header-id-meta":"","stick-header-meta":"","header-above-stick-meta":"","header-main-stick-meta":"","header-below-stick-meta":"","astra-migrate-meta-layouts":"default","ast-page-background-enabled":"default","ast-page-background-meta":{"desktop":{"background-color":"var(--ast-global-color-4)","background-image":"","background-repeat":"repeat","background-position":"center center","background-size":"auto","background-attachment":"scroll","background-type":"","background-media":"","overlay-type":"","overlay-color":"","overlay-opacity":"","overlay-gradient":""},"tablet":{"background-color":"","background-image":"","background-repeat":"repeat","background-position":"center center","background-size":"auto","background-attachment":"scroll","background-type":"","background-media":"","overlay-type":"","overlay-color":"","overlay-opacity":"","overlay-gradient":""},"mobile":{"background-color":"","background-image":"","background-repeat":"repeat","background-position":"center center","background-size":"auto","background-attachment":"scroll","background-type":"","background-media":"","overlay-type":"","overlay-color":"","overlay-opacity":"","overlay-gradient":""}},"ast-content-background-meta":{"desktop":{"background-color":"var(--ast-global-color-5)","background-image":"","background-repeat":"repeat","background-position":"center center","background-size":"auto","background-attachment":"scroll","background-type":"","background-media":"","overlay-type":"","overlay-color":"","overlay-opacity":"","overlay-gradient":""},"tablet":{"background-color":"var(--ast-global-color-5)","background-image":"","background-repeat":"repeat","background-position":"center center","background-size":"auto","background-attachment":"scroll","background-type":"","background-media":"","overlay-type":"","overlay-color":"","overlay-opacity":"","overlay-gradient":""},"mobile":{"background-color":"var(--ast-global-color-5)","background-image":"","background-repeat":"repeat","background-position":"center center","background-size":"auto","background-attachment":"scroll","background-type":"","background-media":"","overlay-type":"","overlay-color":"","overlay-opacity":"","overlay-gradient":""}},"footnotes":""},"class_list":["post-46","page","type-page","status-publish","hentry"],"post_mailing_queue_ids":[],"_links":{"self":[{"href":"https:\/\/agora.xtec.cat\/sescaldesdemalavella\/wp-json\/wp\/v2\/pages\/46","targetHints":{"allow":["GET"]}}],"collection":[{"href":"https:\/\/agora.xtec.cat\/sescaldesdemalavella\/wp-json\/wp\/v2\/pages"}],"about":[{"href":"https:\/\/agora.xtec.cat\/sescaldesdemalavella\/wp-json\/wp\/v2\/types\/page"}],"author":[{"embeddable":true,"href":"https:\/\/agora.xtec.cat\/sescaldesdemalavella\/wp-json\/wp\/v2\/users\/1"}],"replies":[{"embeddable":true,"href":"https:\/\/agora.xtec.cat\/sescaldesdemalavella\/wp-json\/wp\/v2\/comments?post=46"}],"version-history":[{"count":7,"href":"https:\/\/agora.xtec.cat\/sescaldesdemalavella\/wp-json\/wp\/v2\/pages\/46\/revisions"}],"predecessor-version":[{"id":5651,"href":"https:\/\/agora.xtec.cat\/sescaldesdemalavella\/wp-json\/wp\/v2\/pages\/46\/revisions\/5651"}],"up":[{"embeddable":true,"href":"https:\/\/agora.xtec.cat\/sescaldesdemalavella\/wp-json\/wp\/v2\/pages\/19"}],"wp:attachment":[{"href":"https:\/\/agora.xtec.cat\/sescaldesdemalavella\/wp-json\/wp\/v2\/media?parent=46"}],"curies":[{"name":"wp","href":"https:\/\/api.w.org\/{rel}","templated":true}]}}