{"id":43,"date":"2014-09-17T16:45:07","date_gmt":"2014-09-17T14:45:07","guid":{"rendered":"http:\/\/agora.xtec.cat\/sescaldesdemalavella\/?page_id=43"},"modified":"2025-09-18T08:25:26","modified_gmt":"2025-09-18T06:25:26","slug":"consell-escolar","status":"publish","type":"page","link":"https:\/\/agora.xtec.cat\/sescaldesdemalavella\/linstitut\/consell-escolar\/","title":{"rendered":"Consell escolar"},"content":{"rendered":"<div style=\"text-align: center;\"><\/div>\n<div style=\"text-align: center;\"><strong style=\"font-size: 1.125em;\">MEMBRES DEL CONSELL ESCOLAR<\/strong><\/div>\n<div><\/div>\n<table class=\" aligncenter\" style=\"width: 53.139217%; height: 710px;\">\n<tbody>\n<tr>\n<td width=\"288\"><strong>Presidenta<\/strong><\/td>\n<td width=\"288\">Montse Mitjans<\/td>\n<\/tr>\n<tr>\n<td width=\"288\"><strong>Cap d\u2019estudis<\/strong><\/td>\n<td width=\"288\">Merc\u00e8 Ag\u00fcera<\/td>\n<\/tr>\n<tr>\n<td width=\"288\"><strong>Representants del\u00a0 professorat<\/strong><\/td>\n<td width=\"288\">Fina Felip<\/p>\n<p>Yolanda Frigola<\/p>\n<p>Cristina Mart\u00edn<\/p>\n<p>Sandra Oliveras<\/p>\n<p>Juanma Quesada<\/p>\n<p>Gemma Vinyes<\/td>\n<\/tr>\n<tr>\n<td width=\"288\"><strong>Representants de l\u2019alumnat<\/strong><\/td>\n<td width=\"288\">Arnau Lacoma<\/p>\n<p>Alexandra Mart\u00ednez<\/p>\n<p>Mart\u00ed Ba\u00f1eras<\/td>\n<\/tr>\n<tr>\n<td width=\"288\"><strong>Representants fam\u00edlies<\/strong><\/td>\n<td width=\"288\">M\u00f2nica Ciurana<\/p>\n<p>Narc\u00eds Palah\u00ed<\/td>\n<\/tr>\n<tr>\n<td width=\"288\"><strong>Representant de l\u2019AMPA <\/strong><\/td>\n<td width=\"288\">Eva Masmiquel<\/td>\n<\/tr>\n<tr>\n<td width=\"288\"><strong>Representant del PAS- PAE<\/strong><\/td>\n<td width=\"288\">M\u00aa \u00c0ngels Mas<\/td>\n<\/tr>\n<tr>\n<td width=\"288\"><strong>Representant de l\u2019Ajuntament<\/strong><\/td>\n<td width=\"288\">M\u00aa \u00c0ngela Frigol\u00e9<\/td>\n<\/tr>\n<tr>\n<td width=\"288\"><strong>Secret\u00e0ria<\/strong><\/td>\n<td width=\"288\">M\u00f2nica Ramos<\/td>\n<\/tr>\n<\/tbody>\n<\/table>\n<p><img loading=\"lazy\" decoding=\"async\" class=\"size-full wp-image-4779 aligncenter\" src=\"https:\/\/agora.xtec.cat\/sescaldesdemalavella\/wp-content\/uploads\/usu736\/2023\/11\/image.png\" alt=\"\" width=\"750\" height=\"183\" srcset=\"https:\/\/agora.xtec.cat\/sescaldesdemalavella\/wp-content\/uploads\/usu736\/2023\/11\/image.png 750w, https:\/\/agora.xtec.cat\/sescaldesdemalavella\/wp-content\/uploads\/usu736\/2023\/11\/image-300x73.png 300w\" sizes=\"auto, (max-width: 750px) 100vw, 750px\" \/><\/p>\n<div style=\"text-align: center;\">\n<div dir=\"ltr\" align=\"center\">\n<table style=\"width: 76.323047%; height: 73px;\">\n<tbody>\n<tr>\n<td style=\"width: 33.781513%;\">\n<p dir=\"ltr\">del 8 al 15 de novembre<\/p>\n<\/td>\n<td style=\"width: 109.850866%;\">\n<p dir=\"ltr\">Presentaci\u00f3 de candidatures-\u00a0 <a href=\"https:\/\/drive.google.com\/file\/d\/1di-NhzszZpMsnXpIdP48kIrYmlXddkYM\/view?usp=sharing\" target=\"_blank\" rel=\"noopener\" data-saferedirecturl=\"https:\/\/www.google.com\/url?q=https:\/\/drive.google.com\/file\/d\/1di-NhzszZpMsnXpIdP48kIrYmlXddkYM\/view?usp%3Dsharing&amp;source=gmail&amp;ust=1699257978583000&amp;usg=AOvVaw2U7gU_ZA_9JJNqt-kUT1Ax\">Model presentaci\u00f3 candidatures<\/a><\/p>\n<\/td>\n<\/tr>\n<\/tbody>\n<\/table>\n<\/div>\n<\/div>\n<div style=\"text-align: center;\">\n<div dir=\"ltr\" align=\"center\">\n<table style=\"width: 76.226549%; height: 124px;\">\n<colgroup>\n<col width=\"202\" \/>\n<col width=\"400\" \/><\/colgroup>\n<tbody>\n<tr>\n<td style=\"width: 33.168317%;\">\n<p dir=\"ltr\">23 de novembre<\/p>\n<\/td>\n<td style=\"width: 110.555825%;\">\n<p dir=\"ltr\">Elecci\u00f3 dels representants dels pares i mares<\/p>\n<\/td>\n<\/tr>\n<tr>\n<td style=\"width: 33.168317%;\">\n<p dir=\"ltr\">23 i 24 de novembre<\/p>\n<\/td>\n<td style=\"width: 110.555825%;\">\n<p dir=\"ltr\">Elecci\u00f3 dels representants de l&#8217;alumnat<\/p>\n<\/td>\n<\/tr>\n<\/tbody>\n<\/table>\n<\/div>\n<\/div>\n<div class=\"gmail_default\">\n<table class=\" aligncenter\" style=\"height: 680px; width: 75.3202%; border-collapse: collapse; border-color: #7d2c2c; background-color: #fcc2c5; border-style: groove;\">\n<tbody>\n<tr style=\"height: 31px;\">\n<td style=\"width: 29.2237%; height: 105px;\"><b>CANDIDATS CONSELL ESCOLAR- FAM\u00cdLIES<\/b><\/td>\n<td style=\"width: 29.7945%; height: 105px;\"><b>CANDIDATS CONSELL ESCOLAR- PAS i PAE<\/b><\/td>\n<td style=\"width: 31.0283%; height: 105px;\"><b>CANDIDATS CONSELL ESCOLAR- ALUMNAT<\/b><\/td>\n<\/tr>\n<tr style=\"height: 575px;\">\n<td style=\"width: 29.2237%; height: 575px; border-color: #ffffff; background-color: #c9f2da;\">&nbsp;<\/p>\n<p>&nbsp;<\/p>\n<p>&nbsp;<\/td>\n<td style=\"width: 29.7945%; height: 575px; border-color: #ffffff; background-color: #c9f2da;\">&nbsp;<\/p>\n<p>&nbsp;<\/td>\n<td style=\"width: 31.0283%; height: 575px; border-color: #ffffff; background-color: #c9f2da;\"><\/td>\n<\/tr>\n<\/tbody>\n<\/table>\n<\/div>\n<div>\n<hr \/>\n<\/div>\n<p style=\"text-align: center;\">\n","protected":false},"excerpt":{"rendered":"<p>MEMBRES DEL CONSELL ESCOLAR Presidenta Montse Mitjans Cap d\u2019estudis Merc\u00e8 Ag\u00fcera Representants del\u00a0 professorat Fina Felip Yolanda Frigola Cristina Mart\u00edn Sandra Oliveras Juanma Quesada Gemma Vinyes Representants de l\u2019alumnat Arnau Lacoma Alexandra Mart\u00ednez Mart\u00ed Ba\u00f1eras Representants fam\u00edlies M\u00f2nica Ciurana Narc\u00eds Palah\u00ed Representant de l\u2019AMPA Eva Masmiquel Representant del PAS- PAE M\u00aa \u00c0ngels Mas Representant de [&hellip;]<\/p>\n","protected":false},"author":1,"featured_media":0,"parent":19,"menu_order":50,"comment_status":"closed","ping_status":"closed","template":"page-templates\/side-menu.php","meta":{"_bbp_topic_count":0,"_bbp_reply_count":0,"_bbp_total_topic_count":0,"_bbp_total_reply_count":0,"_bbp_voice_count":0,"_bbp_anonymous_reply_count":0,"_bbp_topic_count_hidden":0,"_bbp_reply_count_hidden":0,"_bbp_forum_subforum_count":0,"site-sidebar-layout":"default","site-content-layout":"","ast-site-content-layout":"","site-content-style":"default","site-sidebar-style":"default","ast-global-header-display":"","ast-banner-title-visibility":"","ast-main-header-display":"","ast-hfb-above-header-display":"","ast-hfb-below-header-display":"","ast-hfb-mobile-header-display":"","site-post-title":"","ast-breadcrumbs-content":"","ast-featured-img":"","footer-sml-layout":"","theme-transparent-header-meta":"","adv-header-id-meta":"","stick-header-meta":"","header-above-stick-meta":"","header-main-stick-meta":"","header-below-stick-meta":"","astra-migrate-meta-layouts":"default","ast-page-background-enabled":"default","ast-page-background-meta":{"desktop":{"background-color":"var(--ast-global-color-4)","background-image":"","background-repeat":"repeat","background-position":"center center","background-size":"auto","background-attachment":"scroll","background-type":"","background-media":"","overlay-type":"","overlay-color":"","overlay-opacity":"","overlay-gradient":""},"tablet":{"background-color":"","background-image":"","background-repeat":"repeat","background-position":"center center","background-size":"auto","background-attachment":"scroll","background-type":"","background-media":"","overlay-type":"","overlay-color":"","overlay-opacity":"","overlay-gradient":""},"mobile":{"background-color":"","background-image":"","background-repeat":"repeat","background-position":"center center","background-size":"auto","background-attachment":"scroll","background-type":"","background-media":"","overlay-type":"","overlay-color":"","overlay-opacity":"","overlay-gradient":""}},"ast-content-background-meta":{"desktop":{"background-color":"var(--ast-global-color-5)","background-image":"","background-repeat":"repeat","background-position":"center center","background-size":"auto","background-attachment":"scroll","background-type":"","background-media":"","overlay-type":"","overlay-color":"","overlay-opacity":"","overlay-gradient":""},"tablet":{"background-color":"var(--ast-global-color-5)","background-image":"","background-repeat":"repeat","background-position":"center center","background-size":"auto","background-attachment":"scroll","background-type":"","background-media":"","overlay-type":"","overlay-color":"","overlay-opacity":"","overlay-gradient":""},"mobile":{"background-color":"var(--ast-global-color-5)","background-image":"","background-repeat":"repeat","background-position":"center center","background-size":"auto","background-attachment":"scroll","background-type":"","background-media":"","overlay-type":"","overlay-color":"","overlay-opacity":"","overlay-gradient":""}},"footnotes":""},"class_list":["post-43","page","type-page","status-publish","hentry"],"post_mailing_queue_ids":[],"_links":{"self":[{"href":"https:\/\/agora.xtec.cat\/sescaldesdemalavella\/wp-json\/wp\/v2\/pages\/43","targetHints":{"allow":["GET"]}}],"collection":[{"href":"https:\/\/agora.xtec.cat\/sescaldesdemalavella\/wp-json\/wp\/v2\/pages"}],"about":[{"href":"https:\/\/agora.xtec.cat\/sescaldesdemalavella\/wp-json\/wp\/v2\/types\/page"}],"author":[{"embeddable":true,"href":"https:\/\/agora.xtec.cat\/sescaldesdemalavella\/wp-json\/wp\/v2\/users\/1"}],"replies":[{"embeddable":true,"href":"https:\/\/agora.xtec.cat\/sescaldesdemalavella\/wp-json\/wp\/v2\/comments?post=43"}],"version-history":[{"count":7,"href":"https:\/\/agora.xtec.cat\/sescaldesdemalavella\/wp-json\/wp\/v2\/pages\/43\/revisions"}],"predecessor-version":[{"id":5601,"href":"https:\/\/agora.xtec.cat\/sescaldesdemalavella\/wp-json\/wp\/v2\/pages\/43\/revisions\/5601"}],"up":[{"embeddable":true,"href":"https:\/\/agora.xtec.cat\/sescaldesdemalavella\/wp-json\/wp\/v2\/pages\/19"}],"wp:attachment":[{"href":"https:\/\/agora.xtec.cat\/sescaldesdemalavella\/wp-json\/wp\/v2\/media?parent=43"}],"curies":[{"name":"wp","href":"https:\/\/api.w.org\/{rel}","templated":true}]}}