{"id":381,"date":"2016-05-12T16:45:08","date_gmt":"2016-05-12T14:45:08","guid":{"rendered":"http:\/\/agora.xtec.cat\/sescaldesdemalavella\/?page_id=381"},"modified":"2025-10-08T20:04:55","modified_gmt":"2025-10-08T18:04:55","slug":"nofc","status":"publish","type":"page","link":"https:\/\/agora.xtec.cat\/sescaldesdemalavella\/documents\/nofc\/","title":{"rendered":"Normativa (NOFC)"},"content":{"rendered":"<p><a href=\"https:\/\/drive.google.com\/file\/d\/1KU5GtLLyJjlRT9DHD2MGk2iv-EduxsZW\/preview\">1. Estructura organitzativa de govern i de coordinaci\u00f3 del centre<\/a><br \/>\n<a href=\"https:\/\/drive.google.com\/file\/d\/1bcun02A4dSc6NRjqO1HAstdMB5TU8qV-\/preview\">2. Criteris per a l\u2019organitzaci\u00f3 dels grups d\u2019alumnes<\/a><br \/>\n<a href=\"https:\/\/drive.google.com\/file\/d\/1ZAkeLJtX9KXw0EHr--p9qdnsW7Dd0pz8\/preview\">3. El projecte educatiu de centre (PEC)<\/a><br \/>\n<a href=\"https:\/\/drive.google.com\/file\/d\/11wR3XvTJfNhXCxbMuyFqio-bxI5Kxd_L\/preview\">4. La participaci\u00f3 en el centre dels sectors de la comunitat escolar<\/a><br \/>\n<a href=\"https:\/\/drive.google.com\/file\/d\/1Xq5h4pOGAjhglinkAIxZWvIyPd4laY_n\/view\">5. Normes de conviv\u00e8ncia i disciplina<\/a><br \/>\n<a href=\"https:\/\/drive.google.com\/file\/d\/1q_AX5iwo5JFr5_YOj0pkl1WlcNjJEKmr\/view?usp=drive_link\">6. Professorat<\/a><br \/>\n<a href=\"https:\/\/drive.google.com\/file\/d\/1mxuke0IJ6HoeKMzJO_xcNdWs7DYPCB8H\/preview\">7. Alumnat_ Les normes de funcionament del centre<\/a><br \/>\n<a href=\"https:\/\/drive.google.com\/file\/d\/1cneEyy0S2iVNme8hUjbXfP0s9xtPYZxF\/preview\">8. Fam\u00edlies_ el comprom\u00eds amb l\u2019educaci\u00f3<\/a><\/p>\n","protected":false},"excerpt":{"rendered":"<p>1. Estructura organitzativa de govern i de coordinaci\u00f3 del centre 2. Criteris per a l\u2019organitzaci\u00f3 dels grups d\u2019alumnes 3. El projecte educatiu de centre (PEC) 4. La participaci\u00f3 en el centre dels sectors de la comunitat escolar 5. Normes de conviv\u00e8ncia i disciplina 6. Professorat 7. Alumnat_ Les normes de funcionament del centre 8. Fam\u00edlies_ [&hellip;]<\/p>\n","protected":false},"author":1,"featured_media":0,"parent":339,"menu_order":1,"comment_status":"closed","ping_status":"closed","template":"page-templates\/side-menu.php","meta":{"_bbp_topic_count":0,"_bbp_reply_count":0,"_bbp_total_topic_count":0,"_bbp_total_reply_count":0,"_bbp_voice_count":0,"_bbp_anonymous_reply_count":0,"_bbp_topic_count_hidden":0,"_bbp_reply_count_hidden":0,"_bbp_forum_subforum_count":0,"site-sidebar-layout":"default","site-content-layout":"","ast-site-content-layout":"","site-content-style":"default","site-sidebar-style":"default","ast-global-header-display":"","ast-banner-title-visibility":"","ast-main-header-display":"","ast-hfb-above-header-display":"","ast-hfb-below-header-display":"","ast-hfb-mobile-header-display":"","site-post-title":"","ast-breadcrumbs-content":"","ast-featured-img":"","footer-sml-layout":"","theme-transparent-header-meta":"","adv-header-id-meta":"","stick-header-meta":"","header-above-stick-meta":"","header-main-stick-meta":"","header-below-stick-meta":"","astra-migrate-meta-layouts":"default","ast-page-background-enabled":"default","ast-page-background-meta":{"desktop":{"background-color":"var(--ast-global-color-4)","background-image":"","background-repeat":"repeat","background-position":"center center","background-size":"auto","background-attachment":"scroll","background-type":"","background-media":"","overlay-type":"","overlay-color":"","overlay-opacity":"","overlay-gradient":""},"tablet":{"background-color":"","background-image":"","background-repeat":"repeat","background-position":"center center","background-size":"auto","background-attachment":"scroll","background-type":"","background-media":"","overlay-type":"","overlay-color":"","overlay-opacity":"","overlay-gradient":""},"mobile":{"background-color":"","background-image":"","background-repeat":"repeat","background-position":"center center","background-size":"auto","background-attachment":"scroll","background-type":"","background-media":"","overlay-type":"","overlay-color":"","overlay-opacity":"","overlay-gradient":""}},"ast-content-background-meta":{"desktop":{"background-color":"var(--ast-global-color-5)","background-image":"","background-repeat":"repeat","background-position":"center center","background-size":"auto","background-attachment":"scroll","background-type":"","background-media":"","overlay-type":"","overlay-color":"","overlay-opacity":"","overlay-gradient":""},"tablet":{"background-color":"var(--ast-global-color-5)","background-image":"","background-repeat":"repeat","background-position":"center center","background-size":"auto","background-attachment":"scroll","background-type":"","background-media":"","overlay-type":"","overlay-color":"","overlay-opacity":"","overlay-gradient":""},"mobile":{"background-color":"var(--ast-global-color-5)","background-image":"","background-repeat":"repeat","background-position":"center center","background-size":"auto","background-attachment":"scroll","background-type":"","background-media":"","overlay-type":"","overlay-color":"","overlay-opacity":"","overlay-gradient":""}},"footnotes":""},"class_list":["post-381","page","type-page","status-publish","hentry"],"post_mailing_queue_ids":[],"_links":{"self":[{"href":"https:\/\/agora.xtec.cat\/sescaldesdemalavella\/wp-json\/wp\/v2\/pages\/381","targetHints":{"allow":["GET"]}}],"collection":[{"href":"https:\/\/agora.xtec.cat\/sescaldesdemalavella\/wp-json\/wp\/v2\/pages"}],"about":[{"href":"https:\/\/agora.xtec.cat\/sescaldesdemalavella\/wp-json\/wp\/v2\/types\/page"}],"author":[{"embeddable":true,"href":"https:\/\/agora.xtec.cat\/sescaldesdemalavella\/wp-json\/wp\/v2\/users\/1"}],"replies":[{"embeddable":true,"href":"https:\/\/agora.xtec.cat\/sescaldesdemalavella\/wp-json\/wp\/v2\/comments?post=381"}],"version-history":[{"count":5,"href":"https:\/\/agora.xtec.cat\/sescaldesdemalavella\/wp-json\/wp\/v2\/pages\/381\/revisions"}],"predecessor-version":[{"id":5623,"href":"https:\/\/agora.xtec.cat\/sescaldesdemalavella\/wp-json\/wp\/v2\/pages\/381\/revisions\/5623"}],"up":[{"embeddable":true,"href":"https:\/\/agora.xtec.cat\/sescaldesdemalavella\/wp-json\/wp\/v2\/pages\/339"}],"wp:attachment":[{"href":"https:\/\/agora.xtec.cat\/sescaldesdemalavella\/wp-json\/wp\/v2\/media?parent=381"}],"curies":[{"name":"wp","href":"https:\/\/api.w.org\/{rel}","templated":true}]}}