{"id":374,"date":"2016-05-12T16:33:14","date_gmt":"2016-05-12T15:33:14","guid":{"rendered":"http:\/\/agora.xtec.cat\/sescaldesdemalavella\/?page_id=374"},"modified":"2025-06-03T14:03:21","modified_gmt":"2025-06-03T12:03:21","slug":"transport-escolar","status":"publish","type":"page","link":"https:\/\/agora.xtec.cat\/sescaldesdemalavella\/administracio-i-serveis\/transport-escolar\/","title":{"rendered":"Transport escolar"},"content":{"rendered":"<p>Des del departament de Serveis a la Ciutadania el Consell Comarcal de la Selva ofereix els serveis delegats pel Departament d\u2019Ensenyament de la Generalitat de Catalunya.<\/p>\n<p>Les compet\u00e8ncies d\u2019ensenyament assumides pel Consell Comarcal de la Selva fonamentalment abracen tres \u00e0mbits:<br \/>\n&#8211; Gesti\u00f3 de menjadors escolars<br \/>\n&#8211; Gesti\u00f3 del transport escolar (obligatori i no obligatori)<br \/>\n&#8211; Gesti\u00f3 de les ajudes de menjador i de transport escolar<\/p>\n<p>A trav\u00e9s de la <strong><a href=\"https:\/\/educacio.selva.cat\/transport-escolar.php\" target=\"_blank\" rel=\"noopener noreferrer\">web<\/a><\/strong>\u00a0podreu accedir a la informaci\u00f3 relativa als serveis amb models de formularis per a la inscripci\u00f3, informaci\u00f3 general sobre les bases i els reglaments, models de fulls de reclamaci\u00f3 o suggeriments, horaris dels serveis de transport i acc\u00e9s a la intranet per a consulta de les dades espec\u00edfiques d\u2019una petici\u00f3.<\/p>\n<p>Tamb\u00e9 inclou un espai espec\u00edfic per a l\u2019acc\u00e9s dels directors dels centres de la comarca i professionals relacionats amb algun dels servis gestionats, per al control i seguiment de l\u2019ac<span style=\"color: #000000;\">tivitat\u00a0en aquest <\/span>\u00e0mbit.<\/p>\n","protected":false},"excerpt":{"rendered":"<p>Des del departament de Serveis a la Ciutadania el Consell Comarcal de la Selva ofereix els serveis delegats pel Departament d\u2019Ensenyament de la Generalitat de Catalunya. Les compet\u00e8ncies d\u2019ensenyament assumides pel Consell Comarcal de la Selva fonamentalment abracen tres \u00e0mbits: &#8211; Gesti\u00f3 de menjadors escolars &#8211; Gesti\u00f3 del transport escolar (obligatori i no obligatori) &#8211; [&hellip;]<\/p>\n","protected":false},"author":1,"featured_media":0,"parent":638,"menu_order":30,"comment_status":"closed","ping_status":"closed","template":"page-templates\/side-menu.php","meta":{"_bbp_topic_count":0,"_bbp_reply_count":0,"_bbp_total_topic_count":0,"_bbp_total_reply_count":0,"_bbp_voice_count":0,"_bbp_anonymous_reply_count":0,"_bbp_topic_count_hidden":0,"_bbp_reply_count_hidden":0,"_bbp_forum_subforum_count":0,"site-sidebar-layout":"default","site-content-layout":"","ast-site-content-layout":"","site-content-style":"default","site-sidebar-style":"default","ast-global-header-display":"","ast-banner-title-visibility":"","ast-main-header-display":"","ast-hfb-above-header-display":"","ast-hfb-below-header-display":"","ast-hfb-mobile-header-display":"","site-post-title":"","ast-breadcrumbs-content":"","ast-featured-img":"","footer-sml-layout":"","theme-transparent-header-meta":"","adv-header-id-meta":"","stick-header-meta":"","header-above-stick-meta":"","header-main-stick-meta":"","header-below-stick-meta":"","astra-migrate-meta-layouts":"default","ast-page-background-enabled":"default","ast-page-background-meta":{"desktop":{"background-color":"var(--ast-global-color-4)","background-image":"","background-repeat":"repeat","background-position":"center center","background-size":"auto","background-attachment":"scroll","background-type":"","background-media":"","overlay-type":"","overlay-color":"","overlay-opacity":"","overlay-gradient":""},"tablet":{"background-color":"","background-image":"","background-repeat":"repeat","background-position":"center center","background-size":"auto","background-attachment":"scroll","background-type":"","background-media":"","overlay-type":"","overlay-color":"","overlay-opacity":"","overlay-gradient":""},"mobile":{"background-color":"","background-image":"","background-repeat":"repeat","background-position":"center center","background-size":"auto","background-attachment":"scroll","background-type":"","background-media":"","overlay-type":"","overlay-color":"","overlay-opacity":"","overlay-gradient":""}},"ast-content-background-meta":{"desktop":{"background-color":"var(--ast-global-color-5)","background-image":"","background-repeat":"repeat","background-position":"center center","background-size":"auto","background-attachment":"scroll","background-type":"","background-media":"","overlay-type":"","overlay-color":"","overlay-opacity":"","overlay-gradient":""},"tablet":{"background-color":"var(--ast-global-color-5)","background-image":"","background-repeat":"repeat","background-position":"center center","background-size":"auto","background-attachment":"scroll","background-type":"","background-media":"","overlay-type":"","overlay-color":"","overlay-opacity":"","overlay-gradient":""},"mobile":{"background-color":"var(--ast-global-color-5)","background-image":"","background-repeat":"repeat","background-position":"center center","background-size":"auto","background-attachment":"scroll","background-type":"","background-media":"","overlay-type":"","overlay-color":"","overlay-opacity":"","overlay-gradient":""}},"footnotes":""},"class_list":["post-374","page","type-page","status-publish","hentry"],"post_mailing_queue_ids":[],"_links":{"self":[{"href":"https:\/\/agora.xtec.cat\/sescaldesdemalavella\/wp-json\/wp\/v2\/pages\/374","targetHints":{"allow":["GET"]}}],"collection":[{"href":"https:\/\/agora.xtec.cat\/sescaldesdemalavella\/wp-json\/wp\/v2\/pages"}],"about":[{"href":"https:\/\/agora.xtec.cat\/sescaldesdemalavella\/wp-json\/wp\/v2\/types\/page"}],"author":[{"embeddable":true,"href":"https:\/\/agora.xtec.cat\/sescaldesdemalavella\/wp-json\/wp\/v2\/users\/1"}],"replies":[{"embeddable":true,"href":"https:\/\/agora.xtec.cat\/sescaldesdemalavella\/wp-json\/wp\/v2\/comments?post=374"}],"version-history":[{"count":4,"href":"https:\/\/agora.xtec.cat\/sescaldesdemalavella\/wp-json\/wp\/v2\/pages\/374\/revisions"}],"predecessor-version":[{"id":5535,"href":"https:\/\/agora.xtec.cat\/sescaldesdemalavella\/wp-json\/wp\/v2\/pages\/374\/revisions\/5535"}],"up":[{"embeddable":true,"href":"https:\/\/agora.xtec.cat\/sescaldesdemalavella\/wp-json\/wp\/v2\/pages\/638"}],"wp:attachment":[{"href":"https:\/\/agora.xtec.cat\/sescaldesdemalavella\/wp-json\/wp\/v2\/media?parent=374"}],"curies":[{"name":"wp","href":"https:\/\/api.w.org\/{rel}","templated":true}]}}