{"id":363,"date":"2016-05-12T16:27:25","date_gmt":"2016-05-12T14:27:25","guid":{"rendered":"http:\/\/agora.xtec.cat\/sescaldesdemalavella\/?page_id=363"},"modified":"2017-01-11T08:54:09","modified_gmt":"2017-01-11T07:54:09","slug":"eap","status":"publish","type":"page","link":"https:\/\/agora.xtec.cat\/sescaldesdemalavella\/linstitut\/eap\/","title":{"rendered":"EAP"},"content":{"rendered":"<p><strong>EAP-Equip d\u2019Assessorament i Orientaci\u00f3 Psicopedag\u00f2gica<\/strong><\/p>\n<p>Els equips d\u2019assessorament i orientaci\u00f3 psicopedag\u00f2gica (EAP) s\u00f3n un servei de suport i assessorament psicopedag\u00f2gic i social als centres educatius i a la comunitat educativa. Desenvolupen les seves actuacions en els centres educatius i en el seu entorn amb estreta col\u00b7laboraci\u00f3 amb els altres serveis i professionals del sector.<\/p>\n<p>L\u2019equip docent, juntament amb el tutor\/a i el Departament d\u2019Orientaci\u00f3, \u00e9s qui valora les necessitats personals i acad\u00e8miques de cada alumne. Si \u00e9s necessari, se sol\u00b7liciten els serveis psicopedag\u00f2gics de l\u2019EAP.<\/p>\n<p>El personal de l\u2019EAP es despla\u00e7a cada quinze dies a l\u2019institut per atendre les necessitats del centre.<\/p>\n<p>L\u2019Institut de Caldes de Malavella rep els serveis i atenci\u00f3 de l\u2019EAP de la zona de la Selva-I.<\/p>\n","protected":false},"excerpt":{"rendered":"<p>EAP-Equip d\u2019Assessorament i Orientaci\u00f3 Psicopedag\u00f2gica Els equips d\u2019assessorament i orientaci\u00f3 psicopedag\u00f2gica (EAP) s\u00f3n un servei de suport i assessorament psicopedag\u00f2gic i social als centres educatius i a la comunitat educativa. Desenvolupen les seves actuacions en els centres educatius i en el seu entorn amb estreta col\u00b7laboraci\u00f3 amb els altres serveis i professionals del sector. L\u2019equip [&hellip;]<\/p>\n","protected":false},"author":1,"featured_media":0,"parent":19,"menu_order":40,"comment_status":"closed","ping_status":"closed","template":"page-templates\/side-menu.php","meta":{"_bbp_topic_count":0,"_bbp_reply_count":0,"_bbp_total_topic_count":0,"_bbp_total_reply_count":0,"_bbp_voice_count":0,"_bbp_anonymous_reply_count":0,"_bbp_topic_count_hidden":0,"_bbp_reply_count_hidden":0,"_bbp_forum_subforum_count":0,"site-sidebar-layout":"default","site-content-layout":"","ast-site-content-layout":"","site-content-style":"default","site-sidebar-style":"default","ast-global-header-display":"","ast-banner-title-visibility":"","ast-main-header-display":"","ast-hfb-above-header-display":"","ast-hfb-below-header-display":"","ast-hfb-mobile-header-display":"","site-post-title":"","ast-breadcrumbs-content":"","ast-featured-img":"","footer-sml-layout":"","theme-transparent-header-meta":"","adv-header-id-meta":"","stick-header-meta":"","header-above-stick-meta":"","header-main-stick-meta":"","header-below-stick-meta":"","astra-migrate-meta-layouts":"default","ast-page-background-enabled":"default","ast-page-background-meta":{"desktop":{"background-color":"var(--ast-global-color-4)","background-image":"","background-repeat":"repeat","background-position":"center center","background-size":"auto","background-attachment":"scroll","background-type":"","background-media":"","overlay-type":"","overlay-color":"","overlay-opacity":"","overlay-gradient":""},"tablet":{"background-color":"","background-image":"","background-repeat":"repeat","background-position":"center center","background-size":"auto","background-attachment":"scroll","background-type":"","background-media":"","overlay-type":"","overlay-color":"","overlay-opacity":"","overlay-gradient":""},"mobile":{"background-color":"","background-image":"","background-repeat":"repeat","background-position":"center center","background-size":"auto","background-attachment":"scroll","background-type":"","background-media":"","overlay-type":"","overlay-color":"","overlay-opacity":"","overlay-gradient":""}},"ast-content-background-meta":{"desktop":{"background-color":"var(--ast-global-color-5)","background-image":"","background-repeat":"repeat","background-position":"center center","background-size":"auto","background-attachment":"scroll","background-type":"","background-media":"","overlay-type":"","overlay-color":"","overlay-opacity":"","overlay-gradient":""},"tablet":{"background-color":"var(--ast-global-color-5)","background-image":"","background-repeat":"repeat","background-position":"center center","background-size":"auto","background-attachment":"scroll","background-type":"","background-media":"","overlay-type":"","overlay-color":"","overlay-opacity":"","overlay-gradient":""},"mobile":{"background-color":"var(--ast-global-color-5)","background-image":"","background-repeat":"repeat","background-position":"center center","background-size":"auto","background-attachment":"scroll","background-type":"","background-media":"","overlay-type":"","overlay-color":"","overlay-opacity":"","overlay-gradient":""}},"footnotes":""},"class_list":["post-363","page","type-page","status-publish","hentry"],"post_mailing_queue_ids":[],"_links":{"self":[{"href":"https:\/\/agora.xtec.cat\/sescaldesdemalavella\/wp-json\/wp\/v2\/pages\/363","targetHints":{"allow":["GET"]}}],"collection":[{"href":"https:\/\/agora.xtec.cat\/sescaldesdemalavella\/wp-json\/wp\/v2\/pages"}],"about":[{"href":"https:\/\/agora.xtec.cat\/sescaldesdemalavella\/wp-json\/wp\/v2\/types\/page"}],"author":[{"embeddable":true,"href":"https:\/\/agora.xtec.cat\/sescaldesdemalavella\/wp-json\/wp\/v2\/users\/1"}],"replies":[{"embeddable":true,"href":"https:\/\/agora.xtec.cat\/sescaldesdemalavella\/wp-json\/wp\/v2\/comments?post=363"}],"version-history":[{"count":2,"href":"https:\/\/agora.xtec.cat\/sescaldesdemalavella\/wp-json\/wp\/v2\/pages\/363\/revisions"}],"predecessor-version":[{"id":397,"href":"https:\/\/agora.xtec.cat\/sescaldesdemalavella\/wp-json\/wp\/v2\/pages\/363\/revisions\/397"}],"up":[{"embeddable":true,"href":"https:\/\/agora.xtec.cat\/sescaldesdemalavella\/wp-json\/wp\/v2\/pages\/19"}],"wp:attachment":[{"href":"https:\/\/agora.xtec.cat\/sescaldesdemalavella\/wp-json\/wp\/v2\/media?parent=363"}],"curies":[{"name":"wp","href":"https:\/\/api.w.org\/{rel}","templated":true}]}}