{"id":339,"date":"2016-05-12T16:03:02","date_gmt":"2016-05-12T15:03:02","guid":{"rendered":"http:\/\/agora.xtec.cat\/sescaldesdemalavella\/?page_id=339"},"modified":"2017-04-25T10:00:50","modified_gmt":"2017-04-25T08:00:50","slug":"documents","status":"publish","type":"page","link":"https:\/\/agora.xtec.cat\/sescaldesdemalavella\/documents\/","title":{"rendered":"Projecte educatiu"},"content":{"rendered":"<header class=\"entry-header\">\n<h4 class=\"entry-title\">\u00a0Presentaci\u00f3<\/h4>\n<\/header>\n<div class=\"entry-content\">\n<div class=\"entry-content\"><\/div>\n<p>A l\u2019institut de Caldes treballem perqu\u00e8\u2026<\/p>\n<p>\u2026els nostres alumnes es sentin acollits i visquin el pas de prim\u00e0ria a secund\u00e0ria amb seguretat i confian\u00e7a.<\/p>\n<p>\u2026\u00a0es desenvolupin d\u2019una manera integral i \u00a0assoleixin i desenvolupin totes les compet\u00e8ncies tan enll\u00e0 com les seves capacitats els ho permetin.<\/p>\n<p>\u2026 es sentin valorats i apreciats per tota la comunitat educativa en el que tenen de singular i personal.<\/p>\n<p>\u2026 es sentin part important del seu grup d\u2019amics, de companys de classe, de curs i de centre.<\/p>\n<p>\u2026 \u00a0aprenguin a ser aut\u00f2noms, cr\u00edtics i tolerants.<\/p>\n<p>\u2026 es sentin preparats per afrontar amb \u00e8xit els estudis posteriors.<\/p>\n<\/div>\n","protected":false},"excerpt":{"rendered":"<p>\u00a0Presentaci\u00f3 A l\u2019institut de Caldes treballem perqu\u00e8\u2026 \u2026els nostres alumnes es sentin acollits i visquin el pas de prim\u00e0ria a secund\u00e0ria amb seguretat i confian\u00e7a. \u2026\u00a0es desenvolupin d\u2019una manera integral i \u00a0assoleixin i desenvolupin totes les compet\u00e8ncies tan enll\u00e0 com les seves capacitats els ho permetin. \u2026 es sentin valorats i apreciats per tota la [&hellip;]<\/p>\n","protected":false},"author":1,"featured_media":0,"parent":0,"menu_order":0,"comment_status":"closed","ping_status":"closed","template":"page-templates\/side-menu.php","meta":{"_bbp_topic_count":0,"_bbp_reply_count":0,"_bbp_total_topic_count":0,"_bbp_total_reply_count":0,"_bbp_voice_count":0,"_bbp_anonymous_reply_count":0,"_bbp_topic_count_hidden":0,"_bbp_reply_count_hidden":0,"_bbp_forum_subforum_count":0,"site-sidebar-layout":"default","site-content-layout":"","ast-site-content-layout":"","site-content-style":"default","site-sidebar-style":"default","ast-global-header-display":"","ast-banner-title-visibility":"","ast-main-header-display":"","ast-hfb-above-header-display":"","ast-hfb-below-header-display":"","ast-hfb-mobile-header-display":"","site-post-title":"","ast-breadcrumbs-content":"","ast-featured-img":"","footer-sml-layout":"","theme-transparent-header-meta":"","adv-header-id-meta":"","stick-header-meta":"","header-above-stick-meta":"","header-main-stick-meta":"","header-below-stick-meta":"","astra-migrate-meta-layouts":"default","ast-page-background-enabled":"default","ast-page-background-meta":{"desktop":{"background-color":"var(--ast-global-color-4)","background-image":"","background-repeat":"repeat","background-position":"center center","background-size":"auto","background-attachment":"scroll","background-type":"","background-media":"","overlay-type":"","overlay-color":"","overlay-opacity":"","overlay-gradient":""},"tablet":{"background-color":"","background-image":"","background-repeat":"repeat","background-position":"center center","background-size":"auto","background-attachment":"scroll","background-type":"","background-media":"","overlay-type":"","overlay-color":"","overlay-opacity":"","overlay-gradient":""},"mobile":{"background-color":"","background-image":"","background-repeat":"repeat","background-position":"center center","background-size":"auto","background-attachment":"scroll","background-type":"","background-media":"","overlay-type":"","overlay-color":"","overlay-opacity":"","overlay-gradient":""}},"ast-content-background-meta":{"desktop":{"background-color":"var(--ast-global-color-5)","background-image":"","background-repeat":"repeat","background-position":"center center","background-size":"auto","background-attachment":"scroll","background-type":"","background-media":"","overlay-type":"","overlay-color":"","overlay-opacity":"","overlay-gradient":""},"tablet":{"background-color":"var(--ast-global-color-5)","background-image":"","background-repeat":"repeat","background-position":"center center","background-size":"auto","background-attachment":"scroll","background-type":"","background-media":"","overlay-type":"","overlay-color":"","overlay-opacity":"","overlay-gradient":""},"mobile":{"background-color":"var(--ast-global-color-5)","background-image":"","background-repeat":"repeat","background-position":"center center","background-size":"auto","background-attachment":"scroll","background-type":"","background-media":"","overlay-type":"","overlay-color":"","overlay-opacity":"","overlay-gradient":""}},"footnotes":""},"class_list":["post-339","page","type-page","status-publish","hentry"],"post_mailing_queue_ids":[],"_links":{"self":[{"href":"https:\/\/agora.xtec.cat\/sescaldesdemalavella\/wp-json\/wp\/v2\/pages\/339","targetHints":{"allow":["GET"]}}],"collection":[{"href":"https:\/\/agora.xtec.cat\/sescaldesdemalavella\/wp-json\/wp\/v2\/pages"}],"about":[{"href":"https:\/\/agora.xtec.cat\/sescaldesdemalavella\/wp-json\/wp\/v2\/types\/page"}],"author":[{"embeddable":true,"href":"https:\/\/agora.xtec.cat\/sescaldesdemalavella\/wp-json\/wp\/v2\/users\/1"}],"replies":[{"embeddable":true,"href":"https:\/\/agora.xtec.cat\/sescaldesdemalavella\/wp-json\/wp\/v2\/comments?post=339"}],"version-history":[{"count":4,"href":"https:\/\/agora.xtec.cat\/sescaldesdemalavella\/wp-json\/wp\/v2\/pages\/339\/revisions"}],"predecessor-version":[{"id":6115,"href":"https:\/\/agora.xtec.cat\/sescaldesdemalavella\/wp-json\/wp\/v2\/pages\/339\/revisions\/6115"}],"wp:attachment":[{"href":"https:\/\/agora.xtec.cat\/sescaldesdemalavella\/wp-json\/wp\/v2\/media?parent=339"}],"curies":[{"name":"wp","href":"https:\/\/api.w.org\/{rel}","templated":true}]}}