{"id":1954,"date":"2018-02-02T14:15:11","date_gmt":"2018-02-02T13:15:11","guid":{"rendered":"http:\/\/agora.xtec.cat\/sescaldesdemalavella\/?page_id=1954"},"modified":"2025-11-01T23:30:02","modified_gmt":"2025-11-01T22:30:02","slug":"criteris-davaluacio","status":"publish","type":"page","link":"https:\/\/agora.xtec.cat\/sescaldesdemalavella\/estudis\/criteris-davaluacio\/","title":{"rendered":"Criteris d&#8217;avaluaci\u00f3"},"content":{"rendered":"\n<figure class=\"wp-block-table is-style-stripes has-small-font-size\" style=\"margin-top:0;margin-bottom:0;padding-top:0;padding-right:0;padding-bottom:0;padding-left:0\"><table class=\"has-ast-global-color-1-color has-ast-global-color-2-background-color has-text-color has-background has-link-color has-fixed-layout\" style=\"border-style:none;border-width:0px\"><tbody><tr><td class=\"has-text-align-left\" data-align=\"left\" colspan=\"4\">\n<h4>Departament de Ci\u00e8ncies<\/h4>\n<\/td><\/tr><tr><td class=\"has-text-align-left\" data-align=\"left\">&nbsp;<\/td><td>\n<h4><a href=\"https:\/\/drive.google.com\/file\/d\/1Zrk4csCjujcpFyyHOnO39jrLeWdNsMJ2\/preview\" target=\"_blank\" rel=\"noopener\">Biologia i geologia 1ESO<\/a><\/h4>\n<\/td><td>\n<h4><a href=\"https:\/\/drive.google.com\/file\/d\/11NxQtC6UHncDKBLObjQ1AZInll8ZKE3n\/preview\" target=\"_blank\" rel=\"noopener\">Biologia i geologia 3ESO<\/a><\/h4>\n<\/td><td>\n<h4><a href=\"https:\/\/drive.google.com\/file\/d\/19epqdlKSehWxONFDDAxWaYOMBguKnJ8_\/preview\" target=\"_blank\" rel=\"noopener\">Biologia i geologia 4ESO<\/a><\/h4>\n<\/td><\/tr><tr><td class=\"has-text-align-left\" data-align=\"left\">&nbsp;<\/td><td>\n<h4><a href=\"https:\/\/drive.google.com\/file\/d\/1UEDIVRs3Y8PRZet_R5CfTsF4gk9f0zmA\/preview\" target=\"_blank\" rel=\"noopener\">F\u00edsica i qu\u00edmica 2ESO<\/a><\/h4>\n<\/td><td>\n<h4><a href=\"https:\/\/drive.google.com\/file\/d\/1tzxt_vj1821-1VZycFeJAQr-lfmGBRl2\/preview\" target=\"_blank\" rel=\"noopener\">F\u00edsica i qu\u00edmica 3ESO<\/a><\/h4>\n<\/td><td>\n<h4><a href=\"https:\/\/drive.google.com\/file\/d\/1WwnxLL5wR2nf7KYt8kP_5qWbC52l8IM1\/preview\" target=\"_blank\" rel=\"noopener\">F\u00edsica i qu\u00edmica 4ESO<\/a><\/h4>\n<\/td><\/tr><tr><td class=\"has-text-align-left\" data-align=\"left\" colspan=\"4\">\n<h4>Departament de Lleng\u00fces<\/h4>\n<\/td><\/tr><tr><td class=\"has-text-align-left\" data-align=\"left\">&nbsp;<\/td><td>\n<h4><a href=\"https:\/\/drive.google.com\/file\/d\/12ofIC7H2-Siuhz91n1qpHM_UGPjJ9B1H\/preview\" target=\"_blank\" rel=\"noopener\">Llengua catalana<\/a><\/h4>\n<\/td><td>\n<h4><a href=\"https:\/\/drive.google.com\/file\/d\/11Biol7BfwoU-klD3NmoY8mfq36EpnVcg\/preview\" target=\"_blank\" rel=\"noopener\">Comunica<\/a><\/h4>\n<\/td><td>\n<h4><a href=\"https:\/\/drive.google.com\/file\/d\/12MaEWYL86riK5KHC4lOvnBuIdNGQdtuf\/preview\" target=\"_blank\" rel=\"noopener\">Podcast<\/a><\/h4>\n<\/td><\/tr><tr><td class=\"has-text-align-left\" data-align=\"left\">&nbsp;<\/td><td>\n<h4><a href=\"https:\/\/drive.google.com\/file\/d\/12ofIC7H2-Siuhz91n1qpHM_UGPjJ9B1H\/preview\" target=\"_blank\" rel=\"noopener\">Llengua castellana<\/a><\/h4>\n<\/td><td>\n<h4><a href=\"https:\/\/drive.google.com\/file\/d\/11Biol7BfwoU-klD3NmoY8mfq36EpnVcg\/preview\" target=\"_blank\" rel=\"noopener\">Comunica<\/a><\/h4>\n<\/td><td>&nbsp;<\/td><\/tr><tr><td class=\"has-text-align-left\" data-align=\"left\" colspan=\"4\">\n<h4>Departament de Lleng\u00fces estrangeres<\/h4>\n<\/td><\/tr><tr><td class=\"has-text-align-left\" data-align=\"left\">&nbsp;<\/td><td>\n<h4><a href=\"https:\/\/drive.google.com\/file\/d\/1LE8h9q0kCf9X7PhsZhhCyfqBhFmirkAi\/preview\" target=\"_blank\" rel=\"noopener\">Angl\u00e8s<\/a><\/h4>\n<\/td><td>&nbsp;<\/td><td>&nbsp;<\/td><\/tr><tr><td class=\"has-text-align-left\" data-align=\"left\">&nbsp;<\/td><td>\n<h4><a href=\"https:\/\/drive.google.com\/file\/d\/1yMiiDYUCLyKWpPrFYgtMiUMLBZjZOCjj\/preview\">Franc\u00e8s<\/a><\/h4>\n<\/td><td>&nbsp;<\/td><td>&nbsp;<\/td><\/tr><tr><td class=\"has-text-align-left\" data-align=\"left\" colspan=\"4\">\n<h4>Departament de Matem\u00e0tiques<\/h4>\n<\/td><\/tr><tr><td class=\"has-text-align-left\" data-align=\"left\">&nbsp;<\/td><td>\n<h4><a href=\"https:\/\/drive.google.com\/file\/d\/1dhpOUjE3MMEpjZUaNKLSURXJsa5CuQ0M\/preview\" target=\"_blank\" rel=\"noopener\">Matem\u00e0tiques<\/a><\/h4>\n<\/td><td>\n<h4><a href=\"https:\/\/drive.google.com\/file\/d\/1uSWf-UHJKMrEfQgp788kDrd8fHEpCXCp\/preview\" target=\"_blank\" rel=\"noopener\">Estad\u00edstica<\/a><\/h4>\n<\/td><td>\n<h4><a href=\"https:\/\/drive.google.com\/file\/d\/1xqyO0xVXokGEDHEbBs4OPNWnOOyUPECB\/preview\" target=\"_blank\" rel=\"noopener\">Geometria<\/a><\/h4>\n<\/td><\/tr><tr><td class=\"has-text-align-left\" data-align=\"left\" colspan=\"4\">\n<h4>Departament de Socials<\/h4>\n<\/td><\/tr><tr><td class=\"has-text-align-left\" data-align=\"left\">&nbsp;<\/td><td>\n<h4><a href=\"https:\/\/drive.google.com\/file\/d\/13qRRRfZVpHqb_lb-X2eTno64qk4SLh9d\/preview\" target=\"_blank\" rel=\"noopener\">Socials<\/a><\/h4>\n<\/td><td>\n<h4><a href=\"https:\/\/drive.google.com\/file\/d\/15lWJpSpDOCibXHqFlx_hGIekV5It5ALZ\/preview\" target=\"_blank\" rel=\"noopener\">Cultura cl\u00e0ssica<\/a><\/h4>\n<\/td><td>\n<h4><a href=\"https:\/\/drive.google.com\/file\/d\/1S_TIIG-nDMk9xdmhg4ocU4OGZodzEhSO\/preview\" target=\"_blank\" rel=\"noopener\">Filosofia<\/a><\/h4>\n<\/td><\/tr><tr><td class=\"has-text-align-left\" data-align=\"left\">&nbsp;<\/td><td>\n<h4><a href=\"https:\/\/drive.google.com\/file\/d\/11PfuXfRPUooVpr0FDi1USSqCc4dJ3fgx\/preview\" target=\"_blank\" rel=\"noopener\">Hist\u00f2ria de les religions<\/a><\/h4>\n<\/td><td>\n<h4><a href=\"https:\/\/drive.google.com\/file\/d\/111Lfhr8EHq2AJATtuAOIAxTdHRxbKTRj\/preview\" target=\"_blank\" rel=\"noopener\">Cultura i valors \u00e8tics<\/a><\/h4>\n<\/td><td>&nbsp;<\/td><\/tr><tr><td class=\"has-text-align-left\" data-align=\"left\" colspan=\"4\">\n<h4>Departament de Tecnologia<\/h4>\n<\/td><\/tr><tr><td class=\"has-text-align-left\" data-align=\"left\">&nbsp;<\/td><td>\n<h4><a href=\"https:\/\/drive.google.com\/file\/d\/1ucBCmQMKl-3ldFkBXuiVlRsLdrIzgQKd\/preview\" target=\"_blank\" rel=\"noopener\">Tecnologia i diditalitzaci\u00f3<\/a><\/h4>\n<\/td><td>\n<h4><a href=\"https:\/\/drive.google.com\/file\/d\/16cfGfzNWyBtgS4ymmoUtEsiyHkE8ajpA\/preview\" target=\"_blank\" rel=\"noopener\">Digitalitzaci\u00f3 1ESO<\/a><\/h4>\n<\/td><td>\n<h4><a href=\"https:\/\/drive.google.com\/file\/d\/1GThxd3khD7OZh16xZe4KlprzhwPo-amA\/preview\" target=\"_blank\" rel=\"noopener\">Inform\u00e0tica de l&#8217;usuari 1ESO<\/a><\/h4>\n<\/td><\/tr><tr><td class=\"has-text-align-left\" data-align=\"left\">&nbsp;<\/td><td>\n<h4><a href=\"https:\/\/drive.google.com\/file\/d\/1OYt5r6SVf5nAuybIEHaDhHCBi927j-WI\/preview\" target=\"_blank\" rel=\"noopener\">Rob\u00f2tica 2ESO<\/a><\/h4>\n<\/td><td>\n<h4>&nbsp;<\/h4>\n<\/td><td>\n<h4>&nbsp;<\/h4>\n<\/td><\/tr><tr><td class=\"has-text-align-left\" data-align=\"left\">\n<h4>Departament d&#8217;Expressi\u00f3<\/h4>\n<\/td><td>\n<h4>&nbsp;<\/h4>\n<\/td><td>&nbsp;<\/td><td>&nbsp;<\/td><\/tr><tr><td class=\"has-text-align-left\" data-align=\"left\">&nbsp;<\/td><td>\n<h4><a href=\"https:\/\/drive.google.com\/file\/d\/1xhk5MiakjUGwDY7ZxBvbB50svOXAnV7K\/preview\" target=\"_blank\" rel=\"noopener\">Visual i pl\u00e0stica<\/a><\/h4>\n<\/td><td>&nbsp;<\/td><td>&nbsp;<\/td><\/tr><tr><td class=\"has-text-align-left\" data-align=\"left\">&nbsp;<\/td><td>\n<h4><a href=\"https:\/\/drive.google.com\/file\/d\/170qDA0IX_vPbkSYYn99JnA8i7qPPu2l0\/preview\" target=\"_blank\" rel=\"noopener\">Educaci\u00f3 f\u00edsica<\/a><\/h4>\n<\/td><td>&nbsp;<\/td><td>&nbsp;<\/td><\/tr><tr><td class=\"has-text-align-left\" data-align=\"left\">&nbsp;<\/td><td>\n<h4><a href=\"https:\/\/drive.google.com\/file\/d\/1tMRjWWjk3oAzV7Lb1YoBy1zr3o86UN48\/preview\" target=\"_blank\" rel=\"noopener\">M\u00fasica<\/a><\/h4>\n<\/td><td>&nbsp;<\/td><td>&nbsp;<\/td><\/tr><tr><td class=\"has-text-align-left\" data-align=\"left\">\n<h4>Departament d&#8217;Orientaci\u00f3<\/h4>\n<\/td><td>\n<h4>&nbsp;<\/h4>\n<\/td><td>&nbsp;<\/td><td>&nbsp;<\/td><\/tr><tr><td class=\"has-text-align-left\" data-align=\"left\">&nbsp;<\/td><td>\n<h4><a href=\"https:\/\/drive.google.com\/file\/d\/1C_pbrabVTLR7RCiiDo7bF92G74K--7bC\/preview\" target=\"_blank\" rel=\"noopener\">Projecte valors<\/a><\/h4>\n<\/td><td>&nbsp;<\/td><td>&nbsp;<\/td><\/tr><\/tbody><\/table><\/figure>\n","protected":false},"excerpt":{"rendered":"<p>Departament de Ci\u00e8ncies &nbsp; Biologia i geologia 1ESO Biologia i geologia 3ESO Biologia i geologia 4ESO &nbsp; F\u00edsica i qu\u00edmica 2ESO F\u00edsica i qu\u00edmica 3ESO F\u00edsica i qu\u00edmica 4ESO Departament de Lleng\u00fces &nbsp; Llengua catalana Comunica Podcast &nbsp; Llengua castellana Comunica &nbsp; Departament de Lleng\u00fces estrangeres &nbsp; Angl\u00e8s &nbsp; &nbsp; &nbsp; Franc\u00e8s &nbsp; &nbsp; Departament [&hellip;]<\/p>\n","protected":false},"author":1,"featured_media":0,"parent":195,"menu_order":6,"comment_status":"closed","ping_status":"closed","template":"","meta":{"_bbp_topic_count":0,"_bbp_reply_count":0,"_bbp_total_topic_count":0,"_bbp_total_reply_count":0,"_bbp_voice_count":0,"_bbp_anonymous_reply_count":0,"_bbp_topic_count_hidden":0,"_bbp_reply_count_hidden":0,"_bbp_forum_subforum_count":0,"site-sidebar-layout":"default","site-content-layout":"","ast-site-content-layout":"default","site-content-style":"default","site-sidebar-style":"default","ast-global-header-display":"","ast-banner-title-visibility":"","ast-main-header-display":"","ast-hfb-above-header-display":"","ast-hfb-below-header-display":"","ast-hfb-mobile-header-display":"","site-post-title":"","ast-breadcrumbs-content":"","ast-featured-img":"","footer-sml-layout":"","theme-transparent-header-meta":"","adv-header-id-meta":"","stick-header-meta":"","header-above-stick-meta":"","header-main-stick-meta":"","header-below-stick-meta":"","astra-migrate-meta-layouts":"set","ast-page-background-enabled":"default","ast-page-background-meta":{"desktop":{"background-color":"var(--ast-global-color-4)","background-image":"","background-repeat":"repeat","background-position":"center center","background-size":"auto","background-attachment":"scroll","background-type":"","background-media":"","overlay-type":"","overlay-color":"","overlay-opacity":"","overlay-gradient":""},"tablet":{"background-color":"","background-image":"","background-repeat":"repeat","background-position":"center center","background-size":"auto","background-attachment":"scroll","background-type":"","background-media":"","overlay-type":"","overlay-color":"","overlay-opacity":"","overlay-gradient":""},"mobile":{"background-color":"","background-image":"","background-repeat":"repeat","background-position":"center center","background-size":"auto","background-attachment":"scroll","background-type":"","background-media":"","overlay-type":"","overlay-color":"","overlay-opacity":"","overlay-gradient":""}},"ast-content-background-meta":{"desktop":{"background-color":"var(--ast-global-color-5)","background-image":"","background-repeat":"repeat","background-position":"center center","background-size":"auto","background-attachment":"scroll","background-type":"","background-media":"","overlay-type":"","overlay-color":"","overlay-opacity":"","overlay-gradient":""},"tablet":{"background-color":"var(--ast-global-color-5)","background-image":"","background-repeat":"repeat","background-position":"center center","background-size":"auto","background-attachment":"scroll","background-type":"","background-media":"","overlay-type":"","overlay-color":"","overlay-opacity":"","overlay-gradient":""},"mobile":{"background-color":"var(--ast-global-color-5)","background-image":"","background-repeat":"repeat","background-position":"center center","background-size":"auto","background-attachment":"scroll","background-type":"","background-media":"","overlay-type":"","overlay-color":"","overlay-opacity":"","overlay-gradient":""}},"footnotes":""},"class_list":["post-1954","page","type-page","status-publish","hentry"],"post_mailing_queue_ids":[],"_links":{"self":[{"href":"https:\/\/agora.xtec.cat\/sescaldesdemalavella\/wp-json\/wp\/v2\/pages\/1954","targetHints":{"allow":["GET"]}}],"collection":[{"href":"https:\/\/agora.xtec.cat\/sescaldesdemalavella\/wp-json\/wp\/v2\/pages"}],"about":[{"href":"https:\/\/agora.xtec.cat\/sescaldesdemalavella\/wp-json\/wp\/v2\/types\/page"}],"author":[{"embeddable":true,"href":"https:\/\/agora.xtec.cat\/sescaldesdemalavella\/wp-json\/wp\/v2\/users\/1"}],"replies":[{"embeddable":true,"href":"https:\/\/agora.xtec.cat\/sescaldesdemalavella\/wp-json\/wp\/v2\/comments?post=1954"}],"version-history":[{"count":6,"href":"https:\/\/agora.xtec.cat\/sescaldesdemalavella\/wp-json\/wp\/v2\/pages\/1954\/revisions"}],"predecessor-version":[{"id":5694,"href":"https:\/\/agora.xtec.cat\/sescaldesdemalavella\/wp-json\/wp\/v2\/pages\/1954\/revisions\/5694"}],"up":[{"embeddable":true,"href":"https:\/\/agora.xtec.cat\/sescaldesdemalavella\/wp-json\/wp\/v2\/pages\/195"}],"wp:attachment":[{"href":"https:\/\/agora.xtec.cat\/sescaldesdemalavella\/wp-json\/wp\/v2\/media?parent=1954"}],"curies":[{"name":"wp","href":"https:\/\/api.w.org\/{rel}","templated":true}]}}