{"id":9,"date":"2014-09-12T10:15:01","date_gmt":"2014-09-12T10:15:01","guid":{"rendered":"http:\/\/agora.xtec.cat\/ses-montsant\/?page_id=9"},"modified":"2019-11-21T12:25:11","modified_gmt":"2019-11-21T11:25:11","slug":"pagina-dinici-buida","status":"publish","type":"page","link":"https:\/\/agora.xtec.cat\/ses-montsant\/","title":{"rendered":"Inici"},"content":{"rendered":"<p>El curs 2019-2020 l&#8217;Escola Pi\u00f1ol i Aguad\u00e9 i l&#8217;Institut Montsant de Cornudella de Montsant ens hem unit per formar l&#8217;<strong>Instiut-Escola Montsant<\/strong> (Nom provisional).<\/p>\n<p>Per m\u00e9s informaci\u00f3 visiteu la nova adre\u00e7a:<\/p>\n<p><a href=\"https:\/\/agora.xtec.cat\/iemontsant\/\">https:\/\/agora.xtec.cat\/iemontsant\/<\/a><\/p>\n<p>Disculpeu les mol\u00e8sties<\/p>\n","protected":false},"excerpt":{"rendered":"<p>El curs 2019-2020 l&#8217;Escola Pi\u00f1ol i Aguad\u00e9 i l&#8217;Institut Montsant de Cornudella de Montsant ens hem unit per formar l&#8217;Instiut-Escola Montsant (Nom provisional).<br \/>\nPer m\u00e9s informaci\u00f3 visiteu la nova adre\u00e7a:<br \/>\n<a href=\"https:\/\/agora.xtec.cat\/iemontsant\/\">https:\/\/agora.xtec.cat\/iemontsant\/<\/a><br \/>\nDisculpeu les mol\u00e8sties<\/p>\n","protected":false},"author":1,"featured_media":0,"parent":7,"menu_order":0,"comment_status":"closed","ping_status":"closed","template":"page-templates\/front-page.php","meta":{"_bbp_topic_count":0,"_bbp_reply_count":0,"_bbp_total_topic_count":0,"_bbp_total_reply_count":0,"_bbp_voice_count":0,"_bbp_anonymous_reply_count":0,"_bbp_topic_count_hidden":0,"_bbp_reply_count_hidden":0,"_bbp_forum_subforum_count":0,"footnotes":""},"class_list":["post-9","page","type-page","status-publish","hentry"],"post_mailing_queue_ids":[],"_links":{"self":[{"href":"https:\/\/agora.xtec.cat\/ses-montsant\/wp-json\/wp\/v2\/pages\/9","targetHints":{"allow":["GET"]}}],"collection":[{"href":"https:\/\/agora.xtec.cat\/ses-montsant\/wp-json\/wp\/v2\/pages"}],"about":[{"href":"https:\/\/agora.xtec.cat\/ses-montsant\/wp-json\/wp\/v2\/types\/page"}],"author":[{"embeddable":true,"href":"https:\/\/agora.xtec.cat\/ses-montsant\/wp-json\/wp\/v2\/users\/1"}],"replies":[{"embeddable":true,"href":"https:\/\/agora.xtec.cat\/ses-montsant\/wp-json\/wp\/v2\/comments?post=9"}],"version-history":[{"count":3,"href":"https:\/\/agora.xtec.cat\/ses-montsant\/wp-json\/wp\/v2\/pages\/9\/revisions"}],"predecessor-version":[{"id":324,"href":"https:\/\/agora.xtec.cat\/ses-montsant\/wp-json\/wp\/v2\/pages\/9\/revisions\/324"}],"up":[{"embeddable":true,"href":"https:\/\/agora.xtec.cat\/ses-montsant\/wp-json\/wp\/v2\/pages\/7"}],"wp:attachment":[{"href":"https:\/\/agora.xtec.cat\/ses-montsant\/wp-json\/wp\/v2\/media?parent=9"}],"curies":[{"name":"wp","href":"https:\/\/api.w.org\/{rel}","templated":true}]}}