{"id":19,"date":"2014-09-17T14:56:56","date_gmt":"2014-09-17T14:56:56","guid":{"rendered":"http:\/\/agora.xtec.cat\/ses-montsant\/?page_id=19"},"modified":"2019-11-21T12:37:58","modified_gmt":"2019-11-21T11:37:58","slug":"linstitut","status":"publish","type":"page","link":"https:\/\/agora.xtec.cat\/ses-montsant\/linstitut\/","title":{"rendered":"&#8211;"},"content":{"rendered":"<p>El curs 2019-2020 l\u2019Escola Pi\u00f1ol i Aguad\u00e9 i l\u2019Institut Montsant de Cornudella de Montsant ens hem unit per formar l\u2019<strong>Instiut-Escola Montsant<\/strong>\u00a0(Nom provisional).<\/p>\n<p>Per m\u00e9s informaci\u00f3 visiteu la nova adre\u00e7a:<\/p>\n<p><a href=\"https:\/\/agora.xtec.cat\/iemontsant\/\">https:\/\/agora.xtec.cat\/iemontsant\/<\/a><\/p>\n<p>Disculpeu les mol\u00e8sties<\/p>\n","protected":false},"excerpt":{"rendered":"<p>El curs 2019-2020 l\u2019Escola Pi\u00f1ol i Aguad\u00e9 i l\u2019Institut Montsant de Cornudella de Montsant ens hem unit per formar l\u2019Instiut-Escola Montsant\u00a0(Nom provisional).<br \/>\nPer m\u00e9s informaci\u00f3 visiteu la nova adre\u00e7a:<br \/>\n<a href=\"https:\/\/agora.xtec.cat\/iemontsant\/\">https:\/\/agora.xtec.cat\/iemontsant\/<\/a><br \/>\nDisculpeu les mol\u00e8sties<\/p>\n","protected":false},"author":1,"featured_media":0,"parent":0,"menu_order":0,"comment_status":"closed","ping_status":"closed","template":"page-templates\/side-menu.php","meta":{"_bbp_topic_count":0,"_bbp_reply_count":0,"_bbp_total_topic_count":0,"_bbp_total_reply_count":0,"_bbp_voice_count":0,"_bbp_anonymous_reply_count":0,"_bbp_topic_count_hidden":0,"_bbp_reply_count_hidden":0,"_bbp_forum_subforum_count":0,"footnotes":""},"class_list":["post-19","page","type-page","status-publish","hentry"],"post_mailing_queue_ids":[],"_links":{"self":[{"href":"https:\/\/agora.xtec.cat\/ses-montsant\/wp-json\/wp\/v2\/pages\/19","targetHints":{"allow":["GET"]}}],"collection":[{"href":"https:\/\/agora.xtec.cat\/ses-montsant\/wp-json\/wp\/v2\/pages"}],"about":[{"href":"https:\/\/agora.xtec.cat\/ses-montsant\/wp-json\/wp\/v2\/types\/page"}],"author":[{"embeddable":true,"href":"https:\/\/agora.xtec.cat\/ses-montsant\/wp-json\/wp\/v2\/users\/1"}],"replies":[{"embeddable":true,"href":"https:\/\/agora.xtec.cat\/ses-montsant\/wp-json\/wp\/v2\/comments?post=19"}],"version-history":[{"count":3,"href":"https:\/\/agora.xtec.cat\/ses-montsant\/wp-json\/wp\/v2\/pages\/19\/revisions"}],"predecessor-version":[{"id":326,"href":"https:\/\/agora.xtec.cat\/ses-montsant\/wp-json\/wp\/v2\/pages\/19\/revisions\/326"}],"wp:attachment":[{"href":"https:\/\/agora.xtec.cat\/ses-montsant\/wp-json\/wp\/v2\/media?parent=19"}],"curies":[{"name":"wp","href":"https:\/\/api.w.org\/{rel}","templated":true}]}}