{"id":773,"date":"2018-03-05T14:30:53","date_gmt":"2018-03-05T13:30:53","guid":{"rendered":"http:\/\/agora.xtec.cat\/ses-elvern\/?page_id=773"},"modified":"2025-07-15T20:16:43","modified_gmt":"2025-07-15T18:16:43","slug":"oferta-formativa","status":"publish","type":"page","link":"https:\/\/agora.xtec.cat\/ses-elvern\/linstitut\/oferta-formativa\/","title":{"rendered":"Oferta formativa"},"content":{"rendered":"<p style=\"font-weight: 400; text-align: justify;\"><span style=\"color: #008000;\"><strong>NIVELLS EDUCATIUS<\/strong><\/span><\/p>\n<p style=\"font-weight: 400;\">Ensenyament Secundari Obligatori: 1r ESO, 2n ESO, 3r ESO i 4t ESO.<\/p>\n<p><img loading=\"lazy\" decoding=\"async\" class=\"wp-image-1320 alignnone\" src=\"https:\/\/agora.xtec.cat\/ses-elvern\/wp-content\/uploads\/usu1817\/2019\/04\/Storycubes2-300x225.jpg\" alt=\"\" width=\"267\" height=\"200\" srcset=\"https:\/\/agora.xtec.cat\/ses-elvern\/wp-content\/uploads\/usu1817\/2019\/04\/Storycubes2-300x225.jpg 300w, https:\/\/agora.xtec.cat\/ses-elvern\/wp-content\/uploads\/usu1817\/2019\/04\/Storycubes2-768x576.jpg 768w, https:\/\/agora.xtec.cat\/ses-elvern\/wp-content\/uploads\/usu1817\/2019\/04\/Storycubes2-1024x768.jpg 1024w, https:\/\/agora.xtec.cat\/ses-elvern\/wp-content\/uploads\/usu1817\/2019\/04\/Storycubes2-200x150.jpg 200w\" sizes=\"auto, (max-width: 267px) 100vw, 267px\" \/><img loading=\"lazy\" decoding=\"async\" class=\"size-medium wp-image-1323 alignnone\" src=\"https:\/\/agora.xtec.cat\/ses-elvern\/wp-content\/uploads\/usu1817\/2019\/04\/ciencia3-300x200.jpg\" alt=\"\" width=\"300\" height=\"200\" srcset=\"https:\/\/agora.xtec.cat\/ses-elvern\/wp-content\/uploads\/usu1817\/2019\/04\/ciencia3-300x200.jpg 300w, https:\/\/agora.xtec.cat\/ses-elvern\/wp-content\/uploads\/usu1817\/2019\/04\/ciencia3-768x512.jpg 768w, https:\/\/agora.xtec.cat\/ses-elvern\/wp-content\/uploads\/usu1817\/2019\/04\/ciencia3-1024x683.jpg 1024w\" sizes=\"auto, (max-width: 300px) 100vw, 300px\" \/> <img loading=\"lazy\" decoding=\"async\" class=\" wp-image-1324 alignnone\" src=\"https:\/\/agora.xtec.cat\/ses-elvern\/wp-content\/uploads\/usu1817\/2019\/04\/rap4-300x200.jpg\" alt=\"\" width=\"297\" height=\"198\" srcset=\"https:\/\/agora.xtec.cat\/ses-elvern\/wp-content\/uploads\/usu1817\/2019\/04\/rap4-300x200.jpg 300w, https:\/\/agora.xtec.cat\/ses-elvern\/wp-content\/uploads\/usu1817\/2019\/04\/rap4-768x512.jpg 768w, https:\/\/agora.xtec.cat\/ses-elvern\/wp-content\/uploads\/usu1817\/2019\/04\/rap4-1024x683.jpg 1024w\" sizes=\"auto, (max-width: 297px) 100vw, 297px\" \/><\/p>\n<p style=\"font-weight: 400;\"><span style=\"color: #008000;\"><strong><span style=\"font-family: inherit; font-size: 1em;\">ATENCI\u00d3 A LA DIVERSITAT<\/span><\/strong><\/span><\/p>\n<ul style=\"font-weight: 400;\">\n<li style=\"text-align: justify;\">Tractament de la diversitat: agrupaments flexibles, atenci\u00f3 individualitzada. Aula d&#8217;aprenentatges aplicats a partir de 3r d\u2019ESO amb pr\u00e0ctiques a les empreses i entitats locals.<\/li>\n<\/ul>\n<ul style=\"font-weight: 400;\">\n<li>Mat\u00e8ries optatives de refor\u00e7 i ampliaci\u00f3.<\/li>\n<\/ul>\n<ul style=\"font-weight: 400;\">\n<li>Tutories personalitzades. Cada alumne t\u00e9 un tutor personal<\/li>\n<li>Servei d\u2019orientaci\u00f3 i de psicopedagogia. S\u2019orienta l\u2019alumne personalment, acad\u00e8micament i professionalment.<\/li>\n<li>Potenciaci\u00f3 del talent. Acompanyem als alumnes, facilitant el descobriment de les habilitats i els talents de cadascun i potenciant les seves capacitats.<\/li>\n<li>Aula d&#8217;aprenentatges aplicats a 3r i 4t de l&#8217;ESO.<\/li>\n<\/ul>\n<p><strong><span style=\"color: #008000;\">PROGRAMES D&#8217;INNOVACI\u00d3 EDUCATIVA<\/span><\/strong><\/p>\n<ul style=\"font-weight: 400;\">\n<li>STEAM en \u00e0rees de coneixement cient\u00edfic, matem\u00e0tic i tecnol\u00f2gic.<\/li>\n<li>AVANCEM en el tractament integral de lleng\u00fces.<\/li>\n<\/ul>\n<p style=\"font-weight: 400;\"><strong><span style=\"color: #008000;\">PROJECTES DE TREBALL I SERVEIS<\/span><\/strong><\/p>\n<ul style=\"font-weight: 400;\">\n<li>Tractament pluriling\u00fce a diferents assignatures. Introducci\u00f3 progressiva de l&#8217;Angl\u00e8s\u00a0 en els continguts de mat\u00e8ries no ling\u00fc\u00edstiques. Introducci\u00f3 del Franc\u00e8s com a segona llengua estrangera a partir de 1r d\u2019ESO.<\/li>\n<li>Educaci\u00f3 emocional. Pretenem desenvolupar compet\u00e8ncies emocionals en els alumnes: consciencia emocional, regulaci\u00f3 emocional, autogesti\u00f3, intel\u00b7lig\u00e8ncia interpersonal, habilitats de vida i benestar.<\/li>\n<li>Educaci\u00f3 en valors, sensibilitzaci\u00f3 en temes de sostenibilitat i alineats amb els Objectius de Desenvolupament sostenible (ODS)<\/li>\n<li>Servei de Mediaci\u00f3 Escolar. Entendre la resoluci\u00f3 de conflictes com un aprenentatge.<\/li>\n<\/ul>\n<ul style=\"font-weight: 400;\">\n<li>Projecte de lectura com a eina b\u00e0sica d\u2019aprenentatge. Visita d\u2019autors\/es al centre. \u00a0\u00a0\u00a0Participaci\u00f3 en el Projecte Lli\u00e7\u00e0 de Vall municipi lector .<\/li>\n<li>Aplicaci\u00f3 de la tecnologia digital per a l\u2019aprenentatge.<\/li>\n<\/ul>\n<ul style=\"font-weight: 400;\">\n<li>Activitats extraordin\u00e0ries per Nadal, Jornada de la Ci\u00e8ncia i Sant Jordi.<\/li>\n<li>\u00a0Amplia oferta de sortides, tallers i xerrades relacionats amb el curr\u00edculum.<\/li>\n<\/ul>\n<ul style=\"font-weight: 400;\">\n<li>Viatges i estades ling\u00fc\u00edstiques. Esquiada a 1r d\u2019ESO i viatge a Londres a quart d\u2019ESO.<\/li>\n<\/ul>\n<ul style=\"font-weight: 400;\">\n<li>Impuls a la recerca i l\u2019emprenedoria. Participaci\u00f3 en concursos de recerca i emprenedoria<\/li>\n<\/ul>\n<ul style=\"font-weight: 400;\">\n<li>Participaci\u00f3 en concursos de matem\u00e0tiques: Proves cangur<\/li>\n<li>Programa \u00a0de salut i escola.<\/li>\n<\/ul>\n<ul style=\"font-weight: 400;\">\n<li>Punt jove d\u2019informaci\u00f3 (PICDES). Treball coordinat amb el Casal de Joves el Kaliu.<\/li>\n<\/ul>\n<ul style=\"font-weight: 400;\">\n<li>Coordinaci\u00f3 amb el Programa de Prevenci\u00f3 de Drogues de la Vall del Tenes (PPD).<\/li>\n<li>Projecte Vincles d\u2019aprenentatge i servei. Proposta educativa que combina processos d&#8217;aprenentatge i de servei a la comunitat<\/li>\n<\/ul>\n<p>Trobareu m\u00e9s informaci\u00f3 dels projectes dins aquesta web a la p\u00e0gina d&#8217;inici dins de l&#8217;apartat\u00a0<span style=\"color: #0000ff;\"><a style=\"color: #0000ff;\" href=\"http:\/\/agora.xtec.cat\/ses-elvern\/projectes-del-centre\/\" target=\"_blank\" rel=\"noopener noreferrer\">projectes del centre.<\/a><\/span><\/p>\n<p><a href=\"http:\/\/agora.xtec.cat\/ses-elvern\/linstitut\/\">\u21b5TORNA<\/a><\/p>\n","protected":false},"excerpt":{"rendered":"<p>NIVELLS EDUCATIUS Ensenyament Secundari Obligatori: 1r ESO, 2n ESO, 3r ESO i 4t ESO. ATENCI\u00d3 A LA DIVERSITAT Tractament de la diversitat: agrupaments flexibles, atenci\u00f3 individualitzada. Aula d&#8217;aprenentatges aplicats a partir de 3r d\u2019ESO amb pr\u00e0ctiques a les empreses i entitats locals. Mat\u00e8ries optatives de refor\u00e7 i ampliaci\u00f3. Tutories personalitzades. Cada alumne t\u00e9 un tutor [&hellip;]<\/p>\n","protected":false},"author":1,"featured_media":0,"parent":19,"menu_order":1,"comment_status":"closed","ping_status":"closed","template":"","meta":{"_bbp_topic_count":0,"_bbp_reply_count":0,"_bbp_total_topic_count":0,"_bbp_total_reply_count":0,"_bbp_voice_count":0,"_bbp_anonymous_reply_count":0,"_bbp_topic_count_hidden":0,"_bbp_reply_count_hidden":0,"_bbp_forum_subforum_count":0,"site-sidebar-layout":"default","site-content-layout":"","ast-site-content-layout":"default","site-content-style":"default","site-sidebar-style":"default","ast-global-header-display":"","ast-banner-title-visibility":"","ast-main-header-display":"","ast-hfb-above-header-display":"","ast-hfb-below-header-display":"","ast-hfb-mobile-header-display":"","site-post-title":"","ast-breadcrumbs-content":"","ast-featured-img":"","footer-sml-layout":"","theme-transparent-header-meta":"","adv-header-id-meta":"","stick-header-meta":"","header-above-stick-meta":"","header-main-stick-meta":"","header-below-stick-meta":"","astra-migrate-meta-layouts":"set","ast-page-background-enabled":"default","ast-page-background-meta":{"desktop":{"background-color":"var(--ast-global-color-4)","background-image":"","background-repeat":"repeat","background-position":"center center","background-size":"auto","background-attachment":"scroll","background-type":"","background-media":"","overlay-type":"","overlay-color":"","overlay-opacity":"","overlay-gradient":""},"tablet":{"background-color":"","background-image":"","background-repeat":"repeat","background-position":"center center","background-size":"auto","background-attachment":"scroll","background-type":"","background-media":"","overlay-type":"","overlay-color":"","overlay-opacity":"","overlay-gradient":""},"mobile":{"background-color":"","background-image":"","background-repeat":"repeat","background-position":"center center","background-size":"auto","background-attachment":"scroll","background-type":"","background-media":"","overlay-type":"","overlay-color":"","overlay-opacity":"","overlay-gradient":""}},"ast-content-background-meta":{"desktop":{"background-color":"var(--ast-global-color-5)","background-image":"","background-repeat":"repeat","background-position":"center center","background-size":"auto","background-attachment":"scroll","background-type":"","background-media":"","overlay-type":"","overlay-color":"","overlay-opacity":"","overlay-gradient":""},"tablet":{"background-color":"var(--ast-global-color-5)","background-image":"","background-repeat":"repeat","background-position":"center center","background-size":"auto","background-attachment":"scroll","background-type":"","background-media":"","overlay-type":"","overlay-color":"","overlay-opacity":"","overlay-gradient":""},"mobile":{"background-color":"var(--ast-global-color-5)","background-image":"","background-repeat":"repeat","background-position":"center center","background-size":"auto","background-attachment":"scroll","background-type":"","background-media":"","overlay-type":"","overlay-color":"","overlay-opacity":"","overlay-gradient":""}},"footnotes":""},"class_list":["post-773","page","type-page","status-publish","hentry"],"post_mailing_queue_ids":[],"_links":{"self":[{"href":"https:\/\/agora.xtec.cat\/ses-elvern\/wp-json\/wp\/v2\/pages\/773","targetHints":{"allow":["GET"]}}],"collection":[{"href":"https:\/\/agora.xtec.cat\/ses-elvern\/wp-json\/wp\/v2\/pages"}],"about":[{"href":"https:\/\/agora.xtec.cat\/ses-elvern\/wp-json\/wp\/v2\/types\/page"}],"author":[{"embeddable":true,"href":"https:\/\/agora.xtec.cat\/ses-elvern\/wp-json\/wp\/v2\/users\/1"}],"replies":[{"embeddable":true,"href":"https:\/\/agora.xtec.cat\/ses-elvern\/wp-json\/wp\/v2\/comments?post=773"}],"version-history":[{"count":4,"href":"https:\/\/agora.xtec.cat\/ses-elvern\/wp-json\/wp\/v2\/pages\/773\/revisions"}],"predecessor-version":[{"id":10179,"href":"https:\/\/agora.xtec.cat\/ses-elvern\/wp-json\/wp\/v2\/pages\/773\/revisions\/10179"}],"up":[{"embeddable":true,"href":"https:\/\/agora.xtec.cat\/ses-elvern\/wp-json\/wp\/v2\/pages\/19"}],"wp:attachment":[{"href":"https:\/\/agora.xtec.cat\/ses-elvern\/wp-json\/wp\/v2\/media?parent=773"}],"curies":[{"name":"wp","href":"https:\/\/api.w.org\/{rel}","templated":true}]}}