{"id":747,"date":"2018-03-05T13:04:32","date_gmt":"2018-03-05T12:04:32","guid":{"rendered":"http:\/\/agora.xtec.cat\/ses-elvern\/?page_id=747"},"modified":"2025-11-06T14:26:23","modified_gmt":"2025-11-06T13:26:23","slug":"ampa","status":"publish","type":"page","link":"https:\/\/agora.xtec.cat\/ses-elvern\/serveis\/ampa\/","title":{"rendered":"AFA"},"content":{"rendered":"<p style=\"text-align: left;\" align=\"center\"><strong><span style=\"color: #e83131;\">Qui som?<\/span><\/strong><\/p>\n<p style=\"text-align: left;\" align=\"center\">L\u2019AFA \u00e9s l\u2019associaci\u00f3 de fam\u00edlies d\u2019alumnes del centre.<\/p>\n<p><span style=\"color: #339966;\"><strong>Objectius:<\/strong><\/span><\/p>\n<p>a) Donar suport i assist\u00e8ncia als membres de l&#8217;associaci\u00f3 i, en general, als pares i els tutors, els professors i els alumnes del centre i els seus \u00f2rgans de govern i de participaci\u00f3, en tot all\u00f2 que fa refer\u00e8ncia a l&#8217;educaci\u00f3 dels seus fills i, en general, de tots els alumnes matriculats al centre.<\/p>\n<p>b) Promoure la representaci\u00f3 i la participaci\u00f3 dels pares dels alumnes en els consells escolars del centre.<\/p>\n<p>c) Col\u00b7laborar amb el centre portant el sistema de comptabilitat, cobrament i pagament del material dels alumnes, aix\u00ed com el de les sortides curriculars del curs. Tant mateix coordina les comptes referents a alumnes i les seves activitats per fer viatges de final de cicle.<\/p>\n<p>d) Facilitar la col\u00b7laboraci\u00f3 del centre en els \u00e0mbits social, cultural, econ\u00f2mic i laboral de l&#8217;entorn.<\/p>\n<p>e) Organitzar i coordinar les activitats extraescolars<\/p>\n<p>f) Col\u00b7laborar en les activitats educatives del centre i cooperar amb el Consell Escolar en l&#8217;elaboraci\u00f3 de directrius per a la programaci\u00f3 d&#8217;activitats complement\u00e0ries, extraescolars o de serveis.<\/p>\n<p style=\"text-align: left;\" align=\"center\"><span style=\"color: #339966;\"><strong>Composici\u00f3 actual de la Junta:<\/strong><\/span><\/p>\n<p><strong>Presidenta<\/strong>: Nicoleta Lupu<\/p>\n<p><strong>Secret\u00e0ria:<\/strong> Monica Alonso Valc\u00e1rcel<\/p>\n<p><strong>Tresorera:<\/strong> Rut Latorre Garc\u00eda<\/p>\n<p><strong>Vocal:<\/strong> Paolo Giovanni Adamo<\/p>\n<p style=\"text-align: left;\" align=\"center\"><span style=\"color: #339966;\"><strong>Contacte:\u00a0<\/strong><\/span>Servei de b\u00fastia f\u00edsica a la recepci\u00f3 del centre o per Internet a\u00a0<a href=\"mailto:afa@institutelvern.cat\" target=\"_blank\" rel=\"noopener\">afa@institutelvern.cat<\/a><\/p>\n","protected":false},"excerpt":{"rendered":"<p>Qui som? L\u2019AFA \u00e9s l\u2019associaci\u00f3 de fam\u00edlies d\u2019alumnes del centre. Objectius: a) Donar suport i assist\u00e8ncia als membres de l&#8217;associaci\u00f3 i, en general, als pares i els tutors, els professors i els alumnes del centre i els seus \u00f2rgans de govern i de participaci\u00f3, en tot all\u00f2 que fa refer\u00e8ncia a l&#8217;educaci\u00f3 dels seus fills [&hellip;]<\/p>\n","protected":false},"author":1,"featured_media":0,"parent":63,"menu_order":0,"comment_status":"closed","ping_status":"closed","template":"","meta":{"_bbp_topic_count":0,"_bbp_reply_count":0,"_bbp_total_topic_count":0,"_bbp_total_reply_count":0,"_bbp_voice_count":0,"_bbp_anonymous_reply_count":0,"_bbp_topic_count_hidden":0,"_bbp_reply_count_hidden":0,"_bbp_forum_subforum_count":0,"site-sidebar-layout":"default","site-content-layout":"","ast-site-content-layout":"default","site-content-style":"default","site-sidebar-style":"default","ast-global-header-display":"","ast-banner-title-visibility":"","ast-main-header-display":"","ast-hfb-above-header-display":"","ast-hfb-below-header-display":"","ast-hfb-mobile-header-display":"","site-post-title":"","ast-breadcrumbs-content":"","ast-featured-img":"","footer-sml-layout":"","theme-transparent-header-meta":"","adv-header-id-meta":"","stick-header-meta":"","header-above-stick-meta":"","header-main-stick-meta":"","header-below-stick-meta":"","astra-migrate-meta-layouts":"set","ast-page-background-enabled":"default","ast-page-background-meta":{"desktop":{"background-color":"var(--ast-global-color-4)","background-image":"","background-repeat":"repeat","background-position":"center center","background-size":"auto","background-attachment":"scroll","background-type":"","background-media":"","overlay-type":"","overlay-color":"","overlay-opacity":"","overlay-gradient":""},"tablet":{"background-color":"","background-image":"","background-repeat":"repeat","background-position":"center center","background-size":"auto","background-attachment":"scroll","background-type":"","background-media":"","overlay-type":"","overlay-color":"","overlay-opacity":"","overlay-gradient":""},"mobile":{"background-color":"","background-image":"","background-repeat":"repeat","background-position":"center center","background-size":"auto","background-attachment":"scroll","background-type":"","background-media":"","overlay-type":"","overlay-color":"","overlay-opacity":"","overlay-gradient":""}},"ast-content-background-meta":{"desktop":{"background-color":"var(--ast-global-color-5)","background-image":"","background-repeat":"repeat","background-position":"center center","background-size":"auto","background-attachment":"scroll","background-type":"","background-media":"","overlay-type":"","overlay-color":"","overlay-opacity":"","overlay-gradient":""},"tablet":{"background-color":"var(--ast-global-color-5)","background-image":"","background-repeat":"repeat","background-position":"center center","background-size":"auto","background-attachment":"scroll","background-type":"","background-media":"","overlay-type":"","overlay-color":"","overlay-opacity":"","overlay-gradient":""},"mobile":{"background-color":"var(--ast-global-color-5)","background-image":"","background-repeat":"repeat","background-position":"center center","background-size":"auto","background-attachment":"scroll","background-type":"","background-media":"","overlay-type":"","overlay-color":"","overlay-opacity":"","overlay-gradient":""}},"footnotes":""},"class_list":["post-747","page","type-page","status-publish","hentry"],"post_mailing_queue_ids":[],"_links":{"self":[{"href":"https:\/\/agora.xtec.cat\/ses-elvern\/wp-json\/wp\/v2\/pages\/747","targetHints":{"allow":["GET"]}}],"collection":[{"href":"https:\/\/agora.xtec.cat\/ses-elvern\/wp-json\/wp\/v2\/pages"}],"about":[{"href":"https:\/\/agora.xtec.cat\/ses-elvern\/wp-json\/wp\/v2\/types\/page"}],"author":[{"embeddable":true,"href":"https:\/\/agora.xtec.cat\/ses-elvern\/wp-json\/wp\/v2\/users\/1"}],"replies":[{"embeddable":true,"href":"https:\/\/agora.xtec.cat\/ses-elvern\/wp-json\/wp\/v2\/comments?post=747"}],"version-history":[{"count":5,"href":"https:\/\/agora.xtec.cat\/ses-elvern\/wp-json\/wp\/v2\/pages\/747\/revisions"}],"predecessor-version":[{"id":10616,"href":"https:\/\/agora.xtec.cat\/ses-elvern\/wp-json\/wp\/v2\/pages\/747\/revisions\/10616"}],"up":[{"embeddable":true,"href":"https:\/\/agora.xtec.cat\/ses-elvern\/wp-json\/wp\/v2\/pages\/63"}],"wp:attachment":[{"href":"https:\/\/agora.xtec.cat\/ses-elvern\/wp-json\/wp\/v2\/media?parent=747"}],"curies":[{"name":"wp","href":"https:\/\/api.w.org\/{rel}","templated":true}]}}